{"id":113498,"date":"2021-04-04T00:00:00","date_gmt":"2021-04-03T22:00:00","guid":{"rendered":"http:\/\/gpl-love.com\/fr\/produit\/apex-notification-bar-notification-bar-plugin-for-wordpress\/"},"modified":"2026-03-20T22:54:47","modified_gmt":"2026-03-20T21:54:47","slug":"apex-notification-bar-notification-bar-plugin-for-wordpress","status":"publish","type":"product","link":"https:\/\/gpl-love.com\/fr\/produit\/apex-notification-bar-notification-bar-plugin-for-wordpress\/","title":{"rendered":"Apex Notification Bar Notification Bar Plugin For WordPress 2.1.8"},"content":{"rendered":"<h3>Apex Notification Bar Notification Bar Plugin For WordPress Traits<\/h3>\n<p>Le plugin de barre de notification de la barre de notification Apex pour WordPress est un outil incroyablement puissant qui a \u00e9t\u00e9 sp\u00e9cialement con\u00e7u pour aider les propri\u00e9taires de sites Web dans la cr\u00e9ation et la personnalisation de barres de notification qui peuvent \u00eatre affich\u00e9es de mani\u00e8re transparente sur leur site WordPress. En utilisant ce plugin exceptionnel, les utilisateurs ont la possibilit\u00e9 d&rsquo;incorporer sans effort les barres de notification \u00e0 leur site, leur permettant ainsi de relayer efficacement les messages ou les mises \u00e0 jour cruciaux de leurs pr\u00e9cieux visiteurs. En outre, ce plugin facilite la possibilit\u00e9 d&rsquo;approuver et de pr\u00e9senter efficacement divers produits, services et offres exclusives. Pour amplifier davantage son utilitaire, le plugin offre une vaste gamme d&rsquo;options de personnalisation, dominant ainsi les utilisateurs de la libert\u00e9 de s\u00e9lectionner dans une gamme diversifi\u00e9e de styles de bar, de couleurs, de polices et d&rsquo;animations. De plus, les utilisateurs sont \u00e9galement autoris\u00e9s \u00e0 int\u00e9grer des logos, des images et des liens personnalis\u00e9s dans leurs barres de notification. B\u00e9n\u00e9ficiant d&rsquo;une interface utilisateur intuitive, le plugin est incroyablement convivial et peut \u00eatre rapidement install\u00e9 et activ\u00e9 en quelques clics simples, ce qui en fait la solution parfaite pour les personnes cherchant \u00e0 \u00e9lever l&rsquo;exp\u00e9rience utilisateur globale de leur site WordPress gr\u00e2ce \u00e0 l&rsquo;int\u00e9gration d&rsquo;un barre de notification.<\/p>\n<ul>\n<li>Installation et configuration faciles pour les sites Web WordPress<\/li>\n<li>Options de conception personnalisables, y compris la couleur, la police et le placement<\/li>\n<li>Capacit\u00e9 \u00e0 cr\u00e9er plusieurs barres de notification avec diff\u00e9rents messages ou promotions<\/li>\n<li>S&rsquo;int\u00e8gre aux services de marketing par e-mail populaires pour la g\u00e9n\u00e9ration de leads<\/li>\n<li>Conception r\u00e9active pour les appareils mobiles et de bureau<\/li>\n<li>Fonction de test A \/ B pour optimiser les taux d&rsquo;engagement et de clics<\/li>\n<li>Options de planification des notifications ou de d\u00e9finition des dates d&rsquo;expiration<\/li>\n<li>Compatibilit\u00e9 avec les th\u00e8mes et plugins WordPress populaires<\/li>\n<li>Suivi robuste et analyse pour mesurer les performances et le retour sur investissement<\/li>\n<li>Mises \u00e0 jour r\u00e9guli\u00e8res et support client fourni par l&rsquo;\u00e9quipe APEX<\/li>\n<\/ul>\n","protected":false},"excerpt":{"rendered":"<p>D\u00e9couvrez une solution de notification avanc\u00e9e et conviviale avec le plugin de barre de notification Apex pour WordPress. Ce plugin riche en fonctionnalit\u00e9s vous permet de cr\u00e9er, de personnaliser et de g\u00e9rer plusieurs barres de notification sans aucune connaissance de codage. La barre de notification Apex propose un tableau de conceptions et de mod\u00e8les pour am\u00e9liorer l&rsquo;attrait esth\u00e9tique de votre site Web tout en garantissant que vos messages se d\u00e9marquent. Que vous souhaitiez afficher des offres promotionnelles, des alertes ou des nouvelles importantes, vous pouvez facilement le faire avec ce plugin WordPress.<\/p>\n<p>Les fonctionnalit\u00e9s cl\u00e9s incluent un nombre illimit\u00e9 de barres de notification r\u00e9actives, de temporisation de compte \u00e0 rebours, de param\u00e8tres de date, d&rsquo;ic\u00f4nes sociales, etc. Le plugin est \u00e9galement compatible avec WPBakery Page Builder, garantissant une int\u00e9gration transparente pour une exp\u00e9rience utilisateur am\u00e9lior\u00e9e. La barre de notification Apex est un outil exceptionnel pour augmenter l&rsquo;engagement des visiteurs, am\u00e9liorer la communication et augmenter les performances de votre site Web. Donnez \u00e0 votre site Web l&rsquo;avantage dont il a besoin avec le plugin de barre de notification Apex pour WordPress.<\/p>\n","protected":false},"featured_media":143141,"comment_status":"open","ping_status":"open","template":"","meta":[],"product_brand":[2435],"product_cat":[1207,1181,1186],"product_tag":[1231],"class_list":{"0":"post-113498","1":"product","2":"type-product","3":"status-publish","4":"has-post-thumbnail","6":"product_brand-codecanyon","7":"product_cat-commercialisation-wordpress-plugins","8":"product_cat-plugins","9":"product_cat-wordpress-plugins","10":"product_tag-codecanyon","11":"member-discount","12":"discount-restricted","14":"first","15":"instock","16":"sale","17":"downloadable","18":"virtual","19":"sold-individually","20":"purchasable","21":"product-type-simple"},"_links":{"self":[{"href":"https:\/\/gpl-love.com\/fr\/wp-json\/wp\/v2\/product\/113498","targetHints":{"allow":["GET"]}}],"collection":[{"href":"https:\/\/gpl-love.com\/fr\/wp-json\/wp\/v2\/product"}],"about":[{"href":"https:\/\/gpl-love.com\/fr\/wp-json\/wp\/v2\/types\/product"}],"replies":[{"embeddable":true,"href":"https:\/\/gpl-love.com\/fr\/wp-json\/wp\/v2\/comments?post=113498"}],"wp:featuredmedia":[{"embeddable":true,"href":"https:\/\/gpl-love.com\/fr\/wp-json\/wp\/v2\/media\/143141"}],"wp:attachment":[{"href":"https:\/\/gpl-love.com\/fr\/wp-json\/wp\/v2\/media?parent=113498"}],"wp:term":[{"taxonomy":"product_brand","embeddable":true,"href":"https:\/\/gpl-love.com\/fr\/wp-json\/wp\/v2\/product_brand?post=113498"},{"taxonomy":"product_cat","embeddable":true,"href":"https:\/\/gpl-love.com\/fr\/wp-json\/wp\/v2\/product_cat?post=113498"},{"taxonomy":"product_tag","embeddable":true,"href":"https:\/\/gpl-love.com\/fr\/wp-json\/wp\/v2\/product_tag?post=113498"}],"curies":[{"name":"wp","href":"https:\/\/api.w.org\/{rel}","templated":true}]}}