{"id":113496,"date":"2022-02-17T00:00:00","date_gmt":"2022-02-16T23:00:00","guid":{"rendered":"http:\/\/gpl-love.com\/fr\/produit\/master-addons-for-elementor-pro\/"},"modified":"2026-03-20T23:23:49","modified_gmt":"2026-03-20T22:23:49","slug":"master-addons-for-elementor-pro","status":"publish","type":"product","link":"https:\/\/gpl-love.com\/fr\/produit\/master-addons-for-elementor-pro\/","title":{"rendered":"Master Addons pour Elementor Pro 1.7.4"},"content":{"rendered":"<h3>Master Addons pour Elementor Pro Traits<\/h3>\n<p>Master Addons for Elementor Pro est un plugin remarquablement puissant qui propose un large \u00e9ventail de widgets innovants et dynamiques pour votre g\u00e9n\u00e9rateur de page Elementor, augmentant ainsi consid\u00e9rablement la fonctionnalit\u00e9 et la conception de votre site Web. En incorporant des \u00e9l\u00e9ments avanc\u00e9s qui ne sont pas facilement disponibles dans Elementor \u00e0 lui seul, ce plugin vous permet de faire passer votre site Web au niveau sup\u00e9rieur. La vaste gamme de widgets \u00e0 votre disposition comprend des titres avanc\u00e9s, des comparaisons d&rsquo;images, des onglets de contenu, une typographie et de nombreuses autres, qui sont tous conviviaux et hautement personnalisables, vous permettant d&rsquo;adapter votre site Web pour r\u00e9pondre \u00e0 vos exigences sp\u00e9cifiques. Que vous vous lanciez dans la cr\u00e9ation d&rsquo;un tout nouveau site Web ou que vous vous efforcez d&rsquo;am\u00e9liorer un existant, Master Addons for Elementor Pro sert d&rsquo;outil inestimable qui vous permettra de cr\u00e9er un site Web visuellement \u00e9tonnant et poli professionnellement qui se distinguera sans effort de se distinguer sans effort de se distinguer sans effort de se distinguer sans effort de se distinguer sans effort de se distinguer sans effort la comp\u00e9tition.<\/p>\n<ul>\n<li>Master Addons for Elementor Pro est un ensemble puissant de widgets et de mod\u00e8les Elementor qui am\u00e9liorent les capacit\u00e9s de conception de votre site Web.<\/li>\n<li>Avec Master Addons, vous aurez acc\u00e8s \u00e0 plus de 70 widgets uniques, y compris des ic\u00f4nes avanc\u00e9es, du contenu dynamique, une optimisation d&rsquo;image et bien plus encore.<\/li>\n<li>Ces widgets vous permettent de cr\u00e9er des types de messages personnalis\u00e9s, des titres anim\u00e9s et des banni\u00e8res accrocheuses, le tout avec un contr\u00f4le plus facile \u00e0 l&rsquo;aide d&rsquo;Elementor Pro.<\/li>\n<li>La biblioth\u00e8que de mod\u00e8les offre des options de conception uniques et personnalisables pour votre portefeuille, votre vitrine de produits et votre boutique en ligne.<\/li>\n<li>Les options de conception \u00e9l\u00e9gantes et r\u00e9actives dans Master Addons sont garanties de fournir aux visiteurs de votre site Web une exp\u00e9rience utilisateur engageante sur n&rsquo;importe quel appareil.<\/li>\n<li>De plus, le plugin a une faible utilisation des ressources, vous n&rsquo;avez donc pas \u00e0 vous soucier de ralentir le temps de chargement de votre site Web.<\/li>\n<li>De plus, l&rsquo;interface conviviale du plugin et la documentation compl\u00e8te facilitent la cr\u00e9ation de sites Web beaux et fonctionnels.<\/li>\n<\/ul>\n","protected":false},"excerpt":{"rendered":"<p>Master Addons for Elementor Pro fournit une solution compl\u00e8te et globale pour les utilisateurs d&rsquo;Elementor qui aspirent \u00e0 concevoir sans effort des pages Web sophistiqu\u00e9es et imaginatives en quelques minutes. Cet outil remarquablement puissant poss\u00e8de un tableau de widgets et d&rsquo;extensions distinctifs qui ont la capacit\u00e9 d&rsquo;augmenter et d&rsquo;amplifier les fonctionnalit\u00e9s de votre \u00e9diteur Elementor Pro. Avec ses options de style tr\u00e8s avanc\u00e9es et ses commandes de personnalisation finement r\u00e9gl\u00e9es, les possibilit\u00e9s de cr\u00e9er des conceptions impressionnantes sont infinies. De plus, l&rsquo;inclusion d&rsquo;animations et d&rsquo;effets de transition permet une exp\u00e9rience utilisateur visuellement captivante et dynamique, tout en optimisant simultan\u00e9ment vos pages Web pour des performances optimales. Que vous poss\u00e9diez une compr\u00e9hension rudimentaire ou que vous poss\u00e9diez une ma\u00eetrise avanc\u00e9e dans le domaine de la conception Web, Master Addons \u00e9l\u00e8ve et am\u00e9liore votre exp\u00e9rience Elementor \u00e0 des hauteurs sans pr\u00e9c\u00e9dent.<\/p>\n","protected":false},"featured_media":144463,"comment_status":"open","ping_status":"open","template":"","meta":[],"product_brand":[2588],"product_cat":[1189,1181,1186],"product_tag":[1882],"class_list":{"0":"post-113496","1":"product","2":"type-product","3":"status-publish","4":"has-post-thumbnail","6":"product_brand-master-addons","7":"product_cat-personnalisation","8":"product_cat-plugins","9":"product_cat-wordpress-plugins","10":"product_tag-master-addons","11":"member-discount","12":"discount-restricted","14":"first","15":"instock","16":"sale","17":"downloadable","18":"virtual","19":"sold-individually","20":"purchasable","21":"product-type-simple"},"_links":{"self":[{"href":"https:\/\/gpl-love.com\/fr\/wp-json\/wp\/v2\/product\/113496","targetHints":{"allow":["GET"]}}],"collection":[{"href":"https:\/\/gpl-love.com\/fr\/wp-json\/wp\/v2\/product"}],"about":[{"href":"https:\/\/gpl-love.com\/fr\/wp-json\/wp\/v2\/types\/product"}],"replies":[{"embeddable":true,"href":"https:\/\/gpl-love.com\/fr\/wp-json\/wp\/v2\/comments?post=113496"}],"wp:featuredmedia":[{"embeddable":true,"href":"https:\/\/gpl-love.com\/fr\/wp-json\/wp\/v2\/media\/144463"}],"wp:attachment":[{"href":"https:\/\/gpl-love.com\/fr\/wp-json\/wp\/v2\/media?parent=113496"}],"wp:term":[{"taxonomy":"product_brand","embeddable":true,"href":"https:\/\/gpl-love.com\/fr\/wp-json\/wp\/v2\/product_brand?post=113496"},{"taxonomy":"product_cat","embeddable":true,"href":"https:\/\/gpl-love.com\/fr\/wp-json\/wp\/v2\/product_cat?post=113496"},{"taxonomy":"product_tag","embeddable":true,"href":"https:\/\/gpl-love.com\/fr\/wp-json\/wp\/v2\/product_tag?post=113496"}],"curies":[{"name":"wp","href":"https:\/\/api.w.org\/{rel}","templated":true}]}}