{"id":113492,"date":"2024-11-05T00:00:00","date_gmt":"2024-11-04T23:00:00","guid":{"rendered":"http:\/\/gpl-love.com\/fr\/produit\/whmpress-whmcs-wordpress-plugin\/"},"modified":"2026-04-10T18:45:37","modified_gmt":"2026-04-10T16:45:37","slug":"whmpress-whmcs-wordpress-plugin","status":"publish","type":"product","link":"https:\/\/gpl-love.com\/fr\/produit\/whmpress-whmcs-wordpress-plugin\/","title":{"rendered":"WHMpress WHMCS WordPress Plugin 6.3"},"content":{"rendered":"<h3>WHMpress WHMCS WordPress Plugin Traits<\/h3>\n<p>Whmpress, un plugin WordPress tr\u00e8s robuste, s&rsquo;int\u00e8gre parfaitement \u00e0 WHMCS, une plate-forme de facturation et d&rsquo;automatisation largement reconnue utilis\u00e9e par les fournisseurs d&rsquo;h\u00e9bergement Web. En utilisant Whmpress, vous pouvez pr\u00e9senter sans effort vos plans d&rsquo;h\u00e9bergement, vos prix et vos options disponibles sur votre site WordPress, tout en g\u00e9rant simultan\u00e9ment les commandes et la facturation directement \u00e0 partir des WHMC. Ce plugin englobe un large \u00e9ventail de fonctionnalit\u00e9s de personnalisation, englobant la capacit\u00e9 de g\u00e9n\u00e9rer des formulaires de commande personnalis\u00e9s, de s\u00e9lectionner parmi de nombreuses tables de prix et de choisir parmi une vaste vari\u00e9t\u00e9 de mod\u00e8les pr\u00e9-con\u00e7us. Whmpress repr\u00e9sente incontestablement un outil indispensable pour tout fournisseur d&rsquo;h\u00e9bergement Web visant \u00e0 rationaliser son processus de facturation et \u00e0 \u00e9lever son exp\u00e9rience client \u00e0 des niveaux sans pr\u00e9c\u00e9dent.<\/p>\n<ul>\n<li>Int\u00e9gre le syst\u00e8me WHMCS avec votre site Web WordPress pour une gestion facile<\/li>\n<li>L&rsquo;int\u00e9gration compl\u00e8te permet la facturation et la gestion des clients transparentes<\/li>\n<li>Affichages de produits et de packages personnalisables pour s&rsquo;adapter \u00e0 votre marque<\/li>\n<li>Cr\u00e9ation et synchronisation automatis\u00e9es entre les WHMC et WordPress<\/li>\n<li>Prend en charge plusieurs devises et langues<\/li>\n<li>Enregistrement et gestion du domaine en temps r\u00e9el<\/li>\n<li>Provisioning et gestion des certificats SSL automatis\u00e9s<\/li>\n<li>Prend en charge plusieurs passerelles de paiement, y compris PayPal, Stripe et plus<\/li>\n<li>Aucun codage requis, facile \u00e0 installer et \u00e0 configurer<\/li>\n<li>Acc\u00e8s \u00e0 des rapports d\u00e9taill\u00e9s des clients et des comptes pour une meilleure compr\u00e9hension des performances de votre entreprise.<\/li>\n<\/ul>\n","protected":false},"excerpt":{"rendered":"<p>Whmpress, un plugin WordPress incroyablement robuste, s&rsquo;int\u00e8gre de mani\u00e8re transparente aux WHMC, pr\u00e9sentant un moyen sans effort de g\u00e9rer efficacement votre entreprise d&rsquo;h\u00e9bergement Web. Gr\u00e2ce \u00e0 l&rsquo;utilisation de Whmpress, vous avez la capacit\u00e9 de g\u00e9n\u00e9rer sans effort des plans professionnels et esth\u00e9tiquement agr\u00e9ables, pr\u00e9sentent efficacement vos services sur votre site Web et d&rsquo;accepter directement les commandes et les paiements de votre pr\u00e9cieux client\u00e8le. Ce plugin exceptionnel fournit une gamme de fonctionnalit\u00e9s avanc\u00e9es telles que des tables de tarification personnalisables, une synchronisation automatique avec WHMC et une int\u00e9gration sans effort avec des th\u00e8mes d&rsquo;h\u00e9bergement Web renomm\u00e9s. De plus, son installation et son utilisation sont remarquablement simples, ce qui en fait une option exceptionnelle pour les entreprises d&rsquo;h\u00e9bergement Web de toutes les amplitudes. Prenez l&rsquo;initiative d&rsquo;explorer les capacit\u00e9s remarquables de Whmpress aujourd&rsquo;hui et assister \u00e0 l&rsquo;optimisation in\u00e9gal\u00e9e qu&rsquo;il peut apporter \u00e0 vos op\u00e9rations d&rsquo;h\u00e9bergement Web!<\/p>\n","protected":false},"featured_media":145763,"comment_status":"open","ping_status":"open","template":"","meta":[],"product_brand":[2435],"product_cat":[1187,1181,1186],"product_tag":[1231],"class_list":{"0":"post-113492","1":"product","2":"type-product","3":"status-publish","4":"has-post-thumbnail","6":"product_brand-codecanyon","7":"product_cat-administration-wordpress-plugins","8":"product_cat-plugins","9":"product_cat-wordpress-plugins","10":"product_tag-codecanyon","11":"member-discount","12":"discount-restricted","14":"first","15":"instock","16":"sale","17":"downloadable","18":"virtual","19":"sold-individually","20":"purchasable","21":"product-type-simple"},"_links":{"self":[{"href":"https:\/\/gpl-love.com\/fr\/wp-json\/wp\/v2\/product\/113492","targetHints":{"allow":["GET"]}}],"collection":[{"href":"https:\/\/gpl-love.com\/fr\/wp-json\/wp\/v2\/product"}],"about":[{"href":"https:\/\/gpl-love.com\/fr\/wp-json\/wp\/v2\/types\/product"}],"replies":[{"embeddable":true,"href":"https:\/\/gpl-love.com\/fr\/wp-json\/wp\/v2\/comments?post=113492"}],"wp:featuredmedia":[{"embeddable":true,"href":"https:\/\/gpl-love.com\/fr\/wp-json\/wp\/v2\/media\/145763"}],"wp:attachment":[{"href":"https:\/\/gpl-love.com\/fr\/wp-json\/wp\/v2\/media?parent=113492"}],"wp:term":[{"taxonomy":"product_brand","embeddable":true,"href":"https:\/\/gpl-love.com\/fr\/wp-json\/wp\/v2\/product_brand?post=113492"},{"taxonomy":"product_cat","embeddable":true,"href":"https:\/\/gpl-love.com\/fr\/wp-json\/wp\/v2\/product_cat?post=113492"},{"taxonomy":"product_tag","embeddable":true,"href":"https:\/\/gpl-love.com\/fr\/wp-json\/wp\/v2\/product_tag?post=113492"}],"curies":[{"name":"wp","href":"https:\/\/api.w.org\/{rel}","templated":true}]}}