{"id":113490,"date":"2021-04-04T00:00:00","date_gmt":"2021-04-03T22:00:00","guid":{"rendered":"http:\/\/gpl-love.com\/fr\/produit\/elegant-themes-monarch-social-media-sharing\/"},"modified":"2026-03-20T23:03:11","modified_gmt":"2026-03-20T22:03:11","slug":"elegant-themes-monarch-social-media-sharing","status":"publish","type":"product","link":"https:\/\/gpl-love.com\/fr\/produit\/elegant-themes-monarch-social-media-sharing\/","title":{"rendered":"Elegant Themes Monarch Social Media Sharing 1.4.14"},"content":{"rendered":"<h3>Elegant Themes Monarch Social Media Sharing Traits<\/h3>\n<p>Le plugin de partage des m\u00e9dias sociaux monarques \u00e9l\u00e9gants poss\u00e8de une impressionnante gamme de fonctionnalit\u00e9s qui en font un outil indispensable pour les propri\u00e9taires de sites Web cherchant \u00e0 incorporer facilement les boutons de partage des m\u00e9dias sociaux. Offrant une s\u00e9lection stup\u00e9fiante de plus de 20 r\u00e9seaux sociaux diff\u00e9rents, ce plugin permet aux utilisateurs d&rsquo;adapter leurs options de partage conform\u00e9ment \u00e0 leurs exigences pr\u00e9cises. De plus, il fournit une pl\u00e9thore de choix de personnalisation, englobant les styles de boutons, les tailles et les emplacements, permettant ainsi l&rsquo;int\u00e9gration transparente des boutons de partage social dans la conception globale de son site Web. Que l&rsquo;objectif soit d&rsquo;augmenter ses m\u00e9dias sociaux, de g\u00e9n\u00e9rer du trafic vers un site Web ou d&rsquo;am\u00e9liorer la visibilit\u00e9 en ligne dans son ensemble, des th\u00e8mes \u00e9l\u00e9gants, le partage des m\u00e9dias sociaux se r\u00e9v\u00e8le \u00eatre une option exemplaire digne de contemplation.<\/p>\n<ul>\n<li>Augmente le partage des m\u00e9dias sociaux sur votre site Web<\/li>\n<li>Fournit des boutons de partage personnalisables pour correspondre \u00e0 la conception de votre site Web<\/li>\n<li>Permet de partager plus de 20 plateformes de m\u00e9dias sociaux<\/li>\n<li>Comprend le suivi et les analyses pour surveiller l&rsquo;efficacit\u00e9 des parts sociaux<\/li>\n<li>Offre diverses options d&rsquo;affichage, y compris les fen\u00eatres contextuelles et les vols<\/li>\n<li>La conception r\u00e9active mobile assure un partage transparent sur tous les appareils<\/li>\n<li>S&rsquo;int\u00e8gre aux outils de cr\u00e9ation de liste de diffusion populaires comme MailChimp<\/li>\n<li>Compatible avec tous les th\u00e8mes \u00e9l\u00e9gants WordPress Th\u00e8mes<\/li>\n<li>Facile \u00e0 installer et \u00e0 configurer<\/li>\n<li>R\u00e9guli\u00e8rement mis \u00e0 jour avec de nouvelles fonctionnalit\u00e9s et am\u00e9liorations<\/li>\n<\/ul>\n","protected":false},"excerpt":{"rendered":"<p>Le plugin de partage des m\u00e9dias sociaux monarques \u00e9l\u00e9gants est un instrument exceptionnel qui peut efficacement \u00e9lever la pr\u00e9sence des m\u00e9dias sociaux de votre site Web \u00e0 de nouveaux sommets. En utilisant ce plugin, les utilisateurs de votre site Web se verront accorder la commodit\u00e9 de partager sans effort votre contenu sur une multitude de plateformes de m\u00e9dias sociaux, telles que Facebook, Twitter et Pinterest. De plus, ce plugin poss\u00e8de une gamme d&rsquo;options de conception raffin\u00e9e et sophistiqu\u00e9e, vous permettant d&rsquo;adapter l&rsquo;apparence des boutons de partage social pour harmoniser de mani\u00e8re transparente avec la marque unique de votre site Web. Que vous soyez un blogueur d\u00e9vou\u00e9, un propri\u00e9taire d&rsquo;entreprise astucieux ou un sp\u00e9cialiste du marketing adepte, le plugin de partage des m\u00e9dias sociaux monarques \u00e9l\u00e9gants est une ressource indispensable qui devrait \u00eatre incorpor\u00e9e sans \u00e9quivoque dans tout site Web s&rsquo;effor\u00e7ant d&rsquo;\u00e9tendre sa sensibilisation aux m\u00e9dias sociaux.<\/p>\n","protected":false},"featured_media":143694,"comment_status":"open","ping_status":"open","template":"","meta":[],"product_brand":[2511],"product_cat":[1207,1181,1186],"product_tag":[1261],"class_list":{"0":"post-113490","1":"product","2":"type-product","3":"status-publish","4":"has-post-thumbnail","6":"product_brand-elegant-themes","7":"product_cat-commercialisation-wordpress-plugins","8":"product_cat-plugins","9":"product_cat-wordpress-plugins","10":"product_tag-elegant-themes","11":"member-discount","12":"discount-restricted","14":"first","15":"instock","16":"sale","17":"downloadable","18":"virtual","19":"sold-individually","20":"purchasable","21":"product-type-simple"},"_links":{"self":[{"href":"https:\/\/gpl-love.com\/fr\/wp-json\/wp\/v2\/product\/113490","targetHints":{"allow":["GET"]}}],"collection":[{"href":"https:\/\/gpl-love.com\/fr\/wp-json\/wp\/v2\/product"}],"about":[{"href":"https:\/\/gpl-love.com\/fr\/wp-json\/wp\/v2\/types\/product"}],"replies":[{"embeddable":true,"href":"https:\/\/gpl-love.com\/fr\/wp-json\/wp\/v2\/comments?post=113490"}],"wp:featuredmedia":[{"embeddable":true,"href":"https:\/\/gpl-love.com\/fr\/wp-json\/wp\/v2\/media\/143694"}],"wp:attachment":[{"href":"https:\/\/gpl-love.com\/fr\/wp-json\/wp\/v2\/media?parent=113490"}],"wp:term":[{"taxonomy":"product_brand","embeddable":true,"href":"https:\/\/gpl-love.com\/fr\/wp-json\/wp\/v2\/product_brand?post=113490"},{"taxonomy":"product_cat","embeddable":true,"href":"https:\/\/gpl-love.com\/fr\/wp-json\/wp\/v2\/product_cat?post=113490"},{"taxonomy":"product_tag","embeddable":true,"href":"https:\/\/gpl-love.com\/fr\/wp-json\/wp\/v2\/product_tag?post=113490"}],"curies":[{"name":"wp","href":"https:\/\/api.w.org\/{rel}","templated":true}]}}