{"id":113488,"date":"2021-04-04T00:00:00","date_gmt":"2021-04-03T22:00:00","guid":{"rendered":"http:\/\/gpl-love.com\/fr\/produit\/elegant-themes-bloom-email-optins\/"},"modified":"2026-03-20T23:03:08","modified_gmt":"2026-03-20T22:03:08","slug":"elegant-themes-bloom-email-optins","status":"publish","type":"product","link":"https:\/\/gpl-love.com\/fr\/produit\/elegant-themes-bloom-email-optins\/","title":{"rendered":"Elegant Themes Bloom Email OptIns 1.3.12"},"content":{"rendered":"<h3>Elegant Themes Bloom Email OptIns Traits<\/h3>\n<p>Les th\u00e8mes \u00e9l\u00e9gants Bloom Opt-in, un outil extr\u00eamement puissant, sert de catalyseur \u00e0 la cr\u00e9ation de formulaires d&rsquo;opt-in par e-mail visuellement \u00e9tonnants et exceptionnellement efficaces. L&rsquo;outil offre une vaste gamme de mod\u00e8les qui peuvent \u00eatre facilement personnalis\u00e9s pour refl\u00e9ter l&rsquo;identit\u00e9 unique de votre marque, captivant ainsi l&rsquo;attention de vos visiteurs estim\u00e9s. En outre, ce plugin remarquable s&rsquo;int\u00e8gre de mani\u00e8re transparente \u00e0 toutes les principales plateformes de marketing par e-mail, facilitant ainsi la collecte et la gestion lisses de vos abonn\u00e9s estim\u00e9s. Les options de ciblage avanc\u00e9es du plugin vous permettent d&rsquo;afficher strat\u00e9giquement vos formulaires d&rsquo;opt-in m\u00e9ticuleusement con\u00e7ues au public le plus appropri\u00e9 au moment opportun, am\u00e9liorant ainsi consid\u00e9rablement la probabilit\u00e9 de transformer de simples visiteurs en abonn\u00e9s d\u00e9vou\u00e9s. En conclusion, les th\u00e8mes \u00e9l\u00e9gants Bloom Opt-ins repr\u00e9sente un actif indispensable pour tout site Web qui aspire \u00e0 \u00e9tendre leur liste de diffusion estim\u00e9e et \u00e0 \u00e9lever l&rsquo;efficacit\u00e9 de leurs efforts marketing.<\/p>\n<ul>\n<li>Faites d\u00e9velopper votre liste de diffusion avec des formulaires d&rsquo;opt-in e-mail \u00e9l\u00e9gants et personnalisables<\/li>\n<li>Choisissez parmi plus de 100 mod\u00e8les pr\u00e9fabriqu\u00e9s ou cr\u00e9ez votre propre conception<\/li>\n<li>D\u00e9finissez des d\u00e9clencheurs pour quand et o\u00f9 les formulaires d&rsquo;opt-in appara\u00eetront sur votre site Web<\/li>\n<li>A \/ B Testez des conceptions et placements de formulaires diff\u00e9rents pour optimiser les conversions<\/li>\n<li>Int\u00e9grer avec des services de marketing par e-mail populaires comme MailChimp et Convertkit<\/li>\n<li>Suivre les performances et les taux de conversion du formulaire d&rsquo;opt-in avec des analyses et des rapports int\u00e9gr\u00e9s<\/li>\n<li>La conception r\u00e9active garantit que vos formulaires d&rsquo;opt-in sont superbes sur tous les appareils et tailles d&rsquo;\u00e9cran<\/li>\n<li>\u00c9diteur de glisser-d\u00e9poser facile \u00e0 utiliser pour une personnalisation rapide et simple<\/li>\n<li>Plusieurs options d&rsquo;affichage, y compris les fen\u00eatres contextuelles, les vols et les widgets pour une visibilit\u00e9 et un engagement accrus.<\/li>\n<\/ul>\n","protected":false},"excerpt":{"rendered":"<p>Elegant Th\u00e8mes Bloom Email Optins, un plugin d&rsquo;opt-in par e-mail tr\u00e8s robuste et dynamique, a \u00e9t\u00e9 m\u00e9ticuleusement con\u00e7u au profit des blogueurs WordPress et des propri\u00e9taires de sites Web. Plongant dans les profondeurs complexes de ce plugin exceptionnel, on d\u00e9couvrira un tableau de mod\u00e8les de formulaire d&rsquo;opt-in de conception et enti\u00e8rement personnalisables. Ces conceptions captivantes facilitent de mani\u00e8re transparente l&rsquo;acquisition d&rsquo;adresses e-mail des visiteurs du site Web, permettant aux utilisateurs d&rsquo;\u00e9tendre sans effort leurs listes de diffusion. Une myriade d&rsquo;options d&rsquo;affichage, y compris des fen\u00eatres, des moulins et des formulaires de widgets, permet aux utilisateurs de pr\u00e9senter leurs formulaires d&rsquo;opt-in de mani\u00e8re impeccablement raffin\u00e9e et discr\u00e8te. En outre, ce plugin propose une vaste gamme d&rsquo;options de ciblage et de d\u00e9clenchement, garantissant que le message pr\u00e9cis est efficacement transmis au public appropri\u00e9, \u00e0 un moment opportun. Gr\u00e2ce aux capacit\u00e9s in\u00e9gal\u00e9es des th\u00e8mes \u00e9l\u00e9gants Bloom Optins, la t\u00e2che ardue d&rsquo;obtenir des abonn\u00e9s est devenue une entreprise inconcevable sans effort.<\/p>\n","protected":false},"featured_media":143691,"comment_status":"open","ping_status":"open","template":"","meta":[],"product_brand":[2511],"product_cat":[1207,1181,1186],"product_tag":[1261],"class_list":{"0":"post-113488","1":"product","2":"type-product","3":"status-publish","4":"has-post-thumbnail","6":"product_brand-elegant-themes","7":"product_cat-commercialisation-wordpress-plugins","8":"product_cat-plugins","9":"product_cat-wordpress-plugins","10":"product_tag-elegant-themes","11":"member-discount","12":"discount-restricted","14":"first","15":"instock","16":"sale","17":"downloadable","18":"virtual","19":"sold-individually","20":"purchasable","21":"product-type-simple"},"_links":{"self":[{"href":"https:\/\/gpl-love.com\/fr\/wp-json\/wp\/v2\/product\/113488","targetHints":{"allow":["GET"]}}],"collection":[{"href":"https:\/\/gpl-love.com\/fr\/wp-json\/wp\/v2\/product"}],"about":[{"href":"https:\/\/gpl-love.com\/fr\/wp-json\/wp\/v2\/types\/product"}],"replies":[{"embeddable":true,"href":"https:\/\/gpl-love.com\/fr\/wp-json\/wp\/v2\/comments?post=113488"}],"wp:featuredmedia":[{"embeddable":true,"href":"https:\/\/gpl-love.com\/fr\/wp-json\/wp\/v2\/media\/143691"}],"wp:attachment":[{"href":"https:\/\/gpl-love.com\/fr\/wp-json\/wp\/v2\/media?parent=113488"}],"wp:term":[{"taxonomy":"product_brand","embeddable":true,"href":"https:\/\/gpl-love.com\/fr\/wp-json\/wp\/v2\/product_brand?post=113488"},{"taxonomy":"product_cat","embeddable":true,"href":"https:\/\/gpl-love.com\/fr\/wp-json\/wp\/v2\/product_cat?post=113488"},{"taxonomy":"product_tag","embeddable":true,"href":"https:\/\/gpl-love.com\/fr\/wp-json\/wp\/v2\/product_tag?post=113488"}],"curies":[{"name":"wp","href":"https:\/\/api.w.org\/{rel}","templated":true}]}}