{"id":113486,"date":"2021-11-17T00:00:00","date_gmt":"2021-11-16T23:00:00","guid":{"rendered":"http:\/\/gpl-love.com\/fr\/produit\/autopilot-seo-for-woocommerce\/"},"modified":"2026-03-20T22:55:41","modified_gmt":"2026-03-20T21:55:41","slug":"autopilot-seo-for-woocommerce","status":"publish","type":"product","link":"https:\/\/gpl-love.com\/fr\/produit\/autopilot-seo-for-woocommerce\/","title":{"rendered":"Autopilot SEO pour WooCommerce 1.6.1"},"content":{"rendered":"<h3>Autopilot SEO pour WooCommerce Traits<\/h3>\n<p>Le r\u00e9f\u00e9rencement du pilote automatique pour WooCommerce est un outil innovant et r\u00e9volutionnaire qui r\u00e9volutionne et simplifie le processus complexe et complexe d&rsquo;optimisation des moteurs de recherche pour les d\u00e9taillants en ligne. En optimisant automatiquement et efficacement les \u00e9l\u00e9ments essentiels tels que les descriptions de produits et les \u00e9tiquettes META, ce plugin remarquablement puissant permet de gagner un temps et des efforts consid\u00e9rables et efficacement tout en am\u00e9liorant et en amplifiant la visibilit\u00e9 et les ventes du site Web. Avec la mise en \u0153uvre et l&rsquo;utilisation du r\u00e9f\u00e9rencement du pilote automatique, les d\u00e9taillants en ligne peuvent \u00e9prouver sans effort et d\u00e9licieusement une multitude d&rsquo;avantages, y compris, mais sans s&rsquo;y limiter, un classement plus \u00e9lev\u00e9 des moteurs de recherche, un afflux de trafic Web accru et une augmentation substantielle des conversions, le tout sans ardu et T\u00e2che laborieuse de l&rsquo;optimisation manuelle ou la condition pr\u00e9alable \u00e0 la possession d&rsquo;une expertise technique approfondie. Que vous poss\u00e9diez une richesse d&rsquo;exp\u00e9rience et de connaissances en tant que professionnel du commerce \u00e9lectronique ou si vous vous lancez simplement dans votre voyage dans le domaine de la vente au d\u00e9tail en ligne, le r\u00e9f\u00e9rencement automatique est la solution ultime et in\u00e9gal\u00e9e non seulement pour capitaliser mais aussi maximiser pleinement votre potentiel en ligne \u00e9tendu et illimit\u00e9 du magasin.<\/p>\n<ul>\n<li>Optimise automatiquement votre magasin WooCommerce pour les moteurs de recherche<\/li>\n<li>G\u00e9n\u00e8re des m\u00e9ta-titres et descriptions pour toutes les pages et produits pour une meilleure visibilit\u00e9 du moteur de recherche<\/li>\n<li>Analyse votre contenu et sugg\u00e8re des am\u00e9liorations pour un meilleur ciblage de mots cl\u00e9s<\/li>\n<li>Fournit du site XML et du fichier robots.txt pour un moteur de recherche facile rampant<\/li>\n<li>Aide \u00e0 am\u00e9liorer le temps de chargement des pages pour une meilleure exp\u00e9rience utilisateur et un classement des moteurs de recherche<\/li>\n<li>Offre une surveillance 24\/7 et des alertes pour tous les probl\u00e8mes de r\u00e9f\u00e9rencement qui surviennent<\/li>\n<li>Int\u00e9gre parfaitement avec WooCommerce pour un processus de configuration sans tracas<\/li>\n<li>Vous \u00e9vite le temps et les efforts en automatisant le processus d&rsquo;optimisation.<\/li>\n<\/ul>\n","protected":false},"excerpt":{"rendered":"<p>D\u00e9couvrez une approche transparente, tr\u00e8s efficace et automatis\u00e9e du r\u00e9f\u00e9rencement avec SEO de pilote automatique pour WooCommerce. Cet outil r\u00e9volutionnaire est con\u00e7u pour \u00e9lever votre entreprise de commerce \u00e9lectronique, en optimisant votre site Web WooCommerce pour les moteurs de recherche, stimulant ainsi le trafic et les ventes accrus.<\/p>\n<p>Le SEO du pilote automatique est une solution compl\u00e8te qui offre une gamme de fonctionnalit\u00e9s. Il garantit que votre magasin WooCommerce se classe plus haut dans les r\u00e9sultats des moteurs de recherche, vous donnant un avantage sur vos concurrents. Avec ses fonctionnalit\u00e9s automatis\u00e9es, vous n&rsquo;avez plus \u00e0 vous soucier des complexit\u00e9s du r\u00e9f\u00e9rencement. L&rsquo;outil s&rsquo;occupe de tout, de l&rsquo;analyse des mots cl\u00e9s et de l&rsquo;optimisation aux balises m\u00e9ta-balises et aux donn\u00e9es structur\u00e9es, rendant ainsi le r\u00e9f\u00e9rencement sans effort et efficace.<\/p>\n<p>Le SEO du pilote automatique pour WooCommerce offre des avantages pr\u00e9cieux. Il am\u00e9liore non seulement la visibilit\u00e9 de votre boutique en ligne, mais permet \u00e9galement d&rsquo;\u00e9conomiser du temps et des ressources en automatisant le processus de r\u00e9f\u00e9rencement. Il en r\u00e9sulte une am\u00e9lioration des performances, une croissance substantielle du trafic organique et, finalement, une augmentation des revenus.<\/p>\n<p>Exploitez le pouvoir du r\u00e9f\u00e9rencement du pilote automatique pour WooCommerce et dirigez votre entreprise de commerce \u00e9lectronique vers un succ\u00e8s sans pr\u00e9c\u00e9dent.<\/p>\n","protected":false},"featured_media":143201,"comment_status":"open","ping_status":"open","template":"","meta":[],"product_brand":[2465],"product_cat":[1335,1181,1186],"product_tag":[1637],"class_list":{"0":"post-113486","1":"product","2":"type-product","3":"status-publish","4":"has-post-thumbnail","6":"product_brand-xploded-themes","7":"product_cat-seo","8":"product_cat-plugins","9":"product_cat-wordpress-plugins","10":"product_tag-xploded-themes","11":"member-discount","12":"discount-restricted","14":"first","15":"instock","16":"sale","17":"downloadable","18":"virtual","19":"sold-individually","20":"purchasable","21":"product-type-simple"},"_links":{"self":[{"href":"https:\/\/gpl-love.com\/fr\/wp-json\/wp\/v2\/product\/113486","targetHints":{"allow":["GET"]}}],"collection":[{"href":"https:\/\/gpl-love.com\/fr\/wp-json\/wp\/v2\/product"}],"about":[{"href":"https:\/\/gpl-love.com\/fr\/wp-json\/wp\/v2\/types\/product"}],"replies":[{"embeddable":true,"href":"https:\/\/gpl-love.com\/fr\/wp-json\/wp\/v2\/comments?post=113486"}],"wp:featuredmedia":[{"embeddable":true,"href":"https:\/\/gpl-love.com\/fr\/wp-json\/wp\/v2\/media\/143201"}],"wp:attachment":[{"href":"https:\/\/gpl-love.com\/fr\/wp-json\/wp\/v2\/media?parent=113486"}],"wp:term":[{"taxonomy":"product_brand","embeddable":true,"href":"https:\/\/gpl-love.com\/fr\/wp-json\/wp\/v2\/product_brand?post=113486"},{"taxonomy":"product_cat","embeddable":true,"href":"https:\/\/gpl-love.com\/fr\/wp-json\/wp\/v2\/product_cat?post=113486"},{"taxonomy":"product_tag","embeddable":true,"href":"https:\/\/gpl-love.com\/fr\/wp-json\/wp\/v2\/product_tag?post=113486"}],"curies":[{"name":"wp","href":"https:\/\/api.w.org\/{rel}","templated":true}]}}