{"id":113476,"date":"2025-08-31T00:00:00","date_gmt":"2025-08-30T22:00:00","guid":{"rendered":"http:\/\/gpl-love.com\/fr\/produit\/yith-woocommerce-barcodes-and-qr-codes-premium\/"},"modified":"2026-04-18T06:31:21","modified_gmt":"2026-04-18T04:31:21","slug":"yith-woocommerce-barcodes-and-qr-codes-premium","status":"publish","type":"product","link":"https:\/\/gpl-love.com\/fr\/produit\/yith-woocommerce-barcodes-and-qr-codes-premium\/","title":{"rendered":"YITH Barcodes et QR Codes Premium 2.46.0"},"content":{"rendered":"<h3>YITH Barcodes et QR Codes Premium Traits<\/h3>\n<p>Les codes \u00e0 barres Yith et les codes QR Premium, consid\u00e9r\u00e9s comme un instrument exceptionnellement robuste et puissant, sert \u00e0 g\u00e9n\u00e9rer des codes-barres et des codes QR pour votre marchandise. Cet outil particulier poss\u00e8de une interface intuitivement conviviale qui vous permet de fabriquer et d&rsquo;adapter les codes pour vos produits avec la plus grande facilit\u00e9, \u00e9liminant le besoin de connaissances techniques sp\u00e9cialis\u00e9es. Exploitant les capacit\u00e9s de ce plugin, vous pouvez produire sans effort des codes dans un large \u00e9ventail de formats, englobant EAN-13, UPC-A, QR et Matrix de donn\u00e9es. De plus, ce plugin vous conf\u00e8re la possibilit\u00e9 d&rsquo;int\u00e9grer de mani\u00e8re transparente des codes sur des pages de produits, des factures et des \u00e9tiquettes d&rsquo;exp\u00e9dition, rationalisant ainsi le processus de suivi et de gestion des stocks. Le plugin Premium Yith Barcodes and QR Codes, debout comme une solution in\u00e9branlable et tr\u00e8s efficace, se pr\u00e9sente comme un choix optimal pour les entreprises qui aspirent \u00e0 optimiser leurs efforts concernant le suivi des stocks et la gestion des produits.<\/p>\n<ul>\n<li>G\u00e9n\u00e8re des codes-barres et des codes QR pour vos produits en cliquant sur un bouton<\/li>\n<li>Int\u00e9gration facile avec des plateformes de commerce \u00e9lectronique populaires comme WooCommerce et Shopify<\/li>\n<li>Personnalisez l&rsquo;apparence de vos codes-barres et codes QR pour correspondre \u00e0 votre marque<\/li>\n<li>Scannez les codes \u00e0 barres et les codes QR de votre appareil mobile pour g\u00e9rer rapidement votre inventaire<\/li>\n<li>Am\u00e9liorez l&rsquo;efficacit\u00e9 et la pr\u00e9cision en automatisant votre gestion des stocks<\/li>\n<li>Fournit des rapports d\u00e9taill\u00e9s et des informations sur votre inventaire et vos ventes<\/li>\n<li>Utilisation illimit\u00e9e sans frais suppl\u00e9mentaires<\/li>\n<li>Support client 24\/7 de l&rsquo;\u00e9quipe d&rsquo;experts de Yith<\/li>\n<\/ul>\n","protected":false},"excerpt":{"rendered":"<p>G\u00e9n\u00e9rez facilement les codes-barres et les codes QR pour vos produits en utilisant les fonctionnalit\u00e9s exceptionnelles offertes par les codes \u00e0 barres Yith et le plugin WordPress Premium. Ce plugin premium incroyable vous permet d&rsquo;int\u00e9grer sans effort ces codes dans votre site Web ou votre mat\u00e9riel imprimable, facilitant ainsi la num\u00e9risation rapide et l&rsquo;acc\u00e8s rapide aux informations vitales, am\u00e9liorant ainsi la commodit\u00e9 des clients. De plus, la nature personnalisable de ces codes garantit une int\u00e9gration transparente avec la conception de votre site Web et les \u00e9l\u00e9ments de marque, assurant un attrait esth\u00e9tique harmonieux. En exploitant l&rsquo;immense potentiel des codes \u00e0 barres Yith et des codes QR, vous pouvez amplifier consid\u00e9rablement l&rsquo;efficacit\u00e9 op\u00e9rationnelle, \u00e9lever les niveaux de satisfaction des clients et rationaliser l&rsquo;ensemble de votre processus de vente pour obtenir un succ\u00e8s sans pr\u00e9c\u00e9dent.<\/p>\n","protected":false},"featured_media":146352,"comment_status":"open","ping_status":"open","template":"","meta":[],"product_brand":[2487],"product_cat":[1182,1223,1181],"product_tag":[1437],"class_list":{"0":"post-113476","1":"product","2":"type-product","3":"status-publish","4":"has-post-thumbnail","6":"product_brand-yith","7":"product_cat-commerce-electronique-plugins","8":"product_cat-personnalisation-commerce-electronique-plugins","9":"product_cat-plugins","10":"product_tag-yith","11":"member-discount","12":"discount-restricted","14":"first","15":"instock","16":"sale","17":"downloadable","18":"virtual","19":"sold-individually","20":"purchasable","21":"product-type-simple"},"_links":{"self":[{"href":"https:\/\/gpl-love.com\/fr\/wp-json\/wp\/v2\/product\/113476","targetHints":{"allow":["GET"]}}],"collection":[{"href":"https:\/\/gpl-love.com\/fr\/wp-json\/wp\/v2\/product"}],"about":[{"href":"https:\/\/gpl-love.com\/fr\/wp-json\/wp\/v2\/types\/product"}],"replies":[{"embeddable":true,"href":"https:\/\/gpl-love.com\/fr\/wp-json\/wp\/v2\/comments?post=113476"}],"wp:featuredmedia":[{"embeddable":true,"href":"https:\/\/gpl-love.com\/fr\/wp-json\/wp\/v2\/media\/146352"}],"wp:attachment":[{"href":"https:\/\/gpl-love.com\/fr\/wp-json\/wp\/v2\/media?parent=113476"}],"wp:term":[{"taxonomy":"product_brand","embeddable":true,"href":"https:\/\/gpl-love.com\/fr\/wp-json\/wp\/v2\/product_brand?post=113476"},{"taxonomy":"product_cat","embeddable":true,"href":"https:\/\/gpl-love.com\/fr\/wp-json\/wp\/v2\/product_cat?post=113476"},{"taxonomy":"product_tag","embeddable":true,"href":"https:\/\/gpl-love.com\/fr\/wp-json\/wp\/v2\/product_tag?post=113476"}],"curies":[{"name":"wp","href":"https:\/\/api.w.org\/{rel}","templated":true}]}}