{"id":113474,"date":"2024-03-23T00:00:00","date_gmt":"2024-03-22T23:00:00","guid":{"rendered":"http:\/\/gpl-love.com\/fr\/produit\/yith-paypal-braintree-for-woocommerce\/"},"modified":"2026-04-18T06:32:10","modified_gmt":"2026-04-18T04:32:10","slug":"yith-paypal-braintree-for-woocommerce","status":"publish","type":"product","link":"https:\/\/gpl-love.com\/fr\/produit\/yith-paypal-braintree-for-woocommerce\/","title":{"rendered":"YITH PayPal Braintree For WooCommerce 1.35.0"},"content":{"rendered":"<h3>YITH PayPal Braintree For WooCommerce Traits<\/h3>\n<p>Yith Paypal Braintree pour WooCommerce appara\u00eet comme un plugin de passerelle de paiement exceptionnel con\u00e7u exclusivement pour les magasins en ligne, facilitant les utilisateurs lors de l&rsquo;ex\u00e9cution en toute s\u00e9curit\u00e9 et de mani\u00e8re pratique via leurs comptes PayPal ou de carte de cr\u00e9dit. Ce plugin remarquable permet aux clients de terminer les transactions sans effort dans le site Web lui-m\u00eame, rationalisant efficacement le processus de paiement et offrant une exp\u00e9rience utilisateur fluide ininterrompue. Remarquablement, ce plugin englobe une pl\u00e9thore de fonctionnalit\u00e9s avanc\u00e9es, y compris la capacit\u00e9 d&rsquo;\u00e9conomiser des m\u00e9thodes de paiement client pour les transactions futures, de d\u00e9tecter et alterner de mani\u00e8re transparente entre les m\u00e9thodes de paiement disponibles, et de fournir des rapports complets et des id\u00e9es analytiques, ce qui permettait ainsi aux entreprises de se comparer profond\u00e9ment de leur paiement de leur paiement op\u00e9rations de traitement. Par cons\u00e9quent, il devient clairement clair que Yith Paypal Braintree pour WooCommerce repr\u00e9sente un actif indispensable pour toute entreprise qui s&rsquo;efforce d&rsquo;optimiser ses m\u00e9canismes de traitement des paiements, tout en \u00e9tendant simultan\u00e9ment une alternative de paiement conviviale et conviviale \u00e0 sa client\u00e8le estim\u00e9e.<\/p>\n<ul>\n<li>Permet aux clients de payer \u00e0 l&rsquo;aide de la carte PayPal ou de la carte de cr\u00e9dit via Braintree sur les sites Web WooCommerce<\/li>\n<li>Offre un traitement de paiement s\u00e9curis\u00e9 pour les clients<\/li>\n<li>Offre une exp\u00e9rience de paiement sans couture aux clients<\/li>\n<li>S&rsquo;int\u00e8gre facilement dans un site Web WooCommerce<\/li>\n<li>Compatible avec tous les principaux navigateurs et appareils<\/li>\n<li>Offre des fonctionnalit\u00e9s de reportage de transactions et de gestion pour les propri\u00e9taires d&rsquo;entreprise<\/li>\n<li>Capture automatiquement les informations de paiement pour les commandes futures<\/li>\n<li>Offre des options de paiement personnalisables<\/li>\n<li>R\u00e9duit le risque de transactions frauduleuses avec des fonctionnalit\u00e9s de s\u00e9curit\u00e9 avanc\u00e9es<\/li>\n<li>Fournit un excellent support client pour aider \u00e0 tous les probl\u00e8mes.<\/li>\n<\/ul>\n","protected":false},"excerpt":{"rendered":"<p>Yith Paypal Braintree pour WooCommerce est une passerelle de paiement exceptionnelle qui s&rsquo;int\u00e8gre de mani\u00e8re transparente \u00e0 votre boutique en ligne WooCommerce, vous permettant d&rsquo;accepter sans effort les paiements des clients via PayPal ou une carte de cr\u00e9dit via Braintree. Ce plugin extr\u00eamement robuste propose une solution de traitement de paiement hautement s\u00e9curis\u00e9e et remarquablement fiable, offrant ainsi \u00e0 vos clients estim\u00e9s une exp\u00e9rience de paiement merveilleusement simple et enti\u00e8rement sans stress. En exploitant les capacit\u00e9s remarquables de Yith Paypal Braintree pour WooCommerce, vous gagnez la capacit\u00e9 remarquable \u00e0 diversifier sans effort vos alternatives de paiement, augmentant ainsi in\u00e9vitablement votre volume de vente en ligne.<\/p>\n","protected":false},"featured_media":146403,"comment_status":"open","ping_status":"open","template":"","meta":[],"product_brand":[2487],"product_cat":[1182,1401,1181],"product_tag":[1437],"class_list":{"0":"post-113474","1":"product","2":"type-product","3":"status-publish","4":"has-post-thumbnail","6":"product_brand-yith","7":"product_cat-commerce-electronique-plugins","8":"product_cat-paiement-commerce-electronique-plugins","9":"product_cat-plugins","10":"product_tag-yith","11":"member-discount","12":"discount-restricted","14":"first","15":"instock","16":"sale","17":"downloadable","18":"virtual","19":"sold-individually","20":"purchasable","21":"product-type-simple"},"_links":{"self":[{"href":"https:\/\/gpl-love.com\/fr\/wp-json\/wp\/v2\/product\/113474","targetHints":{"allow":["GET"]}}],"collection":[{"href":"https:\/\/gpl-love.com\/fr\/wp-json\/wp\/v2\/product"}],"about":[{"href":"https:\/\/gpl-love.com\/fr\/wp-json\/wp\/v2\/types\/product"}],"replies":[{"embeddable":true,"href":"https:\/\/gpl-love.com\/fr\/wp-json\/wp\/v2\/comments?post=113474"}],"wp:featuredmedia":[{"embeddable":true,"href":"https:\/\/gpl-love.com\/fr\/wp-json\/wp\/v2\/media\/146403"}],"wp:attachment":[{"href":"https:\/\/gpl-love.com\/fr\/wp-json\/wp\/v2\/media?parent=113474"}],"wp:term":[{"taxonomy":"product_brand","embeddable":true,"href":"https:\/\/gpl-love.com\/fr\/wp-json\/wp\/v2\/product_brand?post=113474"},{"taxonomy":"product_cat","embeddable":true,"href":"https:\/\/gpl-love.com\/fr\/wp-json\/wp\/v2\/product_cat?post=113474"},{"taxonomy":"product_tag","embeddable":true,"href":"https:\/\/gpl-love.com\/fr\/wp-json\/wp\/v2\/product_tag?post=113474"}],"curies":[{"name":"wp","href":"https:\/\/api.w.org\/{rel}","templated":true}]}}