{"id":113472,"date":"2021-09-14T00:00:00","date_gmt":"2021-09-13T22:00:00","guid":{"rendered":"http:\/\/gpl-love.com\/fr\/produit\/wordpress-restaurant-reservation-plugin-pro\/"},"modified":"2026-03-20T23:49:15","modified_gmt":"2026-03-20T22:49:15","slug":"wordpress-restaurant-reservation-plugin-pro","status":"publish","type":"product","link":"https:\/\/gpl-love.com\/fr\/produit\/wordpress-restaurant-reservation-plugin-pro\/","title":{"rendered":"WordPress Restaurant Reservation Plugin Pro 2.3.5"},"content":{"rendered":"<h3>WordPress Restaurant Reservation Plugin Pro Traits<\/h3>\n<p>Le WordPress Restaurant Reservation Plugin Pro, consid\u00e9r\u00e9 comme la quintessence des solutions pour la gestion des r\u00e9servations de restaurants, pr\u00e9sente une pl\u00e9thore de caract\u00e9ristiques remarquables. Ce plugin, avec sa convivialit\u00e9 inn\u00e9e, vous donne la possibilit\u00e9 de g\u00e9n\u00e9rer et de superviser sans effort les r\u00e9servations, de configurer la disponibilit\u00e9 de votre restaurant et d&rsquo;adapter vos formulaires de r\u00e9servation pour s&rsquo;aligner sur l&rsquo;identit\u00e9 de votre marque. En raison de ses e-mails de confirmation automatique, de ses mises \u00e0 jour de disponibilit\u00e9 en temps r\u00e9el et de ses plages horaires personnalisables, ce plugin assure le fonctionnement transparent de votre restaurant. De plus, avec la capacit\u00e9 d&rsquo;int\u00e9gration des passerelles de paiement renomm\u00e9es, la collecte de d\u00e9p\u00f4ts ou de pr\u00e9paiements de vos clients estim\u00e9s devient une entreprise sans effort. Par cons\u00e9quent, en mettant en \u0153uvre le plugin de r\u00e9servation de restaurants WordPress, vous rationalisez non seulement vos op\u00e9rations de restaurant, mais augmentez \u00e9galement les niveaux de satisfaction de vos clients.<\/p>\n<ul>\n<li>Int\u00e9gration transparente avec les sites Web WordPress<\/li>\n<li>Facile \u00e0 installer et \u00e0 configurer<\/li>\n<li>Contr\u00f4le complet sur le syst\u00e8me de r\u00e9servation de restaurants<\/li>\n<li>Plusieurs options de gestion de la r\u00e9servation, y compris les cr\u00e9neaux horaires et les tailles de f\u00eate<\/li>\n<li>Formulaire de r\u00e9servation personnalisable avec champs facultatifs<\/li>\n<li>Courriels de confirmation automatique aux clients<\/li>\n<li>G\u00e9rer les r\u00e9servations avec un tableau de bord convivial<\/li>\n<li>Version gratuite disponible avec des fonctionnalit\u00e9s limit\u00e9es<\/li>\n<li>La version pro comprend des fonctionnalit\u00e9s suppl\u00e9mentaires comme les mod\u00e8les de messagerie personnalis\u00e9s et la synchronisation du calendrier Google<\/li>\n<li>Support client r\u00e9actif des d\u00e9veloppeurs de plugins.<\/li>\n<\/ul>\n","protected":false},"excerpt":{"rendered":"<p>En utilisant les capacit\u00e9s exceptionnelles du WordPress Restaurant Reservation Plugin Pro, vous pouvez convertir efficacement le site Web de votre restaurant en une plate-forme robuste sp\u00e9cialement con\u00e7ue pour g\u00e9rer les r\u00e9servations. Ce plugin extraordinaire vous accorde la possibilit\u00e9 de superviser et de g\u00e9rer sans effort les r\u00e9servations, d&rsquo;adapter le formulaire de r\u00e9servation \u00e0 votre go\u00fbt et de d\u00e9passer rapidement vos invit\u00e9s estim\u00e9s. \u00c9levez l&rsquo;exp\u00e9rience culinaire globale de vos pr\u00e9cieux clients tout en rationalisant simultan\u00e9ment les aspects op\u00e9rationnels de votre restaurant gr\u00e2ce \u00e0 l&rsquo;int\u00e9gration transparente de ce plugin incroyablement convivial et immens\u00e9ment riche en fonctionnalit\u00e9s.<\/p>\n","protected":false},"featured_media":146118,"comment_status":"open","ping_status":"open","template":"","meta":[],"product_brand":[2709],"product_cat":[1189,1181,1186],"product_tag":[1880],"class_list":{"0":"post-113472","1":"product","2":"type-product","3":"status-publish","4":"has-post-thumbnail","6":"product_brand-five-star","7":"product_cat-personnalisation","8":"product_cat-plugins","9":"product_cat-wordpress-plugins","10":"product_tag-five-star","11":"member-discount","12":"discount-restricted","14":"first","15":"instock","16":"sale","17":"downloadable","18":"virtual","19":"sold-individually","20":"purchasable","21":"product-type-simple"},"_links":{"self":[{"href":"https:\/\/gpl-love.com\/fr\/wp-json\/wp\/v2\/product\/113472","targetHints":{"allow":["GET"]}}],"collection":[{"href":"https:\/\/gpl-love.com\/fr\/wp-json\/wp\/v2\/product"}],"about":[{"href":"https:\/\/gpl-love.com\/fr\/wp-json\/wp\/v2\/types\/product"}],"replies":[{"embeddable":true,"href":"https:\/\/gpl-love.com\/fr\/wp-json\/wp\/v2\/comments?post=113472"}],"wp:featuredmedia":[{"embeddable":true,"href":"https:\/\/gpl-love.com\/fr\/wp-json\/wp\/v2\/media\/146118"}],"wp:attachment":[{"href":"https:\/\/gpl-love.com\/fr\/wp-json\/wp\/v2\/media?parent=113472"}],"wp:term":[{"taxonomy":"product_brand","embeddable":true,"href":"https:\/\/gpl-love.com\/fr\/wp-json\/wp\/v2\/product_brand?post=113472"},{"taxonomy":"product_cat","embeddable":true,"href":"https:\/\/gpl-love.com\/fr\/wp-json\/wp\/v2\/product_cat?post=113472"},{"taxonomy":"product_tag","embeddable":true,"href":"https:\/\/gpl-love.com\/fr\/wp-json\/wp\/v2\/product_tag?post=113472"}],"curies":[{"name":"wp","href":"https:\/\/api.w.org\/{rel}","templated":true}]}}