{"id":113470,"date":"2022-06-19T00:00:00","date_gmt":"2022-06-18T22:00:00","guid":{"rendered":"http:\/\/gpl-love.com\/fr\/produit\/smartic-product-landing-page-woocommerce-theme\/"},"modified":"2026-04-10T18:39:56","modified_gmt":"2026-04-10T16:39:56","slug":"smartic-product-landing-page-woocommerce-theme","status":"publish","type":"product","link":"https:\/\/gpl-love.com\/fr\/produit\/smartic-product-landing-page-woocommerce-theme\/","title":{"rendered":"Smartic Product Landing Page WooCommerce Theme 1.9.4"},"content":{"rendered":"<h3>Smartic Product Landing Page WooCommerce Theme Traits<\/h3>\n<p>Le th\u00e8me WooCommerce de la page Smarttic Product est un outil exceptionnel qui sert de solution id\u00e9ale pour les entreprises qui souhaitent pr\u00e9senter leurs produits de mani\u00e8re visuellement captivante et tr\u00e8s professionnelle. Ce th\u00e8me remarquable a \u00e9t\u00e9 m\u00e9ticuleusement con\u00e7u avec un accent sp\u00e9cifique sur l&rsquo;int\u00e9gration de mani\u00e8re transparente avec WooCommerce, la plate-forme de commerce \u00e9lectronique renomm\u00e9e et largement utilis\u00e9e, facilitant ainsi la synchronisation sans effort avec votre boutique en ligne. B\u00e9n\u00e9ficiant d&rsquo;un design \u00e9l\u00e9gant et contemporain, Smarttic est non seulement enti\u00e8rement r\u00e9actif, mais offre \u00e9galement une large gamme d&rsquo;options de personnalisation, garantissant que vos produits sont parfaitement expos\u00e9s de la mani\u00e8re la plus optimale de tous les appareils. En t\u00e9moignage de sa polyvalence, ce th\u00e8me int\u00e8gre un constructeur de pages de glisser-d\u00e9poser robuste, qui permet aux utilisateurs une flexibilit\u00e9 et une cr\u00e9ativit\u00e9 in\u00e9gal\u00e9es lorsqu&rsquo;il s&rsquo;agit de construire leurs pages de destination. De plus, Smarttic propose de mani\u00e8re impressionnante des en-t\u00eates et des pieds de page personnalisables, en plus d&rsquo;une gamme de mod\u00e8les commod\u00e9ment pr\u00e9d\u00e9finis pour r\u00e9pondre \u00e0 vos besoins et pr\u00e9f\u00e9rences uniques. En plus de ces attributs remarquables, Smarttic se distingue davantage en offrant un assortiment de fonctionnalit\u00e9s indispensables, y compris les fonctionnalit\u00e9s de filtrage des produits, les tables de comparaison et l&rsquo;int\u00e9gration transparente avec diverses plateformes de m\u00e9dias sociaux. Essentiellement, Smarttic est la quintessence d&rsquo;un th\u00e8me convivial et multiforme qui est sans \u00e9quivoque adapt\u00e9 pour r\u00e9pondre aux exigences de toute entreprise commerciale pour \u00e9laborer une page de destination de produits tr\u00e8s efficace et percutante.<\/p>\n<ul>\n<li>Conception enti\u00e8rement r\u00e9active optimis\u00e9e pour toutes les tailles d&rsquo;\u00e9cran<\/li>\n<li>Page de page de glisser-d\u00e9poser intuitive pour une personnalisation facile<\/li>\n<li>Options flexibles de jeu de couleurs pour correspondre \u00e0 votre marque<\/li>\n<li>Outils de promotion et de vente int\u00e9gr\u00e9s pour augmenter les conversions<\/li>\n<li>Conception conviviale pour le r\u00e9f\u00e9rencement pour maximiser la visibilit\u00e9 du moteur de recherche<\/li>\n<li>Support multi-langues pour la port\u00e9e mondiale de l&rsquo;audience<\/li>\n<li>Options de visualisation du carrousel et de la grille de produit pour pr\u00e9senter les articles<\/li>\n<li>Fonctionnalit\u00e9s de vue rapide et de zoom pour un d\u00e9tail am\u00e9lior\u00e9 du produit<\/li>\n<li>Int\u00e9gration de paiement en un clic pour des achats simplifi\u00e9s<\/li>\n<li>Documentation et support approfondies pour la configuration et la maintenance sans tracas<\/li>\n<\/ul>\n","protected":false},"excerpt":{"rendered":"<p>Le th\u00e8me WooCommerce du produit Smarttic, avec sa conception sophistiqu\u00e9e et professionnelle, est fabriqu\u00e9 sur mesure pour pr\u00e9senter vos produits et services de la mani\u00e8re la plus captivante sur Internet. Offrant une multitude d&rsquo;options personnalisables, ce th\u00e8me assure une exp\u00e9rience de navigation impeccable et personnalis\u00e9e pour vos clients. De plus, il est \u00e9quip\u00e9 d&rsquo;une int\u00e9gration avanc\u00e9e avec WooCommerce, garantissant une configuration sans effort de votre propre boutique en ligne, vous permettant de commencer la vente de vos produits remarquables sans d\u00e9lai. Que vous vous lanciez dans un lancement capital d&rsquo;une nouvelle gamme de produits, que vous pr\u00e9sentiez une ligne exclusive en \u00e9dition limit\u00e9e ou que vous promouviez une offre sp\u00e9ciale s\u00e9duisante, soyez assur\u00e9 que la page de destination du produit Smarttic est la solution ultime pour toute entreprise cherchant \u00e0 faire un durable Impact sur le march\u00e9 en ligne hautement comp\u00e9titif.<\/p>\n","protected":false},"featured_media":145274,"comment_status":"open","ping_status":"open","template":"","meta":[],"product_brand":[2433],"product_cat":[1238,1444,1212],"product_tag":[1366],"class_list":{"0":"post-113470","1":"product","2":"type-product","3":"status-publish","4":"has-post-thumbnail","6":"product_brand-themeforest","7":"product_cat-commerce-electronique-themes","8":"product_cat-creatif-commerce-electronique-themes","9":"product_cat-themes","10":"product_tag-themeforest","11":"member-discount","12":"discount-restricted","14":"first","15":"instock","16":"sale","17":"downloadable","18":"virtual","19":"sold-individually","20":"purchasable","21":"product-type-simple"},"_links":{"self":[{"href":"https:\/\/gpl-love.com\/fr\/wp-json\/wp\/v2\/product\/113470","targetHints":{"allow":["GET"]}}],"collection":[{"href":"https:\/\/gpl-love.com\/fr\/wp-json\/wp\/v2\/product"}],"about":[{"href":"https:\/\/gpl-love.com\/fr\/wp-json\/wp\/v2\/types\/product"}],"replies":[{"embeddable":true,"href":"https:\/\/gpl-love.com\/fr\/wp-json\/wp\/v2\/comments?post=113470"}],"wp:featuredmedia":[{"embeddable":true,"href":"https:\/\/gpl-love.com\/fr\/wp-json\/wp\/v2\/media\/145274"}],"wp:attachment":[{"href":"https:\/\/gpl-love.com\/fr\/wp-json\/wp\/v2\/media?parent=113470"}],"wp:term":[{"taxonomy":"product_brand","embeddable":true,"href":"https:\/\/gpl-love.com\/fr\/wp-json\/wp\/v2\/product_brand?post=113470"},{"taxonomy":"product_cat","embeddable":true,"href":"https:\/\/gpl-love.com\/fr\/wp-json\/wp\/v2\/product_cat?post=113470"},{"taxonomy":"product_tag","embeddable":true,"href":"https:\/\/gpl-love.com\/fr\/wp-json\/wp\/v2\/product_tag?post=113470"}],"curies":[{"name":"wp","href":"https:\/\/api.w.org\/{rel}","templated":true}]}}