{"id":113468,"date":"2024-02-24T00:00:00","date_gmt":"2024-02-23T23:00:00","guid":{"rendered":"http:\/\/gpl-love.com\/fr\/produit\/waveplayer-waveform-audio-player-for-wordpress-and-woocommerce\/"},"modified":"2026-04-10T18:45:17","modified_gmt":"2026-04-10T16:45:17","slug":"waveplayer-waveform-audio-player-for-wordpress-and-woocommerce","status":"publish","type":"product","link":"https:\/\/gpl-love.com\/fr\/produit\/waveplayer-waveform-audio-player-for-wordpress-and-woocommerce\/","title":{"rendered":"WavePlayer Waveform Audio Player pour WordPress et WooCommerce 3.7.1"},"content":{"rendered":"<h3>WavePlayer Waveform Audio Player pour WordPress et WooCommerce Traits<\/h3>\n<p>WavePlayer est un lecteur audio de forme d&rsquo;onde tr\u00e8s puissant et adaptable qui s&rsquo;int\u00e8gre de mani\u00e8re transparente aux plates-formes populaires de WordPress et WooCommerce, ce qui en fait un plugin in\u00e9gal\u00e9 pour les propri\u00e9taires de sites Web. Il leur permet d&rsquo;incorporer sans effort les fonctionnalit\u00e9s de lecture audio de premier ordre dans leurs pages Web et articles de blog, enrichissant par cons\u00e9quent l&rsquo;exp\u00e9rience utilisateur globale. Avec les avantages suppl\u00e9mentaires des skins personnalisables, des listes de lecture et de l&rsquo;int\u00e9gration sans effort avec des services de streaming audio renomm\u00e9s comme SoundCloud, WavePlayer appara\u00eet comme l&rsquo;outil ultime, r\u00e9pondant aux besoins des musiciens, des podcasteurs et des individus aspirant \u00e0 exposer leur contenu audio dans un professionnel profond\u00e9 mani\u00e8re captivante. Que vous soyez un individu qui cherche \u00e0 vendre votre musique ou que vous aspirez simplement \u00e0 pr\u00e9senter vos cr\u00e9ations artistiques, WavePlayer est la solution par excellence pour \u00e9lever votre pr\u00e9sence en ligne et accorder \u00e0 vos utilisateurs une rencontre auditive ind\u00e9l\u00e9bile et impressionnante. Ainsi, si vous cherchez \u00e0 augmenter l&rsquo;interactivit\u00e9 et l&rsquo;engagement de votre site Web, saisissez l&rsquo;opportunit\u00e9 d&rsquo;explorer les caract\u00e9ristiques remarquables de WavePlayer aujourd&rsquo;hui!<\/p>\n<ul>\n<li>Plugin de lecteur audio puissant con\u00e7u pour WordPress et WooCommerce<\/li>\n<li>Prend en charge plusieurs formats de fichiers audio, y compris MP3, WAV et OGG<\/li>\n<li>Facile \u00e0 installer et \u00e0 configurer, aucun codage requis<\/li>\n<li>Joueur personnalisable avec une gamme d&rsquo;options de conception<\/li>\n<li>Int\u00e9gration transparente avec vos sites WordPress et WooCommerce<\/li>\n<li>La conception r\u00e9active garantit la compatibilit\u00e9 avec tous les appareils<\/li>\n<li>Gestion de la liste de lecture int\u00e9gr\u00e9e pour une organisation facile et une navigation de fichiers audio<\/li>\n<li>Fonctionnement automatique du curriculum vitae apr\u00e8s les rechargements de page ou les plantages de navigateur<\/li>\n<li>Option pour afficher les illustrations de l&rsquo;album et les informations de suivi<\/li>\n<li>Analyse audio int\u00e9gr\u00e9e pour suivre l&rsquo;engagement des utilisateurs sur votre site.<\/li>\n<\/ul>\n","protected":false},"excerpt":{"rendered":"<p>Le WavePlayer WaveFor \u200b\u200bAudio Player, un plugin de haute qualit\u00e9 sp\u00e9cifiquement cr\u00e9\u00e9 pour les sites Web WordPress et WooCommerce, se pr\u00e9sente comme une option exceptionnelle pour des personnes comme les musiciens, les podcasters et ceux qui aspirent \u00e0 incorporer un lecteur audio engageant et esth\u00e9tiquement attrayant dans leur site Web. Offrant aux utilisateurs des affichages de forme d&rsquo;onde pour visualiser l&rsquo;audio, la possibilit\u00e9 de personnaliser les skins en fonction des pr\u00e9f\u00e9rences individuelles et l&rsquo;int\u00e9gration transparente avec WooCommerce, le WavePlayer est une solution in\u00e9gal\u00e9e \u00e0 la fois pour la distribution et le streaming du contenu audio sur n&rsquo;importe quel site Web WordPress. En utilisant WavePlayer, on peut \u00e9lever l&rsquo;exp\u00e9rience utilisateur globale de son site Web et amplifier simultan\u00e9ment son potentiel de vente.<\/p>\n","protected":false},"featured_media":145738,"comment_status":"open","ping_status":"open","template":"","meta":[],"product_brand":[2435],"product_cat":[1189,1181,1186],"product_tag":[1231],"class_list":{"0":"post-113468","1":"product","2":"type-product","3":"status-publish","4":"has-post-thumbnail","6":"product_brand-codecanyon","7":"product_cat-personnalisation","8":"product_cat-plugins","9":"product_cat-wordpress-plugins","10":"product_tag-codecanyon","11":"member-discount","12":"discount-restricted","14":"first","15":"instock","16":"sale","17":"downloadable","18":"virtual","19":"sold-individually","20":"purchasable","21":"product-type-simple"},"_links":{"self":[{"href":"https:\/\/gpl-love.com\/fr\/wp-json\/wp\/v2\/product\/113468","targetHints":{"allow":["GET"]}}],"collection":[{"href":"https:\/\/gpl-love.com\/fr\/wp-json\/wp\/v2\/product"}],"about":[{"href":"https:\/\/gpl-love.com\/fr\/wp-json\/wp\/v2\/types\/product"}],"replies":[{"embeddable":true,"href":"https:\/\/gpl-love.com\/fr\/wp-json\/wp\/v2\/comments?post=113468"}],"wp:featuredmedia":[{"embeddable":true,"href":"https:\/\/gpl-love.com\/fr\/wp-json\/wp\/v2\/media\/145738"}],"wp:attachment":[{"href":"https:\/\/gpl-love.com\/fr\/wp-json\/wp\/v2\/media?parent=113468"}],"wp:term":[{"taxonomy":"product_brand","embeddable":true,"href":"https:\/\/gpl-love.com\/fr\/wp-json\/wp\/v2\/product_brand?post=113468"},{"taxonomy":"product_cat","embeddable":true,"href":"https:\/\/gpl-love.com\/fr\/wp-json\/wp\/v2\/product_cat?post=113468"},{"taxonomy":"product_tag","embeddable":true,"href":"https:\/\/gpl-love.com\/fr\/wp-json\/wp\/v2\/product_tag?post=113468"}],"curies":[{"name":"wp","href":"https:\/\/api.w.org\/{rel}","templated":true}]}}