{"id":113466,"date":"2021-04-16T00:00:00","date_gmt":"2021-04-15T22:00:00","guid":{"rendered":"http:\/\/gpl-love.com\/fr\/produit\/mediz-medical-wordpress-theme\/"},"modified":"2026-03-20T23:24:17","modified_gmt":"2026-03-20T22:24:17","slug":"mediz-medical-wordpress-theme","status":"publish","type":"product","link":"https:\/\/gpl-love.com\/fr\/produit\/mediz-medical-wordpress-theme\/","title":{"rendered":"Mediz Medical WordPress Theme 2.0.4"},"content":{"rendered":"<h3>Mediz Medical WordPress Theme Traits<\/h3>\n<p>Le th\u00e8me Medical Medical WordPress est un th\u00e8me exceptionnel et digne de confiance qui a \u00e9t\u00e9 m\u00e9ticuleusement con\u00e7u avec les besoins sp\u00e9cifiques des professionnels de la sant\u00e9, des h\u00f4pitaux, des cliniques et des organisations de sant\u00e9. B\u00e9n\u00e9ficiant d&rsquo;un design \u00e9l\u00e9gant et contemporain, ce th\u00e8me accorde la plus grande importance sur les fonctionnalit\u00e9s et la convivialit\u00e9. Offrant une vaste gamme de fonctionnalit\u00e9s et de widgets sur mesure, tels qu&rsquo;un syst\u00e8me de r\u00e9servation de rendez-vous pour les patients de pointe, une vitrine intuitive de services et de d\u00e9partements m\u00e9dicaux, de profils individuels pour les membres de l&rsquo;\u00e9quipe et une section FAQ informative, le th\u00e8me WordPress m\u00e9dical Mediz va au-dessus et au-del\u00e0 de r\u00e9pondre aux exigences uniques de l&rsquo;industrie m\u00e9dicale. En outre, ce th\u00e8me est enti\u00e8rement r\u00e9actif, garantissant que votre site Web conservera son attrait visuel exceptionnel et ses fonctionnalit\u00e9s sur tous les appareils. Avec son constructeur de page de glisser-d\u00e9poser et une large gamme d&rsquo;options de couleurs illimit\u00e9es, la personnalisation du th\u00e8me Medical Medical WordPress est un jeu d&rsquo;enfant, l&rsquo;\u00e9tablissement comme le choix parfait pour tous ceux qui cherchent \u00e0 \u00e9tablir une pr\u00e9sence en ligne faisant autorit\u00e9 et percutante dans le m\u00e9dical au sein de la m\u00e9decine dans le cadre m\u00e9dical dans le Medical champ.<\/p>\n<ul>\n<li>Conception enti\u00e8rement r\u00e9active qui fonctionne parfaitement sur tous les appareils<\/li>\n<li>Comprend une vaste gamme de pages pr\u00e9d\u00e9finies pour divers services m\u00e9dicaux, ce qui facilite la cr\u00e9ation d&rsquo;un site Web d&rsquo;aspect professionnel<\/li>\n<li>SEO optimis\u00e9 pour aider \u00e0 am\u00e9liorer la visibilit\u00e9 de votre site Web et \u00e0 g\u00e9n\u00e9rer du trafic vers votre pratique<\/li>\n<li>Builder de pages faciles \u00e0 utiliser pour personnaliser et cr\u00e9er des pages uniques<\/li>\n<li>Livr\u00e9 avec des forfaits de fonctions pr\u00eates \u00e0 l&#8217;emploi pour la planification des rendez-vous, la gestion de l&rsquo;\u00e9quipe et la gestion des patients<\/li>\n<li>Construit sur la derni\u00e8re version de WordPress, garantissant la compatibilit\u00e9 avec les plugins les plus populaires<\/li>\n<li>Comprend une documentation compl\u00e8te et un soutien personnalis\u00e9 pour vous aider \u00e0 d\u00e9marrer<\/li>\n<li>Flux de travail rationalis\u00e9 et interface conviviale pour une facilit\u00e9 d&rsquo;utilisation<\/li>\n<li>Options de conception hautement personnalisables pour vous assurer que votre site Web refl\u00e8te l&rsquo;identit\u00e9 de votre marque<\/li>\n<li>Peut \u00eatre utilis\u00e9 pour une vari\u00e9t\u00e9 de types de pratique m\u00e9dicale, tels que les h\u00f4pitaux, les cliniques, les cabinets dentaires, etc.<\/li>\n<\/ul>\n","protected":false},"excerpt":{"rendered":"<p>Le th\u00e8me Medical Medical WordPress est un th\u00e8me remarquablement con\u00e7u et compl\u00e8tement r\u00e9actif qui est exceptionnellement bien adapt\u00e9 \u00e0 tout site Web concernant l&rsquo;industrie m\u00e9dicale ou de la sant\u00e9. Ce th\u00e8me exceptionnel offre un \u00e9ventail de fonctionnalit\u00e9s avanc\u00e9es, y compris la possibilit\u00e9 de r\u00e9server des rendez-vous, de pr\u00e9senter les profils des m\u00e9decins et d&rsquo;afficher des t\u00e9moignages de patients. En outre, le th\u00e8me pr\u00e9sente un vaste assortiment d&rsquo;options de personnalisation qui permettent une personnalisation sans effort, vous permettant d&rsquo;adapter l&rsquo;apparence et l&rsquo;esth\u00e9tique globale de votre site \u00e0 vos pr\u00e9f\u00e9rences sp\u00e9cifiques. Le th\u00e8me Medical Medical WordPress est ind\u00e9niablement convivial, extr\u00eamement sans effort pour naviguer et m\u00e9ticuleusement optimis\u00e9 pour les moteurs de recherche, garantissant un classement de moteurs de recherche remarquable pour votre site Web. En utilisant ce th\u00e8me, votre site Web m\u00e9dical ou de sant\u00e9 d\u00e9gagera ind\u00e9niablement le professionnalisme, la contemporan\u00e9it\u00e9 et les fonctionnalit\u00e9s optimales.<\/p>\n","protected":false},"featured_media":144493,"comment_status":"open","ping_status":"open","template":"","meta":[],"product_brand":[2433],"product_cat":[1516,1212,1213],"product_tag":[1366],"class_list":{"0":"post-113466","1":"product","2":"type-product","3":"status-publish","4":"has-post-thumbnail","6":"product_brand-themeforest","7":"product_cat-entreprise","8":"product_cat-themes","9":"product_cat-wordpress-themes","10":"product_tag-themeforest","11":"member-discount","12":"discount-restricted","14":"first","15":"instock","16":"sale","17":"downloadable","18":"virtual","19":"sold-individually","20":"purchasable","21":"product-type-simple"},"_links":{"self":[{"href":"https:\/\/gpl-love.com\/fr\/wp-json\/wp\/v2\/product\/113466","targetHints":{"allow":["GET"]}}],"collection":[{"href":"https:\/\/gpl-love.com\/fr\/wp-json\/wp\/v2\/product"}],"about":[{"href":"https:\/\/gpl-love.com\/fr\/wp-json\/wp\/v2\/types\/product"}],"replies":[{"embeddable":true,"href":"https:\/\/gpl-love.com\/fr\/wp-json\/wp\/v2\/comments?post=113466"}],"wp:featuredmedia":[{"embeddable":true,"href":"https:\/\/gpl-love.com\/fr\/wp-json\/wp\/v2\/media\/144493"}],"wp:attachment":[{"href":"https:\/\/gpl-love.com\/fr\/wp-json\/wp\/v2\/media?parent=113466"}],"wp:term":[{"taxonomy":"product_brand","embeddable":true,"href":"https:\/\/gpl-love.com\/fr\/wp-json\/wp\/v2\/product_brand?post=113466"},{"taxonomy":"product_cat","embeddable":true,"href":"https:\/\/gpl-love.com\/fr\/wp-json\/wp\/v2\/product_cat?post=113466"},{"taxonomy":"product_tag","embeddable":true,"href":"https:\/\/gpl-love.com\/fr\/wp-json\/wp\/v2\/product_tag?post=113466"}],"curies":[{"name":"wp","href":"https:\/\/api.w.org\/{rel}","templated":true}]}}