{"id":113449,"date":"2023-11-11T00:00:00","date_gmt":"2023-11-10T23:00:00","guid":{"rendered":"http:\/\/gpl-love.com\/fr\/produit\/woocommerce-storefront-powerpack\/"},"modified":"2026-03-20T23:48:07","modified_gmt":"2026-03-20T22:48:07","slug":"woocommerce-storefront-powerpack","status":"publish","type":"product","link":"https:\/\/gpl-love.com\/fr\/produit\/woocommerce-storefront-powerpack\/","title":{"rendered":"WooCommerce Storefront Powerpack 1.6.3"},"content":{"rendered":"<h3>WooCommerce Storefront Powerpack Traits<\/h3>\n<p>Le WooCommerce Storefront PowerPack est une suite d&rsquo;outils globale qui englobait \u00e0 augmenter \u00e0 la fois les fonctionnalit\u00e9s et les aspects de conception de votre magasin virtuel. Ce plugin remarquablement puissant propose une vaste gamme de fonctionnalit\u00e9s, y compris, mais sans s&rsquo;y limiter, des dispositions personnalisables pour l&rsquo;en-t\u00eate et le pied de page, des options typographiques avanc\u00e9es, la possibilit\u00e9 de personnaliser l&rsquo;apparence des pages de produits et une myriade d&rsquo;autres fonctionnalit\u00e9s utiles. En tirant parti de la puissance du WooCommerce Storefront PowerPack, vous pouvez \u00e9tablir sans effort une exp\u00e9rience d&rsquo;achat sans folie et immersive pour votre client\u00e8le estim\u00e9e, tout en am\u00e9liorant simultan\u00e9ment l&rsquo;attrait esth\u00e9tique global et l&rsquo;efficacit\u00e9 op\u00e9rationnelle de votre emporium en ligne. Que votre objectif principal soit d&rsquo;am\u00e9liorer l&rsquo;exp\u00e9rience utilisateur, de faire tourner vos chiffres de vente ou simplement de vous distinguer de la concurrence implacable, le PowerPack WooCommerce \u00e9merge sans \u00e9quivoque comme un outil indispensable dans l&rsquo;arsenal de tout vendeur en ligne exigeant.<\/p>\n<ul>\n<li>Am\u00e9liore la fonctionnalit\u00e9 de votre th\u00e8me de vitrine WooCommerce<\/li>\n<li>Ajoute une vari\u00e9t\u00e9 d&rsquo;options de personnalisation \u00e0 votre conception de vitrine<\/li>\n<li>Comprend des mod\u00e8les et des dispositions pr\u00e9-con\u00e7us pour les pages de produits et les pages de paiement<\/li>\n<li>Permet un plus grand contr\u00f4le sur l&rsquo;apparence de votre magasin<\/li>\n<li>Fournit des fonctionnalit\u00e9s suppl\u00e9mentaires telles que le zoom d&rsquo;image du produit, le d\u00e9filement infini et les menus personnalis\u00e9s<\/li>\n<li>Optimis\u00e9 pour les appareils mobiles et la conception r\u00e9active<\/li>\n<li>Int\u00e9gration facile avec d&rsquo;autres plugins WooCommerce<\/li>\n<li>Am\u00e9lioration de la vitesse et des performances du site avec un code optimis\u00e9<\/li>\n<li>Mises \u00e0 jour r\u00e9guli\u00e8res et soutien de l&rsquo;\u00e9quipe WooCommerce.<\/li>\n<\/ul>\n","protected":false},"excerpt":{"rendered":"<p>WooCommerce Storefront PowerPack est une bo\u00eete \u00e0 outils compl\u00e8te et robuste m\u00e9ticuleusement con\u00e7ue pour \u00e9lever et personnaliser votre boutique en ligne, vous accordant un niveau de contr\u00f4le et de personnalisation in\u00e9gal\u00e9. Cette ressource extraordinaire regorge d&rsquo;une pl\u00e9thore de fonctionnalit\u00e9s premium qui sont con\u00e7ues par des experts pour optimiser la conception de votre magasin, am\u00e9liorer ses fonctionnalit\u00e9s et renforcer vos chiffres de vente. Avec les capacit\u00e9s remarquables de Storefront Powerpack \u00e0 votre disposition, vous avez la capacit\u00e9 d&rsquo;adapter et de modifier de mani\u00e8re transparente votre page d&rsquo;accueil, de manipuler sans effort la typographie et les couleurs de votre magasin, d&rsquo;introduire sans effort des widgets nouveaux, et bien plus encore. De plus, ce plugin extraordinaire vous offre des options avanc\u00e9es qui vous int\u00e9grent de mani\u00e8re transparente dans vos pages de produits, votre processus de paiement et vos notifications par e-mail, vous permettant de cr\u00e9er une exp\u00e9rience d&rsquo;achat exclusive et de marque qui est uniquement adapt\u00e9e \u00e0 votre client\u00e8le estim\u00e9e. Si vous aspirez \u00e0 transcender et \u00e0 monter au Zenith du succ\u00e8s avec votre magasin WooCommerce, il est incontestable que Storefront PowerPack soit sans \u00e9quivoque l&rsquo;outil par excellence et indispensable qui vous permettra d&rsquo;obtenir vos aspirations \u00e9lev\u00e9es.<\/p>\n","protected":false},"featured_media":146045,"comment_status":"open","ping_status":"open","template":"","meta":[],"product_brand":[2440],"product_cat":[1182,1223,1181],"product_tag":[1398],"class_list":{"0":"post-113449","1":"product","2":"type-product","3":"status-publish","4":"has-post-thumbnail","6":"product_brand-woocommerce","7":"product_cat-commerce-electronique-plugins","8":"product_cat-personnalisation-commerce-electronique-plugins","9":"product_cat-plugins","10":"product_tag-woocommerce","11":"member-discount","12":"discount-restricted","14":"first","15":"instock","16":"sale","17":"downloadable","18":"virtual","19":"sold-individually","20":"purchasable","21":"product-type-simple"},"_links":{"self":[{"href":"https:\/\/gpl-love.com\/fr\/wp-json\/wp\/v2\/product\/113449","targetHints":{"allow":["GET"]}}],"collection":[{"href":"https:\/\/gpl-love.com\/fr\/wp-json\/wp\/v2\/product"}],"about":[{"href":"https:\/\/gpl-love.com\/fr\/wp-json\/wp\/v2\/types\/product"}],"replies":[{"embeddable":true,"href":"https:\/\/gpl-love.com\/fr\/wp-json\/wp\/v2\/comments?post=113449"}],"wp:featuredmedia":[{"embeddable":true,"href":"https:\/\/gpl-love.com\/fr\/wp-json\/wp\/v2\/media\/146045"}],"wp:attachment":[{"href":"https:\/\/gpl-love.com\/fr\/wp-json\/wp\/v2\/media?parent=113449"}],"wp:term":[{"taxonomy":"product_brand","embeddable":true,"href":"https:\/\/gpl-love.com\/fr\/wp-json\/wp\/v2\/product_brand?post=113449"},{"taxonomy":"product_cat","embeddable":true,"href":"https:\/\/gpl-love.com\/fr\/wp-json\/wp\/v2\/product_cat?post=113449"},{"taxonomy":"product_tag","embeddable":true,"href":"https:\/\/gpl-love.com\/fr\/wp-json\/wp\/v2\/product_tag?post=113449"}],"curies":[{"name":"wp","href":"https:\/\/api.w.org\/{rel}","templated":true}]}}