{"id":113447,"date":"2026-03-13T00:00:00","date_gmt":"2026-03-12T23:00:00","guid":{"rendered":"http:\/\/gpl-love.com\/fr\/produit\/the-events-calendar-filter-bar\/"},"modified":"2026-04-10T18:42:15","modified_gmt":"2026-04-10T16:42:15","slug":"the-events-calendar-filter-bar","status":"publish","type":"product","link":"https:\/\/gpl-love.com\/fr\/produit\/the-events-calendar-filter-bar\/","title":{"rendered":"The Events Calendar Filter Bar 5.6.3"},"content":{"rendered":"<h3>The Events Calendar Filter Bar Traits<\/h3>\n<p>La barre de filtre du calendrier des \u00e9v\u00e9nements est un outil extr\u00eamement robuste qui offre aux utilisateurs la capacit\u00e9 pratique de passer rapidement et sans effort sans effort \u00e0 travers un \u00e9ventail complet d&rsquo;\u00e9v\u00e9nements sur un calendrier. Arm\u00e9 de son interface hautement intuitive et d&rsquo;un \u00e9ventail d&rsquo;options de personnalisation \u00e9tendues, ce plugin permet aux entreprises et aux organisations d&rsquo;adapter finement leur calendrier aux exigences distinctes de leur public. Que l&rsquo;objectif soit de mettre l&rsquo;accent sur des types d&rsquo;\u00e9v\u00e9nements, des emplacements ou des gammes de dattes sp\u00e9cifiques, la barre de filtre du calendrier des \u00e9v\u00e9nements accorde des moyens sans effort pour pr\u00e9senter les \u00e9v\u00e9nements qui ont la plus grande importance. De plus, en raison de son int\u00e9gration impeccable avec le plugin Calendar Events, cet outil est le choix id\u00e9al pour les personnes qui cherchent \u00e0 optimiser l&rsquo;impact de leur calendrier d&rsquo;\u00e9v\u00e9nements.<\/p>\n<ul>\n<li>Filtrage efficace des \u00e9v\u00e9nements en fonction de la date, de la cat\u00e9gorie, du mot-cl\u00e9 et de l&#8217;emplacement<\/li>\n<li>Options de filtre personnalisables pour r\u00e9pondre aux besoins de votre \u00e9v\u00e9nement sp\u00e9cifique<\/li>\n<li>Gave le temps et les efforts en r\u00e9tr\u00e9cissant rapidement les r\u00e9sultats de la recherche d&rsquo;\u00e9v\u00e9nements<\/li>\n<li>Interface conviviale pour une navigation facile et une s\u00e9lection d&rsquo;options de filtre<\/li>\n<li>Conception r\u00e9active qui s&rsquo;adapte \u00e0 diff\u00e9rentes tailles d&rsquo;\u00e9cran et appareils<\/li>\n<li>Int\u00e9gration transparente avec le plugin du calendrier des \u00e9v\u00e9nements pour WordPress<\/li>\n<li>Mises \u00e0 jour r\u00e9guli\u00e8res et soutien pour assurer des performances optimales et une satisfaction des clients<\/li>\n<\/ul>\n","protected":false},"excerpt":{"rendered":"<p>La barre de filtre Calendar Events est un outil tr\u00e8s efficace et convivial qui permet aux utilisateurs la possibilit\u00e9 d&rsquo;organiser et d&rsquo;affiner sans effort en fonction une vaste gamme de crit\u00e8res comprenant mais sans s&rsquo;y limiter \u00e0 la date, \u00e0 l&#8217;emplacement et \u00e0 la cat\u00e9gorie. Impr\u00e9gn\u00e9 d&rsquo;une interface transparente et raffin\u00e9e, cet outil remarquable offre une approche rationalis\u00e9e pour rechercher des \u00e9v\u00e9nements et personnaliser l&rsquo;exp\u00e9rience de visionnage globale. D\u00e9velopp\u00e9 exclusivement pour le plugin du calendrier des \u00e9v\u00e9nements sur WordPress, ce plugin inestimable sert d&rsquo;atout indispensable pour les personnes cherchant \u00e0 optimiser la fonctionnalit\u00e9 du calendrier des \u00e9v\u00e9nements de leur site Web.<\/p>\n","protected":false},"featured_media":145466,"comment_status":"open","ping_status":"open","template":"","meta":[],"product_brand":[2671],"product_cat":[1189,1181,1186],"product_tag":[1532],"class_list":{"0":"post-113447","1":"product","2":"type-product","3":"status-publish","4":"has-post-thumbnail","6":"product_brand-the-events-calendar","7":"product_cat-personnalisation","8":"product_cat-plugins","9":"product_cat-wordpress-plugins","10":"product_tag-the-events-calendar","11":"member-discount","12":"discount-restricted","14":"first","15":"instock","16":"sale","17":"downloadable","18":"virtual","19":"sold-individually","20":"purchasable","21":"product-type-simple"},"_links":{"self":[{"href":"https:\/\/gpl-love.com\/fr\/wp-json\/wp\/v2\/product\/113447","targetHints":{"allow":["GET"]}}],"collection":[{"href":"https:\/\/gpl-love.com\/fr\/wp-json\/wp\/v2\/product"}],"about":[{"href":"https:\/\/gpl-love.com\/fr\/wp-json\/wp\/v2\/types\/product"}],"replies":[{"embeddable":true,"href":"https:\/\/gpl-love.com\/fr\/wp-json\/wp\/v2\/comments?post=113447"}],"wp:featuredmedia":[{"embeddable":true,"href":"https:\/\/gpl-love.com\/fr\/wp-json\/wp\/v2\/media\/145466"}],"wp:attachment":[{"href":"https:\/\/gpl-love.com\/fr\/wp-json\/wp\/v2\/media?parent=113447"}],"wp:term":[{"taxonomy":"product_brand","embeddable":true,"href":"https:\/\/gpl-love.com\/fr\/wp-json\/wp\/v2\/product_brand?post=113447"},{"taxonomy":"product_cat","embeddable":true,"href":"https:\/\/gpl-love.com\/fr\/wp-json\/wp\/v2\/product_cat?post=113447"},{"taxonomy":"product_tag","embeddable":true,"href":"https:\/\/gpl-love.com\/fr\/wp-json\/wp\/v2\/product_tag?post=113447"}],"curies":[{"name":"wp","href":"https:\/\/api.w.org\/{rel}","templated":true}]}}