{"id":113443,"date":"2026-04-18T00:00:00","date_gmt":"2026-04-17T22:00:00","guid":{"rendered":"http:\/\/gpl-love.com\/fr\/produit\/woocommerce-buy-one-get-one-free\/"},"modified":"2026-04-19T00:31:07","modified_gmt":"2026-04-18T22:31:07","slug":"woocommerce-buy-one-get-one-free","status":"publish","type":"product","link":"https:\/\/gpl-love.com\/fr\/produit\/woocommerce-buy-one-get-one-free\/","title":{"rendered":"WooCommerce Buy One Get One Free 6.0.3"},"content":{"rendered":"<h3>WooCommerce Buy One Get One Free Traits<\/h3>\n<p>Le WooCommerce Buy One One Get One Free Plugin se pr\u00e9sente comme une ressource indispensable pour ceux qui sont engag\u00e9s dans le domaine du commerce en ligne, car il offre un moyen d&rsquo;augmenter les ventes et de favoriser l&rsquo;engagement des clients. Ce plugin facilite la cr\u00e9ation de Buy One Get One One Free (BOGO), permettant aux propri\u00e9taires de magasins de s\u00e9lectionner des produits ou des cat\u00e9gories particuliers pour \u00eatre soumis \u00e0 cette promotion attrayante. Notamment, les clients sont dot\u00e9s de la commodit\u00e9 de discerner facilement les offres de Bogo et de profiter pleinement de la promotion sans rencontrer de perplexit\u00e9 ou de d\u00e9sagr\u00e9ment indue. Un aspect primordial de ce plugin r\u00e9side dans sa personnalisation inh\u00e9rente, qui offre aux propri\u00e9taires de magasins la capacit\u00e9 d&rsquo;\u00e9tablir des conditions sp\u00e9cifiques pour l&rsquo;accord Bogo, telles que la promulgation de limitations sur la quantit\u00e9 d&rsquo;articles compl\u00e9mentaires par achat. De plus, le plugin pr\u00e9sente une compatibilit\u00e9 avec tous les principaux th\u00e8mes et plugins WooCommerce, garantissant ainsi une int\u00e9gration transparente dans n&rsquo;importe quelle boutique en ligne. Lorsqu&rsquo;il est consult\u00e9 de mani\u00e8re holistique, le WooCommerce Acheter One One Get One Free Plugin appara\u00eet comme un actif indispensable pour les propri\u00e9taires de magasins en ligne qui abritent des aspirations de renforcement des ventes et de la gratification des clients.<\/p>\n<ul>\n<li>Appliquez automatiquement la promotion \u00abAchetez-vous un seul\u00bb pour les produits \u00e9ligibles dans la boutique WooCommerce<\/li>\n<li>Configurations flexibles pour personnaliser les r\u00e8gles de bogo bas\u00e9es sur le produit, la cat\u00e9gorie ou les promotions sp\u00e9cifiques<\/li>\n<li>Compatible avec des produits simples, variables et group\u00e9s dans WooCommerce<\/li>\n<li>Option pour choisir les produits \u00e0 inclure et lesquels exclure des promotions Bogo<\/li>\n<li>Capacit\u00e9 \u00e0 limiter le nombre total de produits gratuits qui sont donn\u00e9s pour une promotion<\/li>\n<li>Interface utilisateur simple et simple pour g\u00e9rer les promotions Bogo<\/li>\n<li>Ajuste automatiquement la tarification du panier lorsque la promotion de Bogo est appliqu\u00e9e<\/li>\n<li>Compatible avec la plupart des passerelles de paiement WooCommerce et des m\u00e9thodes d&rsquo;exp\u00e9dition<\/li>\n<li>Fonctionnalit\u00e9s avanc\u00e9es comme d\u00e9finir des r\u00e9ductions en fonction de la quantit\u00e9 ou de la cat\u00e9gorie de produits<\/li>\n<li>Support client 24\/7 et mises \u00e0 jour r\u00e9guli\u00e8res pour assurer la compatibilit\u00e9 avec la derni\u00e8re version WooCommerce.<\/li>\n<\/ul>\n","protected":false},"excerpt":{"rendered":"<p>Profitez de l&rsquo;immense potentiel pour augmenter vos ventes en incorporant les fonctionnalit\u00e9s remarquables de WooCommerce acheter un gratuitement! Ce plugin exceptionnel vous pr\u00e9sente l&rsquo;occasion unique de cr\u00e9er des promotions s\u00e9duisantes qui incitent les clients \u00e0 faire un achat en leur offrant la possibilit\u00e9 d&rsquo;acqu\u00e9rir un article suppl\u00e9mentaire sans frais. En outre, le processus d&rsquo;installation transparente et la vaste gamme d&rsquo;options personnalisables garantissent que vous pouvez guider sans effort les acheteurs potentiels vers l&rsquo;acquisition d&rsquo;un plus grand nombre de produits, tout en connu une augmentation substantielle des taux de conversion. Embrassez les prouesses ind\u00e9niables des offres de Bogo et propulsez votre entreprise \u00e0 de nouveaux sommets avec les capacit\u00e9s in\u00e9gal\u00e9es de WooCommerce acheter un gratuitement!<\/p>\n","protected":false},"featured_media":145826,"comment_status":"open","ping_status":"open","template":"","meta":[],"product_brand":[2440],"product_cat":[1182,1200,1181],"product_tag":[1398],"class_list":{"0":"post-113443","1":"product","2":"type-product","3":"status-publish","4":"has-post-thumbnail","6":"product_brand-woocommerce","7":"product_cat-commerce-electronique-plugins","8":"product_cat-commercialisation","9":"product_cat-plugins","10":"product_tag-woocommerce","11":"member-discount","12":"discount-restricted","14":"first","15":"instock","16":"sale","17":"downloadable","18":"virtual","19":"sold-individually","20":"purchasable","21":"product-type-simple"},"_links":{"self":[{"href":"https:\/\/gpl-love.com\/fr\/wp-json\/wp\/v2\/product\/113443","targetHints":{"allow":["GET"]}}],"collection":[{"href":"https:\/\/gpl-love.com\/fr\/wp-json\/wp\/v2\/product"}],"about":[{"href":"https:\/\/gpl-love.com\/fr\/wp-json\/wp\/v2\/types\/product"}],"replies":[{"embeddable":true,"href":"https:\/\/gpl-love.com\/fr\/wp-json\/wp\/v2\/comments?post=113443"}],"wp:featuredmedia":[{"embeddable":true,"href":"https:\/\/gpl-love.com\/fr\/wp-json\/wp\/v2\/media\/145826"}],"wp:attachment":[{"href":"https:\/\/gpl-love.com\/fr\/wp-json\/wp\/v2\/media?parent=113443"}],"wp:term":[{"taxonomy":"product_brand","embeddable":true,"href":"https:\/\/gpl-love.com\/fr\/wp-json\/wp\/v2\/product_brand?post=113443"},{"taxonomy":"product_cat","embeddable":true,"href":"https:\/\/gpl-love.com\/fr\/wp-json\/wp\/v2\/product_cat?post=113443"},{"taxonomy":"product_tag","embeddable":true,"href":"https:\/\/gpl-love.com\/fr\/wp-json\/wp\/v2\/product_tag?post=113443"}],"curies":[{"name":"wp","href":"https:\/\/api.w.org\/{rel}","templated":true}]}}