{"id":113441,"date":"2024-03-04T00:00:00","date_gmt":"2024-03-03T23:00:00","guid":{"rendered":"http:\/\/gpl-love.com\/fr\/produit\/aliexpress-dropshipping-business-plugin-for-woocommerce\/"},"modified":"2026-03-20T22:54:18","modified_gmt":"2026-03-20T21:54:18","slug":"aliexpress-dropshipping-business-plugin-for-woocommerce","status":"publish","type":"product","link":"https:\/\/gpl-love.com\/fr\/produit\/aliexpress-dropshipping-business-plugin-for-woocommerce\/","title":{"rendered":"AliExpress Dropshipping Business plugin pour WooCommerce 3.2.4"},"content":{"rendered":"<h3>AliExpress Dropshipping Business plugin pour WooCommerce Traits<\/h3>\n<p>Le plugin AliExpress Dropshipping Business for WooCommerce est un outil tr\u00e8s efficace qui offre l&rsquo;avantage substantiel de pouvoir lancer votre propre entreprise de commerce \u00e9lectronique sans n\u00e9cessiter la n\u00e9cessit\u00e9 d&rsquo;un inventaire physique. Ce plugin remarquablement pratique vous donne la possibilit\u00e9 d&rsquo;importer sans effort un large \u00e9ventail de produits directement d&rsquo;AliExpress \u00e0 votre boutique WooCommerce avec seulement quelques clics, rationalisant et simplifiant ainsi le processus par ailleurs complexe et laborieux pour faire fonctionner une entreprise de drop-drop. En utilisant ce plugin, vous obtenez la capacit\u00e9 avantageuse de g\u00e9rer et de superviser toutes les commandes entrantes, de suivre efficacement toutes les exp\u00e9ditions sortantes et de modifier et de mettre \u00e0 jour rapidement les niveaux de prix et d&rsquo;inventaire en temps r\u00e9el. De plus, ce plugin englobe une vaste gamme de fonctionnalit\u00e9s hautement souhaitables qui facilitent et acc\u00e9l\u00e8rent efficacement le processus de personnalisation et de personnalisation de votre boutique en ligne pour r\u00e9pondre avec pr\u00e9cision \u00e0 vos pr\u00e9f\u00e9rences et exigences uniques. Ces fonctionnalit\u00e9s incluent, mais sans s&rsquo;y limiter, la possibilit\u00e9 d&rsquo;incorporer sans effort des images de produits personnalis\u00e9es, de m\u00e9ticulent m\u00e9ticuleusement et d&rsquo;affiner les descriptions d\u00e9taill\u00e9es des produits et d&rsquo;int\u00e9grer divers \u00e9l\u00e9ments suppl\u00e9mentaires qui contribuent \u00e0 l&rsquo;attrait esth\u00e9tique global et \u00e0 la fonctionnalit\u00e9 de votre magasin. Par cons\u00e9quent, que vous soyez un vendeur chevronn\u00e9 et exp\u00e9riment\u00e9 d\u00e9j\u00e0 bien familier dans les subtilit\u00e9s du domaine du commerce \u00e9lectronique ou d&rsquo;un novice enthousiaste qui se lance dans votre tout premier voyage entrepreneurial, le plugin commercial AliExpress pour WooCommerce repr\u00e9sente sans aucun doute un plugin hautement pr\u00e9cieux pour Woocommerce hautement pr\u00e9cieux pour WooCommerce repr\u00e9sente un tr\u00e8s inidule et un actif indispensable qui poss\u00e8de le potentiel in\u00e9gal\u00e9 pour acc\u00e9l\u00e9rer efficacement la croissance et l&rsquo;expansion de votre entreprise d&rsquo;une mani\u00e8re exceptionnellement rapide et transparente.<\/p>\n<ul>\n<li>Importez automatiquement des produits d&rsquo;AliExpress vers votre boutique WooCommerce<\/li>\n<li>Inventaire en temps r\u00e9el et synchronisation des prix avec les vendeurs d&rsquo;AliExpress<\/li>\n<li>R\u00e9alisation des commandes en un clic sur AliExpress<\/li>\n<li>Option pour ajuster les prix et modifier les d\u00e9tails du produit avant de publier dans votre magasin<\/li>\n<li>Les avis et notations automatis\u00e9s des produits importent d&rsquo;AliExpress<\/li>\n<li>Option d&rsquo;importer plusieurs produits \u00e0 la fois avec une fonction d&rsquo;importation en vrac<\/li>\n<li>Compatibilit\u00e9 avec plusieurs th\u00e8mes et plugins WooCommerce<\/li>\n<li>Interface conviviale avec une configuration et une configuration faciles<\/li>\n<li>Acc\u00e8s au programme d&rsquo;affiliation AliExpress pour gagner une commission sur les ventes<\/li>\n<\/ul>\n","protected":false},"excerpt":{"rendered":"<p>Le plugin AliExpress Dropshipping Business for WooCommerce est un outil r\u00e9volutionnaire con\u00e7u pour les entrepreneurs en ligne avis\u00e9s. Ce plugin innovant vous permet d&rsquo;int\u00e9grer de mani\u00e8re transparente votre boutique WooCommerce avec AliExpress, l&rsquo;un des principaux march\u00e9s en ligne au monde. Il vous permet d&rsquo;importer facilement des produits directement depuis AliExpress dans votre magasin, simplifiant consid\u00e9rablement le processus de drophipping. Avec ce plugin qui change la donne, vous pouvez automatiser vos op\u00e9rations commerciales, vous permettant d&rsquo;\u00e9conomiser d&rsquo;innombrables heures de travail manuel. Le plugin vous permet \u00e9galement de personnaliser les d\u00e9tails du produit, de g\u00e9rer l&rsquo;inventaire et de surveiller les prix en temps r\u00e9el. Avec le plugin commercial AliExpress Dropshipping pour WooCommerce, vous pouvez amener votre entreprise de commerce \u00e9lectronique \u00e0 de nouveaux sommets.<\/p>\n","protected":false},"featured_media":143109,"comment_status":"open","ping_status":"open","template":"","meta":[],"product_brand":[2435],"product_cat":[1182,1223,1181],"product_tag":[1231],"class_list":{"0":"post-113441","1":"product","2":"type-product","3":"status-publish","4":"has-post-thumbnail","6":"product_brand-codecanyon","7":"product_cat-commerce-electronique-plugins","8":"product_cat-personnalisation-commerce-electronique-plugins","9":"product_cat-plugins","10":"product_tag-codecanyon","11":"member-discount","12":"discount-restricted","14":"first","15":"instock","16":"sale","17":"downloadable","18":"virtual","19":"sold-individually","20":"purchasable","21":"product-type-simple"},"_links":{"self":[{"href":"https:\/\/gpl-love.com\/fr\/wp-json\/wp\/v2\/product\/113441","targetHints":{"allow":["GET"]}}],"collection":[{"href":"https:\/\/gpl-love.com\/fr\/wp-json\/wp\/v2\/product"}],"about":[{"href":"https:\/\/gpl-love.com\/fr\/wp-json\/wp\/v2\/types\/product"}],"replies":[{"embeddable":true,"href":"https:\/\/gpl-love.com\/fr\/wp-json\/wp\/v2\/comments?post=113441"}],"wp:featuredmedia":[{"embeddable":true,"href":"https:\/\/gpl-love.com\/fr\/wp-json\/wp\/v2\/media\/143109"}],"wp:attachment":[{"href":"https:\/\/gpl-love.com\/fr\/wp-json\/wp\/v2\/media?parent=113441"}],"wp:term":[{"taxonomy":"product_brand","embeddable":true,"href":"https:\/\/gpl-love.com\/fr\/wp-json\/wp\/v2\/product_brand?post=113441"},{"taxonomy":"product_cat","embeddable":true,"href":"https:\/\/gpl-love.com\/fr\/wp-json\/wp\/v2\/product_cat?post=113441"},{"taxonomy":"product_tag","embeddable":true,"href":"https:\/\/gpl-love.com\/fr\/wp-json\/wp\/v2\/product_tag?post=113441"}],"curies":[{"name":"wp","href":"https:\/\/api.w.org\/{rel}","templated":true}]}}