{"id":113439,"date":"2022-03-29T00:00:00","date_gmt":"2022-03-28T22:00:00","guid":{"rendered":"http:\/\/gpl-love.com\/fr\/produit\/avo-creative-portfolio-and-agency-wordpress-theme\/"},"modified":"2026-03-20T22:55:49","modified_gmt":"2026-03-20T21:55:49","slug":"avo-creative-portfolio-and-agency-wordpress-theme","status":"publish","type":"product","link":"https:\/\/gpl-love.com\/fr\/produit\/avo-creative-portfolio-and-agency-wordpress-theme\/","title":{"rendered":"Avo Creative Portfolio et Agency WordPress Theme 1.1.9"},"content":{"rendered":"<h3>Avo Creative Portfolio et Agency WordPress Theme Traits<\/h3>\n<p>Le portfolio cr\u00e9atif AVO et le th\u00e8me WordPress de l&rsquo;agence sont un th\u00e8me tr\u00e8s adaptable et extr\u00eamement puissant qui a \u00e9t\u00e9 m\u00e9ticuleusement con\u00e7u pour les professionnels et les agences cr\u00e9atifs exigeants. B\u00e9n\u00e9ficiant d&rsquo;une esth\u00e9tique de conception \u00e9l\u00e9gante et contemporaine, ce th\u00e8me offre une plate-forme impressionnante et visuellement captivante pour pr\u00e9senter votre travail exceptionnel, tout en incorporant des fonctionnalit\u00e9s fonctionnelles et conviviales qui \u00e9l\u00e8veront sans aucun doute votre pr\u00e9sence en ligne. AVO est fier de sa vaste gamme d&rsquo;options de personnalisation, en vous assurant que vous avez la libert\u00e9 et la flexibilit\u00e9 pour adapter le th\u00e8me en fonction de vos exigences pr\u00e9cises et de vos pr\u00e9f\u00e9rences personnelles. Que vous soyez un photographe chevronn\u00e9, un concepteur visionnaire ou un d\u00e9veloppeur comp\u00e9tent, AVO est le choix par excellence pour construire un portefeuille en ligne extraordinaire qui laissera une marque ind\u00e9l\u00e9bile sur vos visiteurs. Il convient de noter que ce th\u00e8me a \u00e9t\u00e9 soigneusement optimis\u00e9 pour l&rsquo;optimisation des moteurs de recherche (SEO) et la vitesse de chargement des pages rapides, garantissant efficacement que votre site Web fonctionnera exceptionnellement bien dans les r\u00e9sultats de recherche et chargera rapidement pour vos visiteurs estim\u00e9s. L&rsquo;interface intuitive inh\u00e9rente, coupl\u00e9e \u00e0 la documentation compl\u00e8te fournie, rend un choix in\u00e9gal\u00e9 pour quiconque cherche \u00e0 avoir un impact durable gr\u00e2ce \u00e0 sa pr\u00e9sence en ligne.<\/p>\n<ul>\n<li>Design moderne et \u00e9l\u00e9gant<\/li>\n<li>Disposition enti\u00e8rement r\u00e9active<\/li>\n<li>Parfait pour les portefeuilles cr\u00e9atifs et les agences<\/li>\n<li>Outils de personnalisation faciles \u00e0 utiliser<\/li>\n<li>Pages pr\u00e9d\u00e9finies pour les membres de l&rsquo;\u00e9quipe, les articles de blog et les projets<\/li>\n<li>Multiotions de portefeuille<\/li>\n<li>Int\u00e9gration avec des plugins WordPress populaires<\/li>\n<li>SEO optimis\u00e9<\/li>\n<li>Importation de d\u00e9monstration en un clic<\/li>\n<li>\u00c9quipe de support d\u00e9di\u00e9e<\/li>\n<li>Mises \u00e0 jour r\u00e9guli\u00e8res et am\u00e9liorations<\/li>\n<li>Effets de d\u00e9filement et d&rsquo;animation lisses<\/li>\n<li>Int\u00e9gration des m\u00e9dias sociaux<\/li>\n<li>Formulaire de contact et formulaire d&rsquo;abonnement \u00e0 la newsletter inclus<\/li>\n<li>Traduction pr\u00eate<\/li>\n<li>Compatible avec tous les navigateurs modernes<\/li>\n<li>Compatibilit\u00e9 crois\u00e9e<\/li>\n<\/ul>\n","protected":false},"excerpt":{"rendered":"<p>AVO est un portefeuille cr\u00e9atif robuste, dynamique et facile \u00e0 utiliser et un th\u00e8me WordPress d&rsquo;agence. Parfait pour les agences cr\u00e9atives, les pigistes, les artistes, les photographes ou tout type de professionnels de la cr\u00e9ation, AVO propose une plate-forme visuellement magnifique pour pr\u00e9senter votre travail. Ce th\u00e8me WordPress est livr\u00e9 avec des fonctionnalit\u00e9s comme un constructeur de pages \u00e0 glisser-d\u00e9poser, un personnalisateur en direct et un installateur de d\u00e9monstration en un clic, simplifiant le processus de construction de votre portefeuille en ligne. Il comprend \u00e9galement une vari\u00e9t\u00e9 de portefeuilles, d&rsquo;agence et de blogs pr\u00e9-con\u00e7us pour r\u00e9pondre \u00e0 vos besoins sp\u00e9cifiques. Avec sa conception r\u00e9active, votre site Web aura fi\u00e8re allure sur n&rsquo;importe quel appareil, garantissant une exp\u00e9rience de navigation transparente pour vos visiteurs. AVO est convivial et optimis\u00e9 par la vitesse, am\u00e9liorant la visibilit\u00e9 de votre site Web sur les moteurs de recherche et fournissant un site \u00e0 chargement rapide pour garder votre public engag\u00e9. De plus, il offre un support client de premier ordre et des mises \u00e0 jour de th\u00e8me r\u00e9guli\u00e8res pour que votre site fonctionne bien. Commencez \u00e0 utiliser AVO d\u00e8s aujourd&rsquo;hui et laissez votre cr\u00e9ativit\u00e9 briller en ligne.<\/p>\n","protected":false},"featured_media":143210,"comment_status":"open","ping_status":"open","template":"","meta":[],"product_brand":[2433],"product_cat":[1242,1212,1213],"product_tag":[1366],"class_list":{"0":"post-113439","1":"product","2":"type-product","3":"status-publish","4":"has-post-thumbnail","6":"product_brand-themeforest","7":"product_cat-creatif","8":"product_cat-themes","9":"product_cat-wordpress-themes","10":"product_tag-themeforest","11":"member-discount","12":"discount-restricted","14":"first","15":"instock","16":"sale","17":"downloadable","18":"virtual","19":"sold-individually","20":"purchasable","21":"product-type-simple"},"_links":{"self":[{"href":"https:\/\/gpl-love.com\/fr\/wp-json\/wp\/v2\/product\/113439","targetHints":{"allow":["GET"]}}],"collection":[{"href":"https:\/\/gpl-love.com\/fr\/wp-json\/wp\/v2\/product"}],"about":[{"href":"https:\/\/gpl-love.com\/fr\/wp-json\/wp\/v2\/types\/product"}],"replies":[{"embeddable":true,"href":"https:\/\/gpl-love.com\/fr\/wp-json\/wp\/v2\/comments?post=113439"}],"wp:featuredmedia":[{"embeddable":true,"href":"https:\/\/gpl-love.com\/fr\/wp-json\/wp\/v2\/media\/143210"}],"wp:attachment":[{"href":"https:\/\/gpl-love.com\/fr\/wp-json\/wp\/v2\/media?parent=113439"}],"wp:term":[{"taxonomy":"product_brand","embeddable":true,"href":"https:\/\/gpl-love.com\/fr\/wp-json\/wp\/v2\/product_brand?post=113439"},{"taxonomy":"product_cat","embeddable":true,"href":"https:\/\/gpl-love.com\/fr\/wp-json\/wp\/v2\/product_cat?post=113439"},{"taxonomy":"product_tag","embeddable":true,"href":"https:\/\/gpl-love.com\/fr\/wp-json\/wp\/v2\/product_tag?post=113439"}],"curies":[{"name":"wp","href":"https:\/\/api.w.org\/{rel}","templated":true}]}}