{"id":113436,"date":"2022-02-26T00:00:00","date_gmt":"2022-02-25T23:00:00","guid":{"rendered":"http:\/\/gpl-love.com\/fr\/produit\/creta-flower-shop-woocommerce-wordpress-theme\/"},"modified":"2026-03-20T22:59:21","modified_gmt":"2026-03-20T21:59:21","slug":"creta-flower-shop-woocommerce-wordpress-theme","status":"publish","type":"product","link":"https:\/\/gpl-love.com\/fr\/produit\/creta-flower-shop-woocommerce-wordpress-theme\/","title":{"rendered":"Creta Flower Shop WooCommerce WordPress Theme 5.7"},"content":{"rendered":"<h3>Creta Flower Shop WooCommerce WordPress Theme Traits<\/h3>\n<p>Si vous \u00eates \u00e0 la recherche d&rsquo;une excellente plate-forme en ligne pour \u00e9tablir votre boutique de fleurs, ne cherchez pas plus loin que le th\u00e8me WooCommerce WOOCommerce remarquable et polyvalent. Ce th\u00e8me poss\u00e8de une conception magnifique et hautement personnalisable, vous permettant de cr\u00e9er sans effort un site Web visuellement attrayant et enti\u00e8rement fonctionnel. De plus, il est \u00e9quip\u00e9 d&rsquo;une pl\u00e9thore de fonctionnalit\u00e9s exceptionnelles qui ne seront pas s\u00fbres d&rsquo;\u00e9lever votre pr\u00e9sence en ligne. Par exemple, sa disposition r\u00e9active garantit une apparence exquise sur divers appareils, garantissant que vos clients potentiels peuvent acc\u00e9der sans effort \u00e0 votre site \u00e0 partir de n&rsquo;importe quelle plate-forme. De plus, le th\u00e8me propose un puissant panneau d&rsquo;administration, facilitant la gestion transparente de votre site Web avec la plus grande facilit\u00e9 et l&rsquo;efficacit\u00e9. De plus, l&rsquo;int\u00e9gration de WooCommerce vous permet d&rsquo;\u00e9tablir une boutique en ligne florissante dans un laps de temps remarquablement court. Par cons\u00e9quent, que vous soyez un professionnel chevronn\u00e9 ou un entrepreneur en herbe, le th\u00e8me WOOCommerce WordPress de Creta Flower Shop est la solution ultime pour la pr\u00e9sence num\u00e9rique de votre boutique de fleurs.<\/p>\n<ul>\n<li>-Egment tr\u00e8s personnalisable et facile \u00e0 utiliser<\/li>\n<li>Design beau et moderne avec plusieurs pages et dispositions pr\u00e9d\u00e9finies<\/li>\n<li>Compatible avec la derni\u00e8re version de WordPress et WooCommerce<\/li>\n<li>Comprend des fonctionnalit\u00e9s puissantes telles que la vue rapide du produit, le filtrage des produits et les listes de souhaits<\/li>\n<li>Ic\u00f4nes de partage des m\u00e9dias sociaux int\u00e9gr\u00e9s et int\u00e9gration des flux Instagram<\/li>\n<li>Options de paiement et d&rsquo;exp\u00e9dition multiples disponibles<\/li>\n<li>SEO optimis\u00e9 pour aider \u00e0 am\u00e9liorer les classements des moteurs de recherche<\/li>\n<li>Documentation approfondie et \u00e9quipe d&rsquo;assistance fiable disponible pour aider \u00e0 toute question ou probl\u00e8me<\/li>\n<\/ul>\n","protected":false},"excerpt":{"rendered":"<p>Lib\u00e9rez la puissance de votre entreprise de fleuristes avec le th\u00e8me WOOCOMMERCE WORDPRESS WOOCOMMERCE. Ce th\u00e8me premium poss\u00e8de une \u00e9tonnante disposition con\u00e7ue par des professionnels, parfaite pour pr\u00e9senter vos beaux arrangements floraux. L&rsquo;int\u00e9gration WooCommerce vous permet de g\u00e9rer sans effort votre boutique en ligne, ce qui rend la vente de vos produits un jeu d&rsquo;enfant. Avec WordPress, vous aurez acc\u00e8s \u00e0 une multitude de fonctionnalit\u00e9s et d&rsquo;options de personnalisation, vous permettant de cr\u00e9er un site Web qui refl\u00e8te vraiment votre marque. Ce th\u00e8me est \u00e9galement convivial, aidant votre entreprise \u00e0 se faire remarquer dans les classements des moteurs de recherche. Parmi ses nombreux avantages, le th\u00e8me de Creta Flower Shop offre une interface intuitive, une conception r\u00e9active et un support client de premier ordre. Am\u00e9liorez votre pr\u00e9sence en ligne et stimulez les ventes avec ce superbe th\u00e8me WordPress.<\/p>\n","protected":false},"featured_media":143440,"comment_status":"open","ping_status":"open","template":"","meta":[],"product_brand":[2433],"product_cat":[1238,1851,1212],"product_tag":[1366],"class_list":{"0":"post-113436","1":"product","2":"type-product","3":"status-publish","4":"has-post-thumbnail","6":"product_brand-themeforest","7":"product_cat-commerce-electronique-themes","8":"product_cat-entreprise-commerce-electronique-themes","9":"product_cat-themes","10":"product_tag-themeforest","11":"member-discount","12":"discount-restricted","14":"first","15":"instock","16":"sale","17":"downloadable","18":"virtual","19":"sold-individually","20":"purchasable","21":"product-type-simple"},"_links":{"self":[{"href":"https:\/\/gpl-love.com\/fr\/wp-json\/wp\/v2\/product\/113436","targetHints":{"allow":["GET"]}}],"collection":[{"href":"https:\/\/gpl-love.com\/fr\/wp-json\/wp\/v2\/product"}],"about":[{"href":"https:\/\/gpl-love.com\/fr\/wp-json\/wp\/v2\/types\/product"}],"replies":[{"embeddable":true,"href":"https:\/\/gpl-love.com\/fr\/wp-json\/wp\/v2\/comments?post=113436"}],"wp:featuredmedia":[{"embeddable":true,"href":"https:\/\/gpl-love.com\/fr\/wp-json\/wp\/v2\/media\/143440"}],"wp:attachment":[{"href":"https:\/\/gpl-love.com\/fr\/wp-json\/wp\/v2\/media?parent=113436"}],"wp:term":[{"taxonomy":"product_brand","embeddable":true,"href":"https:\/\/gpl-love.com\/fr\/wp-json\/wp\/v2\/product_brand?post=113436"},{"taxonomy":"product_cat","embeddable":true,"href":"https:\/\/gpl-love.com\/fr\/wp-json\/wp\/v2\/product_cat?post=113436"},{"taxonomy":"product_tag","embeddable":true,"href":"https:\/\/gpl-love.com\/fr\/wp-json\/wp\/v2\/product_tag?post=113436"}],"curies":[{"name":"wp","href":"https:\/\/api.w.org\/{rel}","templated":true}]}}