{"id":113430,"date":"2025-03-25T00:00:00","date_gmt":"2025-03-24T23:00:00","guid":{"rendered":"http:\/\/gpl-love.com\/fr\/produit\/twist-product-gallery-slider-for-woocommerce\/"},"modified":"2026-04-10T18:44:01","modified_gmt":"2026-04-10T16:44:01","slug":"twist-product-gallery-slider-for-woocommerce","status":"publish","type":"product","link":"https:\/\/gpl-love.com\/fr\/produit\/twist-product-gallery-slider-for-woocommerce\/","title":{"rendered":"Twist Product Gallery Slider pour Woocommerce 3.5.10"},"content":{"rendered":"<h3>Twist Product Gallery Slider pour Woocommerce Traits<\/h3>\n<p>Le curseur de la galerie de produits Twist pour WooCommerce, un outil exceptionnel pour l&rsquo;am\u00e9lioration de l&rsquo;attrait visuel de votre boutique en ligne, se pr\u00e9sente comme une ressource remarquable. En utilisant ce curseur, on peut montrer efficacement leur marchandise d&rsquo;une mani\u00e8re caract\u00e9ris\u00e9e par l&rsquo;\u00e9l\u00e9gance et la sophistication. La facilit\u00e9 d&#8217;emploi et la compatibilit\u00e9 avec un vaste \u00e9ventail de th\u00e8mes pr\u00e9sent\u00e9s par le curseur de la galerie de produits Twist am\u00e9liore son attrait. De plus, la disponibilit\u00e9 d&rsquo;une gamme diversifi\u00e9e d&rsquo;options personnalisables, y compris la taille de l&rsquo;image, le style de navigation et les param\u00e8tres de lecture automatique, accentuent encore son potentiel. En outre, le support fourni pour l&rsquo;\u00e9cran tactile et la conception r\u00e9active assure l&rsquo;accessibilit\u00e9 sur tous les appareils, en amplifiant son accessibilit\u00e9. Par cons\u00e9quent, le curseur de la galerie de produits Twist appara\u00eet comme un investissement avantageux pour toute personne en possession d&rsquo;un magasin WooCommerce, d\u00e9sireux d&rsquo;augmenter l&rsquo;exp\u00e9rience d&rsquo;achat de sa client\u00e8le.<\/p>\n<ul>\n<li>Plugin de curseur de galerie convivial pour les magasins WooCommerce<\/li>\n<li>Permet aux utilisateurs d&rsquo;afficher des images de haute qualit\u00e9 de produits<\/li>\n<li>Compatible avec toutes les conceptions de th\u00e8me pour l&rsquo;int\u00e9gration transparente<\/li>\n<li>Dispose d&rsquo;une interface simple et intuitive pour une personnalisation facile<\/li>\n<li>Prend en charge plusieurs types d&rsquo;images, notamment JPG, PNG, GIF et SVG<\/li>\n<li>Prend en charge les gestes tactiles pour la navigation mobile et conviviale<\/li>\n<li>Offre divers dispositions de curseurs et effets de transition<\/li>\n<li>Fournit un contr\u00f4le sur la vitesse de diapositive, la lecture automatique et d&rsquo;autres param\u00e8tres<\/li>\n<li>Am\u00e9liore l&rsquo;engagement des utilisateurs et stimule les ventes en pr\u00e9sentant des produits de mani\u00e8re visuellement attrayante<\/li>\n<li>Offre un support client fiable et des mises \u00e0 jour r\u00e9guli\u00e8res pour am\u00e9liorer les fonctionnalit\u00e9s.<\/li>\n<\/ul>\n","protected":false},"excerpt":{"rendered":"<p>Nous sommes heureux de vous pr\u00e9senter le curseur de la galerie de produits Twist pour WooCommerce, une solution in\u00e9gal\u00e9e qui r\u00e9volutionnera la fa\u00e7on dont vous montrez vos produits. Ce plugin incroyable propose une multitude de fonctionnalit\u00e9s qui captiveront et engageront vos clients de mani\u00e8re la plus exquise et interactive imaginable. Avec sa personnalisation in\u00e9gal\u00e9e et sa conception r\u00e9active, ce curseur de galerie d&rsquo;images \u00e9l\u00e8vera sans aucun doute l&rsquo;exp\u00e9rience de navigation pour votre client\u00e8le estim\u00e9e. L&rsquo;interface glisser-d\u00e9poser conviviale permet une cr\u00e9ation sans effort de dispositions uniques, compl\u00e9t\u00e9es par un vaste gamme de styles d&rsquo;animation. De plus, l&rsquo;inclusion de contenu vid\u00e9o et de l\u00e9gendes dynamiques au sein du curseur garantit un niveau sans pr\u00e9c\u00e9dent d&rsquo;engagement client. Il est temps de donner \u00e0 vos produits la reconnaissance et la pro\u00e9minence qu&rsquo;ils m\u00e9ritent vraiment, et rien ne fait mieux que le curseur de la galerie de produits Twist All-Powerful pour WooCommerce.<\/p>\n","protected":false},"featured_media":145625,"comment_status":"open","ping_status":"open","template":"","meta":[],"product_brand":[2435],"product_cat":[1182,1223,1181],"product_tag":[1231],"class_list":{"0":"post-113430","1":"product","2":"type-product","3":"status-publish","4":"has-post-thumbnail","6":"product_brand-codecanyon","7":"product_cat-commerce-electronique-plugins","8":"product_cat-personnalisation-commerce-electronique-plugins","9":"product_cat-plugins","10":"product_tag-codecanyon","11":"member-discount","12":"discount-restricted","14":"first","15":"instock","16":"sale","17":"downloadable","18":"virtual","19":"sold-individually","20":"purchasable","21":"product-type-simple"},"_links":{"self":[{"href":"https:\/\/gpl-love.com\/fr\/wp-json\/wp\/v2\/product\/113430","targetHints":{"allow":["GET"]}}],"collection":[{"href":"https:\/\/gpl-love.com\/fr\/wp-json\/wp\/v2\/product"}],"about":[{"href":"https:\/\/gpl-love.com\/fr\/wp-json\/wp\/v2\/types\/product"}],"replies":[{"embeddable":true,"href":"https:\/\/gpl-love.com\/fr\/wp-json\/wp\/v2\/comments?post=113430"}],"wp:featuredmedia":[{"embeddable":true,"href":"https:\/\/gpl-love.com\/fr\/wp-json\/wp\/v2\/media\/145625"}],"wp:attachment":[{"href":"https:\/\/gpl-love.com\/fr\/wp-json\/wp\/v2\/media?parent=113430"}],"wp:term":[{"taxonomy":"product_brand","embeddable":true,"href":"https:\/\/gpl-love.com\/fr\/wp-json\/wp\/v2\/product_brand?post=113430"},{"taxonomy":"product_cat","embeddable":true,"href":"https:\/\/gpl-love.com\/fr\/wp-json\/wp\/v2\/product_cat?post=113430"},{"taxonomy":"product_tag","embeddable":true,"href":"https:\/\/gpl-love.com\/fr\/wp-json\/wp\/v2\/product_tag?post=113430"}],"curies":[{"name":"wp","href":"https:\/\/api.w.org\/{rel}","templated":true}]}}