{"id":113428,"date":"2025-08-15T00:00:00","date_gmt":"2025-08-14T22:00:00","guid":{"rendered":"http:\/\/gpl-love.com\/fr\/produit\/single-property-wordpress-theme\/"},"modified":"2026-03-20T23:35:58","modified_gmt":"2026-03-20T22:35:58","slug":"single-property-wordpress-theme","status":"publish","type":"product","link":"https:\/\/gpl-love.com\/fr\/produit\/single-property-wordpress-theme\/","title":{"rendered":"Single Property WordPress Theme 3.0"},"content":{"rendered":"<h3>Single Property WordPress Theme Traits<\/h3>\n<p>Le th\u00e8me WordPress de propri\u00e9t\u00e9 unique a \u00e9t\u00e9 con\u00e7u pour servir de solution ultime pour les personnes cherchant \u00e0 promouvoir et \u00e0 pr\u00e9senter efficacement les propri\u00e9t\u00e9s uniques d&rsquo;une mani\u00e8re qui est jug\u00e9e professionnelle et \u00e9l\u00e9gante. B\u00e9n\u00e9ficiant d&rsquo;un design \u00e9l\u00e9gant et moderne, ce th\u00e8me particulier pr\u00e9sente aux utilisateurs un vaste \u00e9ventail d&rsquo;options de personnalisation, leur permettant ainsi de l&rsquo;adapter \u00e0 leurs sp\u00e9cifications et pr\u00e9f\u00e9rences personnelles uniques. Compl\u00e9t\u00e9s par son interface intuitive, les individus ont la possibilit\u00e9 de g\u00e9n\u00e9rer sans effort des listes de propri\u00e9t\u00e9s visuellement frappantes, de pr\u00e9senter avec succ\u00e8s des images et des vid\u00e9os de haute qualit\u00e9 et de fournir aux visiteurs toutes les informations pertinentes n\u00e9cessaires pour qu&rsquo;ils prennent des d\u00e9cisions \u00e9clair\u00e9es. En outre, ce th\u00e8me est \u00e9galement enti\u00e8rement r\u00e9actif, garantissant ainsi que les listes de propri\u00e9t\u00e9s maintiendront une esth\u00e9tique visuellement attrayante sur divers appareils. De plus, le th\u00e8me WordPress de propri\u00e9t\u00e9 unique int\u00e8gre un assortiment de fonctionnalit\u00e9s pr\u00e9cieuses telles que Google Maps int\u00e9gr\u00e9s, des formulaires de contact personnalisables et une multitude de fonctionnalit\u00e9s suppl\u00e9mentaires. Qu&rsquo;une personne soit un agent immobilier, un propri\u00e9taire ou simplement une personne visant \u00e0 pr\u00e9senter efficacement sa propre propri\u00e9t\u00e9, ce th\u00e8me sert de choix id\u00e9al pour \u00e9tablir une pr\u00e9sence en ligne remarquable et percutante.<\/p>\n<ul>\n<li>Un design propre et moderne qui pr\u00e9sente votre propri\u00e9t\u00e9 d&rsquo;une mani\u00e8re attrayante<\/li>\n<li>Options personnalisables pour correspondre \u00e0 votre marque et \u00e0 votre style<\/li>\n<li>Conception r\u00e9active pour une exp\u00e9rience transparente sur n&rsquo;importe quel appareil<\/li>\n<li>Formulaire de contact int\u00e9gr\u00e9 pour une communication facile avec les acheteurs ou les locataires potentiels<\/li>\n<li>Int\u00e9gration avec des services de liste populaire tels que Zillow ou Trulia<\/li>\n<li>Optimisation du r\u00e9f\u00e9rencement pour une visibilit\u00e9 accrue dans les moteurs de recherche<\/li>\n<li>Builder de pages faciles \u00e0 utiliser pour la personnalisation des mises en page et des pages<\/li>\n<li>Installation automatique du contenu de d\u00e9monstration pour une configuration rapide<\/li>\n<li>Documentation et soutien approfondis pour assurer une exp\u00e9rience fluide<\/li>\n<li>Mises \u00e0 jour et am\u00e9liorations r\u00e9guli\u00e8res pour assurer la compatibilit\u00e9 avec les derni\u00e8res versions WordPress.<\/li>\n<\/ul>\n","protected":false},"excerpt":{"rendered":"<p>Le th\u00e8me WordPress de propri\u00e9t\u00e9 unique, un mod\u00e8le de site Web d\u00e9di\u00e9 \u00e0 l&rsquo;exposition des propri\u00e9t\u00e9s immobili\u00e8res, poss\u00e8de un m\u00e9lange d&rsquo;\u00e9l\u00e9gance et de fonctionnalit\u00e9. Ce th\u00e8me, avec sa conception visuellement attrayante et ses fonctionnalit\u00e9s conviviales, s&rsquo;adresse sp\u00e9cifiquement aux agents immobiliers et aux gestionnaires immobiliers qui cherchent \u00e0 pr\u00e9senter sans effort leurs listes. Par cons\u00e9quent, les acheteurs ou les locataires potentiels peuvent d\u00e9sormais d\u00e9couvrir sans effort la propri\u00e9t\u00e9 de leurs r\u00eaves. De plus, ce th\u00e8me propose une gamme d&rsquo;options personnalisables, y compris des widgets personnalis\u00e9s, une multitude de choix de mise en page et une int\u00e9gration transparente avec les principaux services d&rsquo;inscription immobili\u00e8re. Par cons\u00e9quent, que vous aspiriez \u00e0 approuver une seule r\u00e9sidence opulente ou un d\u00e9veloppement entier, le th\u00e8me WordPress de propri\u00e9t\u00e9 unique appara\u00eet comme la solution id\u00e9ale pour tout professionnel de l&rsquo;immobilier s&rsquo;effor\u00e7ant d&rsquo;augmenter leur visibilit\u00e9 en ligne.<\/p>\n","protected":false},"featured_media":145256,"comment_status":"open","ping_status":"open","template":"","meta":[],"product_brand":[2433],"product_cat":[1356,1212,1213],"product_tag":[1366],"class_list":{"0":"post-113428","1":"product","2":"type-product","3":"status-publish","4":"has-post-thumbnail","6":"product_brand-themeforest","7":"product_cat-immobilier","8":"product_cat-themes","9":"product_cat-wordpress-themes","10":"product_tag-themeforest","11":"member-discount","12":"discount-restricted","14":"first","15":"instock","16":"sale","17":"downloadable","18":"virtual","19":"sold-individually","20":"purchasable","21":"product-type-simple"},"_links":{"self":[{"href":"https:\/\/gpl-love.com\/fr\/wp-json\/wp\/v2\/product\/113428","targetHints":{"allow":["GET"]}}],"collection":[{"href":"https:\/\/gpl-love.com\/fr\/wp-json\/wp\/v2\/product"}],"about":[{"href":"https:\/\/gpl-love.com\/fr\/wp-json\/wp\/v2\/types\/product"}],"replies":[{"embeddable":true,"href":"https:\/\/gpl-love.com\/fr\/wp-json\/wp\/v2\/comments?post=113428"}],"wp:featuredmedia":[{"embeddable":true,"href":"https:\/\/gpl-love.com\/fr\/wp-json\/wp\/v2\/media\/145256"}],"wp:attachment":[{"href":"https:\/\/gpl-love.com\/fr\/wp-json\/wp\/v2\/media?parent=113428"}],"wp:term":[{"taxonomy":"product_brand","embeddable":true,"href":"https:\/\/gpl-love.com\/fr\/wp-json\/wp\/v2\/product_brand?post=113428"},{"taxonomy":"product_cat","embeddable":true,"href":"https:\/\/gpl-love.com\/fr\/wp-json\/wp\/v2\/product_cat?post=113428"},{"taxonomy":"product_tag","embeddable":true,"href":"https:\/\/gpl-love.com\/fr\/wp-json\/wp\/v2\/product_tag?post=113428"}],"curies":[{"name":"wp","href":"https:\/\/api.w.org\/{rel}","templated":true}]}}