{"id":113427,"date":"2026-01-28T00:00:00","date_gmt":"2026-01-27T23:00:00","guid":{"rendered":"http:\/\/gpl-love.com\/fr\/produit\/boombox-viral-magazine-wordpress-theme\/"},"modified":"2026-03-20T22:57:12","modified_gmt":"2026-03-20T21:57:12","slug":"boombox-viral-magazine-wordpress-theme","status":"publish","type":"product","link":"https:\/\/gpl-love.com\/fr\/produit\/boombox-viral-magazine-wordpress-theme\/","title":{"rendered":"BoomBox Viral Magazine WordPress Theme 2.10.0"},"content":{"rendered":"<h3>BoomBox Viral Magazine WordPress Theme Traits<\/h3>\n<p>Le th\u00e8me WordPress du magazine viral Boombox est un th\u00e8me tr\u00e8s impressionnant et captivant qui a \u00e9t\u00e9 m\u00e9ticuleusement con\u00e7u pour r\u00e9pondre aux d\u00e9sirs des personnes qui recherchent un site Web visuellement attrayant et riche en informations. Ce th\u00e8me poss\u00e8de la polyvalence \u00e0 utiliser \u00e0 des fins, allant de la lancement d&rsquo;un blog \u00e0 l&rsquo;\u00e9tablissement d&rsquo;un site Web d&rsquo;actualit\u00e9s ou m\u00eame d&rsquo;un magazine en ligne. Le th\u00e8me WordPress du magazine viral Boombox est \u00e9quip\u00e9 d&rsquo;une pl\u00e9thore de fonctionnalit\u00e9s, ce qui le rend un choix impeccable pour quiconque cherche \u00e0 forger et \u00e0 r\u00e9guler une plate-forme en ligne florissante. Il poss\u00e8de une interface intuitive, permettant une utilisation sans effort et peut \u00eatre facilement personnalis\u00e9e pour s&rsquo;adapter aux pr\u00e9f\u00e9rences individuelles. De plus, il offre une gamme diversifi\u00e9e de mod\u00e8les pr\u00e9d\u00e9finis, garantissant que les utilisateurs peuvent fabriquer un site Web distinctif avec un effort minimal. Ind\u00e9pendamment de l&rsquo;intention de construire un site Web \u00e0 des fins personnelles ou professionnelles, le th\u00e8me WordPress du magazine viral de Boombox est pr\u00eat \u00e0 faciliter l&rsquo;accomplissement de ses objectifs.<\/p>\n<ul>\n<li>Th\u00e8me WordPress hautement personnalisable con\u00e7u pour les magazines et sites Web viraux<\/li>\n<li>Design propre et moderne avec typographie audacieuse et \u00e9l\u00e9ments visuels accrocheurs<\/li>\n<li>Support int\u00e9gr\u00e9 pour le partage social et la distribution de contenu viral<\/li>\n<li>Comprend un g\u00e9n\u00e9rateur de pages glisser-d\u00e9poser pour une personnalisation facile et une cr\u00e9ation de mise en page<\/li>\n<li>Livr\u00e9 avec plusieurs sites Web et mod\u00e8les de d\u00e9monstration pr\u00e9d\u00e9finis \u00e0 choisir<\/li>\n<li>Enti\u00e8rement r\u00e9actif et optimis\u00e9 pour les appareils mobiles<\/li>\n<li>SEO-friendly et rapide pour les performances optimales et la visibilit\u00e9 du moteur de recherche<\/li>\n<li>Prend en charge plusieurs placements d&rsquo;annonces pour la mon\u00e9tisation<\/li>\n<li>Comprend une vari\u00e9t\u00e9 de widgets personnalis\u00e9s et de codes short pour une fonctionnalit\u00e9 am\u00e9lior\u00e9e<\/li>\n<li>Offre une documentation approfondie et un support client pour une configuration et une maintenance faciles.<\/li>\n<\/ul>\n","protected":false},"excerpt":{"rendered":"<p>D\u00e9couvrez la puissance de la polyvalence avec le th\u00e8me WordPress du magazine viral Boombox. Ce th\u00e8me global propose un m\u00e9lange passionnant de style et de fonction, parfait pour une vari\u00e9t\u00e9 de magazines en ligne. Avec sa conception r\u00e9active et sa compatibilit\u00e9 avec WordPress, vous pouvez facilement cr\u00e9er un contenu viral engageant qui r\u00e9sonne avec votre public. Le th\u00e8me Boombox est optimis\u00e9 par le r\u00e9f\u00e9rencement, garantissant que votre site Web se classe en haut sur les pages de r\u00e9sultats des moteurs de recherche. Ce th\u00e8me prend \u00e9galement en charge l&rsquo;int\u00e9gration des m\u00e9dias sociaux, ce qui permet \u00e0 votre contenu d&rsquo;atteindre plus facilement un public plus large. Sa conception adapt\u00e9e aux publicit\u00e9s vous permet de mon\u00e9tiser efficacement votre magazine. Le th\u00e8me WordPress du magazine viral BOOMBOX est facile \u00e0 installer et \u00e0 personnaliser, ce qui en fait le choix id\u00e9al pour les d\u00e9veloppeurs de sites Web d\u00e9butants et chevronn\u00e9s. Profitez des avantages d&rsquo;une mise \u00e0 jour du th\u00e8me r\u00e9gulier, en vous assurant que votre site Web reste frais et pertinent. Avec son interface conviviale et ses capacit\u00e9s robustes, le th\u00e8me Boombox est d\u00e9fini pour emmener votre magazine en ligne sur de nouveaux sommets.<\/p>\n","protected":false},"featured_media":143302,"comment_status":"open","ping_status":"open","template":"","meta":[],"product_brand":[2433],"product_cat":[1220,1212,1213],"product_tag":[1366],"class_list":{"0":"post-113427","1":"product","2":"type-product","3":"status-publish","4":"has-post-thumbnail","6":"product_brand-themeforest","7":"product_cat-blog-magazine","8":"product_cat-themes","9":"product_cat-wordpress-themes","10":"product_tag-themeforest","11":"member-discount","12":"discount-restricted","14":"first","15":"instock","16":"sale","17":"downloadable","18":"virtual","19":"sold-individually","20":"purchasable","21":"product-type-simple"},"_links":{"self":[{"href":"https:\/\/gpl-love.com\/fr\/wp-json\/wp\/v2\/product\/113427","targetHints":{"allow":["GET"]}}],"collection":[{"href":"https:\/\/gpl-love.com\/fr\/wp-json\/wp\/v2\/product"}],"about":[{"href":"https:\/\/gpl-love.com\/fr\/wp-json\/wp\/v2\/types\/product"}],"replies":[{"embeddable":true,"href":"https:\/\/gpl-love.com\/fr\/wp-json\/wp\/v2\/comments?post=113427"}],"wp:featuredmedia":[{"embeddable":true,"href":"https:\/\/gpl-love.com\/fr\/wp-json\/wp\/v2\/media\/143302"}],"wp:attachment":[{"href":"https:\/\/gpl-love.com\/fr\/wp-json\/wp\/v2\/media?parent=113427"}],"wp:term":[{"taxonomy":"product_brand","embeddable":true,"href":"https:\/\/gpl-love.com\/fr\/wp-json\/wp\/v2\/product_brand?post=113427"},{"taxonomy":"product_cat","embeddable":true,"href":"https:\/\/gpl-love.com\/fr\/wp-json\/wp\/v2\/product_cat?post=113427"},{"taxonomy":"product_tag","embeddable":true,"href":"https:\/\/gpl-love.com\/fr\/wp-json\/wp\/v2\/product_tag?post=113427"}],"curies":[{"name":"wp","href":"https:\/\/api.w.org\/{rel}","templated":true}]}}