{"id":113406,"date":"2026-04-29T00:00:00","date_gmt":"2026-04-28T22:00:00","guid":{"rendered":"http:\/\/gpl-love.com\/fr\/produit\/bricks-visual-site-builder-for-wordpress\/"},"modified":"2026-04-29T12:30:14","modified_gmt":"2026-04-29T10:30:14","slug":"bricks-visual-site-builder-for-wordpress","status":"publish","type":"product","link":"https:\/\/gpl-love.com\/fr\/produit\/bricks-visual-site-builder-for-wordpress\/","title":{"rendered":"Bricks Visual Site Builder pour WordPress 2.3.4"},"content":{"rendered":"<h3>Bricks Visual Site Builder pour WordPress Traits<\/h3>\n<p>Bricks Visual Site Builder, estim\u00e9 comme un plugin WordPress influent, pr\u00e9sente une avenue exceptionnelle pour les utilisateurs souhaitant construire sans effort des sites Web impressionnants sans le fardeau de poss\u00e9der une expertise codante. Gr\u00e2ce \u00e0 son interface de tra\u00een\u00e9e et de d\u00e9p\u00f4t conviviale, les individus peuvent modeler rapidement et de mani\u00e8re transparente leurs pages Web, se profiter d&rsquo;un vaste r\u00e9pertoire de mod\u00e8les, de blocs et d&rsquo;\u00e9l\u00e9ments pr\u00e9-con\u00e7us pour personnaliser leur pr\u00e9sence en ligne. De plus, ce plugin poss\u00e8de un assortiment de fonctionnalit\u00e9s avanc\u00e9es, englobant des options de conception r\u00e9actives, la possibilit\u00e9 de s&rsquo;engager dans le CSS personnalis\u00e9 et l&rsquo;\u00e9dition HTML, et l&rsquo;int\u00e9gration transparente avec des outils tiers estim\u00e9s tels que WooCommerce et Mailchimp. Par cons\u00e9quent, Bricks Visual Site Builder appara\u00eet comme l&rsquo;antidote par excellence pour ceux qui recherchent une m\u00e9thode rapide et indolore pour produire un site Web de qualit\u00e9 professionnelle, tout en \u00e9chappant aux complexit\u00e9s associ\u00e9es au codage ou \u00e0 l&rsquo;enr\u00f4lement des services d&rsquo;un d\u00e9veloppeur comp\u00e9tent.<\/p>\n<ul>\n<li>Syst\u00e8me de glisser-d\u00e9poser facile \u00e0 utiliser pour cr\u00e9er de beaux sites Web WordPress<\/li>\n<li>Aucune connaissance de codage requise<\/li>\n<li>Des centaines de mod\u00e8les personnalisables \u00e0 choisir<\/li>\n<li>La conception r\u00e9active garantit que votre site Web a fi\u00e8re allure sur tous les appareils<\/li>\n<li>Int\u00e9gration sans apparence avec des plugins et des widgets WordPress populaires<\/li>\n<li>Outils de conception avanc\u00e9s pour les utilisateurs plus avanc\u00e9s<\/li>\n<li>Optimisation de SEO int\u00e9gr\u00e9e pour un meilleur classement des moteurs de recherche<\/li>\n<li>Mises \u00e0 jour r\u00e9guli\u00e8res et support pour que votre site Web fonctionne bien<\/li>\n<\/ul>\n","protected":false},"excerpt":{"rendered":"<p>Bricks Visual Site Builder est un outil innovant con\u00e7u pour les utilisateurs de WordPress, visant \u00e0 simplifier le processus de cr\u00e9ation de sites Web. Ce constructeur de pointe vous permet de cr\u00e9er visuellement votre site Web, de la structure aux \u00e9l\u00e9ments de conception, le tout en temps r\u00e9el. Avec Bricks Visual Site Builder, vous pouvez facilement personnaliser tous les aspects de votre site WordPress, y compris la typographie, les couleurs, les dispositions, etc., sans avoir besoin d&rsquo;\u00e9crire une seule ligne de code. Les principales caract\u00e9ristiques de cet outil incluent son interface glisser-d\u00e9poser, des mod\u00e8les pr\u00e9-con\u00e7us, des capacit\u00e9s de conception r\u00e9actives et une structure conviviale de r\u00e9f\u00e9rencement. Cela signifie que non seulement vous pouvez cr\u00e9er un site Web visuellement attrayant, mais aussi celui qui fonctionne bien dans le classement des moteurs de recherche. Avec son interface conviviale et un large ensemble de fonctionnalit\u00e9s, Bricks Visual Site Builder fait du processus de construction du site Web un jeu d&rsquo;enfant, vous faisant gagner du temps et des efforts. Que vous soyez un d\u00e9butant ou un concepteur Web exp\u00e9riment\u00e9, cet outil offre une solution pratique pour r\u00e9pondre \u00e0 vos besoins de construction de sites WordPress.<\/p>\n","protected":false},"featured_media":143317,"comment_status":"open","ping_status":"open","template":"","meta":[],"product_brand":[2480],"product_cat":[1189,1181,1186],"product_tag":[1871],"class_list":{"0":"post-113406","1":"product","2":"type-product","3":"status-publish","4":"has-post-thumbnail","6":"product_brand-bricks","7":"product_cat-personnalisation","8":"product_cat-plugins","9":"product_cat-wordpress-plugins","10":"product_tag-bricks","11":"member-discount","12":"discount-restricted","14":"first","15":"instock","16":"sale","17":"downloadable","18":"virtual","19":"sold-individually","20":"purchasable","21":"product-type-simple"},"_links":{"self":[{"href":"https:\/\/gpl-love.com\/fr\/wp-json\/wp\/v2\/product\/113406","targetHints":{"allow":["GET"]}}],"collection":[{"href":"https:\/\/gpl-love.com\/fr\/wp-json\/wp\/v2\/product"}],"about":[{"href":"https:\/\/gpl-love.com\/fr\/wp-json\/wp\/v2\/types\/product"}],"replies":[{"embeddable":true,"href":"https:\/\/gpl-love.com\/fr\/wp-json\/wp\/v2\/comments?post=113406"}],"wp:featuredmedia":[{"embeddable":true,"href":"https:\/\/gpl-love.com\/fr\/wp-json\/wp\/v2\/media\/143317"}],"wp:attachment":[{"href":"https:\/\/gpl-love.com\/fr\/wp-json\/wp\/v2\/media?parent=113406"}],"wp:term":[{"taxonomy":"product_brand","embeddable":true,"href":"https:\/\/gpl-love.com\/fr\/wp-json\/wp\/v2\/product_brand?post=113406"},{"taxonomy":"product_cat","embeddable":true,"href":"https:\/\/gpl-love.com\/fr\/wp-json\/wp\/v2\/product_cat?post=113406"},{"taxonomy":"product_tag","embeddable":true,"href":"https:\/\/gpl-love.com\/fr\/wp-json\/wp\/v2\/product_tag?post=113406"}],"curies":[{"name":"wp","href":"https:\/\/api.w.org\/{rel}","templated":true}]}}