{"id":113400,"date":"2022-02-16T00:00:00","date_gmt":"2022-02-15T23:00:00","guid":{"rendered":"http:\/\/gpl-love.com\/fr\/produit\/wordpress-and-woocommerce-affiliate-program\/"},"modified":"2026-03-20T23:48:59","modified_gmt":"2026-03-20T22:48:59","slug":"wordpress-and-woocommerce-affiliate-program","status":"publish","type":"product","link":"https:\/\/gpl-love.com\/fr\/produit\/wordpress-and-woocommerce-affiliate-program\/","title":{"rendered":"WordPress et WooCommerce Affiliate Program 5.2.0"},"content":{"rendered":"<h3>WordPress et WooCommerce Affiliate Program Traits<\/h3>\n<p>Le programme d&rsquo;affiliation WordPress et WooCommerce a \u00e9t\u00e9 m\u00e9ticuleusement con\u00e7u pour faciliter les commer\u00e7ants en augmentant leurs ventes en \u00e9tablissant des partenariats avec des affili\u00e9s qui peuvent promouvoir efficacement leurs produits gr\u00e2ce \u00e0 l&rsquo;utilisation de liens de r\u00e9f\u00e9rence personnalis\u00e9s, gagnant donc une commission pour chaque vente qu&rsquo;ils g\u00e9n\u00e8rent avec succ\u00e8s. L&rsquo;int\u00e9gration de ce programme avec WordPress et WooCommerce simplifie non seulement le processus d&rsquo;\u00e9tablissement et de supervision du programme, mais propose \u00e9galement une gamme de fonctionnalit\u00e9s pratiques telles que les paiements automatiques de commission et les rapports en temps r\u00e9el. Sans aucun doute, ce programme sert d&rsquo;instrument inestimable pour que les entreprises s&rsquo;efforcent d&rsquo;\u00e9largir leurs horizons et de propulser leurs gains financiers gr\u00e2ce \u00e0 la pratique du marketing d&rsquo;affiliation.<\/p>\n<ul>\n<li>Int\u00e9grez un programme d&rsquo;affiliation de mani\u00e8re transparente dans votre site Web WordPress et WooCommerce<\/li>\n<li>Suivre facilement les ventes d&rsquo;affiliation et les b\u00e9n\u00e9fices avec des rapports d\u00e9taill\u00e9s<\/li>\n<li>Fixer des taux de commission pour les affili\u00e9s au niveau mondial ou des produits<\/li>\n<li>Fournir des liens d&rsquo;affiliation personnalis\u00e9s pour vos partenaires pour suivre les performances<\/li>\n<li>Prise en charge de plusieurs langues et devises pour \u00e9tendre votre port\u00e9e mondiale<\/li>\n<li>Offrez des incitations et des bonus uniques aux affili\u00e9s les plus performants<\/li>\n<li>Processus de configuration simple et simple pour les commer\u00e7ants et les affili\u00e9s<\/li>\n<li>Compatible avec un large \u00e9ventail de th\u00e8mes WordPress et d&rsquo;extensions WooCommerce<\/li>\n<li>Support complet et ressources disponibles pour les conseils et le d\u00e9pannage<\/li>\n<li>Id\u00e9al pour les blogueurs, les cr\u00e9ateurs de contenu, les entreprises de commerce \u00e9lectronique et les sp\u00e9cialistes du marketing en ligne qui cherchent \u00e0 augmenter leurs sources de revenus.<\/li>\n<\/ul>\n","protected":false},"excerpt":{"rendered":"<p>Le programme d&rsquo;affiliation WordPress et WooCommerce que nous proposons est un outil incroyablement robuste et puissant que les propri\u00e9taires de sites Web peuvent non seulement attirer et s\u00e9duire de nouveaux clients, mais \u00e9galement \u00e9lever leurs chiffres de vente en fournissant des incitations attrayantes aux affili\u00e9s qui promeuvent et approuvent activement leurs produits. Ce programme s&rsquo;int\u00e8gre parfaitement \u00e0 WordPress et WooCommerce, offrant ainsi aux utilisateurs un moyen simple et pourtant incroyablement efficace pour \u00e9largir leur client\u00e8le et propulser la croissance de leur entreprise. Notre programme est non seulement remarquablement convivial mais \u00e9galement hautement personnalisable, permettant aux utilisateurs de le personnaliser en fonction de leurs exigences et pr\u00e9f\u00e9rences sp\u00e9cifiques. De plus, il est \u00e9quip\u00e9 d&rsquo;une pl\u00e9thore de caract\u00e9ristiques et d&rsquo;avantages exceptionnels qui en font un choix impeccable pour les personnes cherchant \u00e0 accro\u00eetre leur pr\u00e9sence en ligne et \u00e0 am\u00e9liorer leur rentabilit\u00e9. Que vous soyez un propri\u00e9taire d&rsquo;entreprise \u00e0 petite \u00e9chelle ou une entit\u00e9 d&rsquo;entreprise majeure, l&rsquo;utilisation de notre programme d&rsquo;affiliation peut ind\u00e9nigmenter la r\u00e9alisation de vos objectifs de marketing num\u00e9rique avec une commodit\u00e9 et une efficacit\u00e9 in\u00e9gal\u00e9es.<\/p>\n","protected":false},"featured_media":146101,"comment_status":"open","ping_status":"open","template":"","meta":[],"product_brand":[2435],"product_cat":[1200,1182,1181],"product_tag":[1231],"class_list":{"0":"post-113400","1":"product","2":"type-product","3":"status-publish","4":"has-post-thumbnail","6":"product_brand-codecanyon","7":"product_cat-commercialisation","8":"product_cat-commerce-electronique-plugins","9":"product_cat-plugins","10":"product_tag-codecanyon","11":"member-discount","12":"discount-restricted","14":"first","15":"instock","16":"sale","17":"downloadable","18":"virtual","19":"sold-individually","20":"purchasable","21":"product-type-simple"},"_links":{"self":[{"href":"https:\/\/gpl-love.com\/fr\/wp-json\/wp\/v2\/product\/113400","targetHints":{"allow":["GET"]}}],"collection":[{"href":"https:\/\/gpl-love.com\/fr\/wp-json\/wp\/v2\/product"}],"about":[{"href":"https:\/\/gpl-love.com\/fr\/wp-json\/wp\/v2\/types\/product"}],"replies":[{"embeddable":true,"href":"https:\/\/gpl-love.com\/fr\/wp-json\/wp\/v2\/comments?post=113400"}],"wp:featuredmedia":[{"embeddable":true,"href":"https:\/\/gpl-love.com\/fr\/wp-json\/wp\/v2\/media\/146101"}],"wp:attachment":[{"href":"https:\/\/gpl-love.com\/fr\/wp-json\/wp\/v2\/media?parent=113400"}],"wp:term":[{"taxonomy":"product_brand","embeddable":true,"href":"https:\/\/gpl-love.com\/fr\/wp-json\/wp\/v2\/product_brand?post=113400"},{"taxonomy":"product_cat","embeddable":true,"href":"https:\/\/gpl-love.com\/fr\/wp-json\/wp\/v2\/product_cat?post=113400"},{"taxonomy":"product_tag","embeddable":true,"href":"https:\/\/gpl-love.com\/fr\/wp-json\/wp\/v2\/product_tag?post=113400"}],"curies":[{"name":"wp","href":"https:\/\/api.w.org\/{rel}","templated":true}]}}