{"id":113398,"date":"2021-03-31T00:00:00","date_gmt":"2021-03-30T22:00:00","guid":{"rendered":"http:\/\/gpl-love.com\/fr\/produit\/vip-restaurant-cafe-wordpress-theme\/"},"modified":"2026-04-10T18:45:03","modified_gmt":"2026-04-10T16:45:03","slug":"vip-restaurant-cafe-wordpress-theme","status":"publish","type":"product","link":"https:\/\/gpl-love.com\/fr\/produit\/vip-restaurant-cafe-wordpress-theme\/","title":{"rendered":"VIP Restaurant Cafe WordPress Theme 14"},"content":{"rendered":"<h3>VIP Restaurant Cafe WordPress Theme Traits<\/h3>\n<p>Le th\u00e8me WordPress du caf\u00e9 VIP Restaurant est une option hautement recommand\u00e9e pour les personnes qui cherchent \u00e0 \u00e9tablir un site Web exquis pour leur entreprise de nourriture et de boissons. Ce th\u00e8me exceptionnel fournit une pl\u00e9thore de fonctionnalit\u00e9s qui permettent aux utilisateurs d&rsquo;exposer efficacement leur menu, leurs services et leurs promotions de mani\u00e8re raffin\u00e9e et professionnelle. B\u00e9n\u00e9ficiant d&rsquo;un design \u00e9l\u00e9gant et contemporain, ce th\u00e8me est garanti pour captiver votre client\u00e8le et distinguer votre site Web des concurrents. De plus, le th\u00e8me WordPress du caf\u00e9 VIP Restaurant est remarquablement convivial et personnalisable, m\u00eame pour ceux qui sont d\u00e9pourvus d&rsquo;expertise de codage. Sa conception r\u00e9active garantit une pr\u00e9sentation optimale sur n&rsquo;importe quel appareil, tandis que son optimisation SEO am\u00e9liore la visibilit\u00e9 de votre site Web dans les r\u00e9sultats des moteurs de recherche. En conclusion, le th\u00e8me WordPress du caf\u00e9 du restaurant VIP est un choix exceptionnel pour quiconque aspire \u00e0 forger un site Web sup\u00e9rieur pour son restaurant ou son caf\u00e9.<\/p>\n<ul>\n<li>Design de th\u00e8me \u00e9l\u00e9gant et moderne parfaitement adapt\u00e9 aux restaurants et aux caf\u00e9s<\/li>\n<li>La conception enti\u00e8rement r\u00e9active et adapt\u00e9e aux mobiles assure des performances optimales sur tous les appareils<\/li>\n<li>Options de personnalisation flexibles, y compris les arri\u00e8re-plans personnalis\u00e9s, les couleurs et les options de police<\/li>\n<li>Zones de t\u00eate et de pied de page personnalisables avec plusieurs options de disposition<\/li>\n<li>Interface de glisser-d\u00e9poser facile \u00e0 utiliser avec la prise en charge du constructeur de pages pour la cr\u00e9ation de sites Web rapide et facile<\/li>\n<li>Optimis\u00e9 pour les moteurs de recherche avec des fonctionnalit\u00e9s de r\u00e9f\u00e9rencement int\u00e9gr\u00e9es<\/li>\n<li>Int\u00e9gration WooCommerce pour une commande facile et des ventes en ligne<\/li>\n<li>Syst\u00e8me de r\u00e9servation int\u00e9gr\u00e9 avec param\u00e8tres personnalisables<\/li>\n<li>Fonctionnalit\u00e9s de galerie et de portfolio pour pr\u00e9senter le menu et les plats de votre restaurant<\/li>\n<li>Int\u00e9gration des m\u00e9dias sociaux pour le partage et la promotion faciles de votre site Web et de votre restaurant.<\/li>\n<\/ul>\n","protected":false},"excerpt":{"rendered":"<p>Le th\u00e8me WordPress du caf\u00e9 VIP Restaurant se pr\u00e9sente comme une solution impeccable et globale pour la cr\u00e9ation d&rsquo;un site Web extraordinaire qui combine sans effort l&rsquo;esth\u00e9tique et les fonctionnalit\u00e9s de votre restaurant ou caf\u00e9 estim\u00e9. Ses caract\u00e9ristiques extraordinaires incluent un design \u00e9l\u00e9gant et contemporain, vous offrant une abondance de dispositions personnalisables qui ne peuvent pas laisser une impression durable sur vos visiteurs. De plus, ce th\u00e8me remarquable poss\u00e8de des fonctionnalit\u00e9s avanc\u00e9es, telles que l&rsquo;int\u00e9gration transparente des r\u00e9servations et la gestion efficace des menu. De plus, sa r\u00e9activit\u00e9 garantit que votre site Web d\u00e9gagera de l&rsquo;excellence et maintiendra son attrait visuel sur tous les appareils, tandis que les options de personnalisation conviviales facilitent la fabrication d&rsquo;un site Web qui incarne parfaitement l&rsquo;essence de votre marque. Que vous aspirez \u00e0 captiver de nouveaux clients ou \u00e0 offrir une exp\u00e9rience remarquable \u00e0 vos fid\u00e8les supporters, le th\u00e8me WordPress du caf\u00e9 VIP Restaurant s&rsquo;\u00e9tablit fermement comme le choix par excellence pour vos besoins uniques.<\/p>\n","protected":false},"featured_media":145718,"comment_status":"open","ping_status":"open","template":"","meta":[],"product_brand":[2433],"product_cat":[1606,1212,1213],"product_tag":[1366],"class_list":{"0":"post-113398","1":"product","2":"type-product","3":"status-publish","4":"has-post-thumbnail","6":"product_brand-themeforest","7":"product_cat-restauration-et-restaurant","8":"product_cat-themes","9":"product_cat-wordpress-themes","10":"product_tag-themeforest","11":"member-discount","12":"discount-restricted","14":"first","15":"instock","16":"sale","17":"downloadable","18":"virtual","19":"sold-individually","20":"purchasable","21":"product-type-simple"},"_links":{"self":[{"href":"https:\/\/gpl-love.com\/fr\/wp-json\/wp\/v2\/product\/113398","targetHints":{"allow":["GET"]}}],"collection":[{"href":"https:\/\/gpl-love.com\/fr\/wp-json\/wp\/v2\/product"}],"about":[{"href":"https:\/\/gpl-love.com\/fr\/wp-json\/wp\/v2\/types\/product"}],"replies":[{"embeddable":true,"href":"https:\/\/gpl-love.com\/fr\/wp-json\/wp\/v2\/comments?post=113398"}],"wp:featuredmedia":[{"embeddable":true,"href":"https:\/\/gpl-love.com\/fr\/wp-json\/wp\/v2\/media\/145718"}],"wp:attachment":[{"href":"https:\/\/gpl-love.com\/fr\/wp-json\/wp\/v2\/media?parent=113398"}],"wp:term":[{"taxonomy":"product_brand","embeddable":true,"href":"https:\/\/gpl-love.com\/fr\/wp-json\/wp\/v2\/product_brand?post=113398"},{"taxonomy":"product_cat","embeddable":true,"href":"https:\/\/gpl-love.com\/fr\/wp-json\/wp\/v2\/product_cat?post=113398"},{"taxonomy":"product_tag","embeddable":true,"href":"https:\/\/gpl-love.com\/fr\/wp-json\/wp\/v2\/product_tag?post=113398"}],"curies":[{"name":"wp","href":"https:\/\/api.w.org\/{rel}","templated":true}]}}