{"id":113396,"date":"2025-08-17T00:00:00","date_gmt":"2025-08-16T22:00:00","guid":{"rendered":"http:\/\/gpl-love.com\/fr\/produit\/jobify-the-most-popular-wordpress-job-board-theme\/"},"modified":"2026-03-20T23:21:08","modified_gmt":"2026-03-20T22:21:08","slug":"jobify-the-most-popular-wordpress-job-board-theme","status":"publish","type":"product","link":"https:\/\/gpl-love.com\/fr\/produit\/jobify-the-most-popular-wordpress-job-board-theme\/","title":{"rendered":"Jobify The Most Popular WordPress Job Board Theme 4.3.0"},"content":{"rendered":"<h3>Jobify The Most Popular WordPress Job Board Theme Traits<\/h3>\n<p>Jobify, le th\u00e8me r\u00e9volutionnaire WordPress qui transforme la cr\u00e9ation du conseil d&#8217;emploi, a gagn\u00e9 en popularit\u00e9 en raison de sa polyvalence et de ses fonctionnalit\u00e9s compl\u00e8tes. Ce th\u00e8me englobe tous les \u00e9l\u00e9ments essentiels n\u00e9cessaires \u00e0 la cr\u00e9ation d&rsquo;un site Web triomphal du conseil d&rsquo;administration. En tirant parti de son interface conviviale, les utilisateurs peuvent rapidement configurer leurs panneaux d&#8217;emploi personnalis\u00e9s et annoncer rapidement les postes d&#8217;emploi. De plus, Jobify propose des options de personnalisation approfondies, facilitant l&rsquo;int\u00e9gration transparente avec l&rsquo;identit\u00e9 unique de votre marque. Pour augmenter davantage son d\u00e9sirabilit\u00e9, Jobify a \u00e9t\u00e9 m\u00e9ticuleusement optimis\u00e9 pour les classements sup\u00e9rieurs des moteurs de recherche, garantissant une visibilit\u00e9 accrue sur les pages de r\u00e9sultats des moteurs de recherche. De plus, Jobify poss\u00e8de une conception r\u00e9active, ce qui le rend compatible avec diverses tailles d&rsquo;\u00e9cran. Par cons\u00e9quent, les demandeurs d&#8217;emploi peuvent explorer et demander sans effort des possibilit\u00e9s d&#8217;emploi sur plusieurs appareils. Pour les organisations, les recruteurs et les sites d&#8217;emploi qui aspirent \u00e0 \u00e9lever leur processus d&#8217;embauche, Jobify s&rsquo;av\u00e8re \u00eatre un choix exceptionnel.<\/p>\n<ul>\n<li>Th\u00e8me WordPress enti\u00e8rement personnalisable con\u00e7u sp\u00e9cifiquement pour les panneaux d&#8217;emploi<\/li>\n<li>La conception r\u00e9active le rend accessible sur le bureau, les tablettes et les appareils mobiles<\/li>\n<li>Interface intuitive et conviviale pour les demandeurs d&#8217;emploi et les employeurs<\/li>\n<li>Comprend des fonctionnalit\u00e9s int\u00e9gr\u00e9es telles que la gestion de la liste d&#8217;emplois, le suivi des candidats et la gestion des CV<\/li>\n<li>Prend en charge diverses passerelles de paiement et mod\u00e8les d&rsquo;abonnement pour la mon\u00e9tisation<\/li>\n<li>Offre une int\u00e9gration transparente avec des applications tierces populaires comme les formulaires WooCommerce et Gravity<\/li>\n<li>Livr\u00e9 avec une vari\u00e9t\u00e9 de mod\u00e8les et de sch\u00e9mas de couleurs pr\u00e9-con\u00e7us, assurant un look professionnel et poli<\/li>\n<li>Permet une personnalisation facile de la marque, des logos et de l&rsquo;esth\u00e9tique globale<\/li>\n<li>Fournit un support et des mises \u00e0 jour continues pour garantir des performances et des fonctionnalit\u00e9s optimales<\/li>\n<li>Confiance par des milliers d&rsquo;entreprises et d&rsquo;organisations \u00e0 travers le monde.<\/li>\n<\/ul>\n","protected":false},"excerpt":{"rendered":"<p>Lorsqu&rsquo;il s&rsquo;agit de cr\u00e9er un site Web du conseil d&#8217;emploi qui est \u00e0 la fois tr\u00e8s fonctionnel et visuellement attrayant, Jobify est la solution incontournable. Ce th\u00e8me WordPress remarquable offre une gamme compl\u00e8te de fonctionnalit\u00e9s et d&rsquo;outils pour vous aider \u00e0 cr\u00e9er une plate-forme de carte d&#8217;emploi r\u00e9ussie. Avec Jobify \u00e0 votre disposition, vous avez la possibilit\u00e9 de cr\u00e9er et de g\u00e9rer sans effort les listes d&#8217;emplois, d&rsquo;activer la soumission de curriculum vitae et d&rsquo;applications directement via votre site et m\u00eame de fournir une vari\u00e9t\u00e9 de packages d&rsquo;inscription d&#8217;emplois payants. La conception \u00e9l\u00e9gante et contemporaine de Jobify garantit que votre conseil d&#8217;emploi semble non seulement professionnel, mais captive \u00e9galement l&rsquo;attention des demandeurs d&#8217;emploi et des employeurs. De plus, la popularit\u00e9 g\u00e9n\u00e9ralis\u00e9e de Jobify et la documentation approfondie en font le th\u00e8me id\u00e9al pour s\u00e9lectionner lors de la cr\u00e9ation de la cr\u00e9ation de votre propre site Web du Board Board.<\/p>\n","protected":false},"featured_media":144287,"comment_status":"open","ping_status":"open","template":"","meta":[],"product_brand":[2433],"product_cat":[1516,1212,1213],"product_tag":[1366],"class_list":{"0":"post-113396","1":"product","2":"type-product","3":"status-publish","4":"has-post-thumbnail","6":"product_brand-themeforest","7":"product_cat-entreprise","8":"product_cat-themes","9":"product_cat-wordpress-themes","10":"product_tag-themeforest","11":"member-discount","12":"discount-restricted","14":"first","15":"instock","16":"sale","17":"downloadable","18":"virtual","19":"sold-individually","20":"purchasable","21":"product-type-simple"},"_links":{"self":[{"href":"https:\/\/gpl-love.com\/fr\/wp-json\/wp\/v2\/product\/113396","targetHints":{"allow":["GET"]}}],"collection":[{"href":"https:\/\/gpl-love.com\/fr\/wp-json\/wp\/v2\/product"}],"about":[{"href":"https:\/\/gpl-love.com\/fr\/wp-json\/wp\/v2\/types\/product"}],"replies":[{"embeddable":true,"href":"https:\/\/gpl-love.com\/fr\/wp-json\/wp\/v2\/comments?post=113396"}],"wp:featuredmedia":[{"embeddable":true,"href":"https:\/\/gpl-love.com\/fr\/wp-json\/wp\/v2\/media\/144287"}],"wp:attachment":[{"href":"https:\/\/gpl-love.com\/fr\/wp-json\/wp\/v2\/media?parent=113396"}],"wp:term":[{"taxonomy":"product_brand","embeddable":true,"href":"https:\/\/gpl-love.com\/fr\/wp-json\/wp\/v2\/product_brand?post=113396"},{"taxonomy":"product_cat","embeddable":true,"href":"https:\/\/gpl-love.com\/fr\/wp-json\/wp\/v2\/product_cat?post=113396"},{"taxonomy":"product_tag","embeddable":true,"href":"https:\/\/gpl-love.com\/fr\/wp-json\/wp\/v2\/product_tag?post=113396"}],"curies":[{"name":"wp","href":"https:\/\/api.w.org\/{rel}","templated":true}]}}