{"id":113394,"date":"2022-04-11T00:00:00","date_gmt":"2022-04-10T22:00:00","guid":{"rendered":"http:\/\/gpl-love.com\/fr\/produit\/age-checker-for-wordpress\/"},"modified":"2026-03-20T22:54:03","modified_gmt":"2026-03-20T21:54:03","slug":"age-checker-for-wordpress","status":"publish","type":"product","link":"https:\/\/gpl-love.com\/fr\/produit\/age-checker-for-wordpress\/","title":{"rendered":"Age Checker pour WordPress 1.2.8"},"content":{"rendered":"<h3>Age Checker pour WordPress Traits<\/h3>\n<p>Le v\u00e9rificateur d&rsquo;\u00e2ge pour le plugin WordPress sert de ressource tr\u00e8s b\u00e9n\u00e9fique pour les propri\u00e9taires de sites Web, leur permettant d&rsquo;authentifier efficacement l&rsquo;\u00e2ge de leurs visiteurs avant de leur accorder un acc\u00e8s \u00e0 un contenu limit\u00e9 \u00e0 des groupes d&rsquo;\u00e2ge sp\u00e9cifiques. Ce plugin polyvalent fournit un processus d&rsquo;installation sans couture tout en offrant une multitude de possibilit\u00e9s de personnalisation, r\u00e9pondant ainsi aux besoins et pr\u00e9f\u00e9rences uniques des entreprises op\u00e9rant dans des secteurs tels que l&rsquo;alcool, le tabac et le jeu. En incorporant le plugin d&rsquo;\u00e2ge Checker dans leurs sites Web, les entreprises peuvent se pr\u00e9valoir d&rsquo;une gamme d&rsquo;options de v\u00e9rification d&rsquo;\u00e2ge, y compris l&rsquo;utilisation de la date de naissance du visiteur, la tranche d&rsquo;\u00e2ge \u00e0 laquelle ils appartiennent, ou une enqu\u00eate simple n\u00e9cessitant une r\u00e9ponse binaire de l&rsquo;un ou l&rsquo;autre Oui ou non. Par cons\u00e9quent, cet outil inestimable facilite non seulement le respect des restrictions l\u00e9gales de l&rsquo;\u00e2ge, mais prot\u00e8ge \u00e9galement efficacement les entreprises contre les ramifications l\u00e9gales potentielles. Pour r\u00e9sumer, le v\u00e9rificateur d&rsquo;\u00e2ge du plugin WordPress repr\u00e9sente un actif indispensable pour les propri\u00e9taires de sites Web car il garantit que leurs visiteurs ont un \u00e2ge l\u00e9gal avant d&rsquo;acc\u00e9der \u00e0 un contenu restreint, favorisant ainsi un environnement en ligne s\u00e9curis\u00e9 et responsable.<\/p>\n<ul>\n<li>V\u00e9rifiez facilement l&rsquo;\u00e2ge des visiteurs de votre site Web \u00e0 l&rsquo;aide d&rsquo;une interface simple et personnalisable<\/li>\n<li>S&rsquo;int\u00e8gre de mani\u00e8re transparente dans votre site Web WordPress, vous permettant de g\u00e9rer tous les aspects du processus de v\u00e9rification d&rsquo;\u00e2ge \u00e0 partir d&rsquo;un emplacement central<\/li>\n<li>Choisissez parmi une vari\u00e9t\u00e9 d&rsquo;options de v\u00e9rification, y compris la date de naissance, la num\u00e9risation d&rsquo;identit\u00e9 et plus<\/li>\n<li>D\u00e9finissez les limites d&rsquo;\u00e2ge minimum pour le contenu ou les produits de votre site Web avec des gammes d&rsquo;\u00e2ge personnalisables<\/li>\n<li>Prot\u00e9gez votre site Web contre les probl\u00e8mes juridiques potentiels en vous assurant que les mineurs ne peuvent pas acc\u00e9der au contenu restreint<\/li>\n<li>Augmentez l&rsquo;engagement du site Web et les taux de conversion en adaptant votre contenu aux groupes d&rsquo;\u00e2ge appropri\u00e9s<\/li>\n<li>Optimisez votre exp\u00e9rience utilisateur en permettant aux visiteurs de v\u00e9rifier facilement leur \u00e2ge et d&rsquo;acc\u00e9der \u00e0 votre site Web sans aucun probl\u00e8me ou frottement inutile<\/li>\n<li>Compatible avec une grande vari\u00e9t\u00e9 de th\u00e8mes et de plugins WordPress, assurant une installation et un fonctionnement transparents<\/li>\n<li>Mises \u00e0 jour r\u00e9guli\u00e8res et assistance pour assurer les performances du produit et la satisfaction des clients.<\/li>\n<\/ul>\n","protected":false},"excerpt":{"rendered":"<p>Le v\u00e9rificateur d&rsquo;\u00e2ge pour WordPress est un plugin de v\u00e9rification d&rsquo;\u00e2ge WordPress tr\u00e8s efficace qui offre une solution transparente pour la v\u00e9rification d&rsquo;\u00e2ge sur WordPress, contr\u00f4lant l&rsquo;acc\u00e8s au contenu de votre site Web. Ce plugin accorde une entr\u00e9e exclusivement aux individus d&rsquo;\u00e2ge l\u00e9gal, agissant comme un outil essentiel pour le contr\u00f4le d&rsquo;acc\u00e8s au contenu pour WordPress.<\/p>\n<p>Vous pouvez facilement \u00e9tablir un seuil d&rsquo;\u00e2ge sur WordPress conform\u00e9ment \u00e0 vos pr\u00e9f\u00e9rences sp\u00e9cifiques. Le v\u00e9rificateur d&rsquo;\u00e2ge de WordPress vous permet non seulement de d\u00e9finir des restrictions d&rsquo;\u00e2ge, mais offre \u00e9galement une v\u00e9rification d&rsquo;\u00e2ge personnalis\u00e9e pour les sites Web. Vous pouvez rendre la proc\u00e9dure de v\u00e9rification unique en incorporant un message accueillant, un logo et d&rsquo;autres \u00e9l\u00e9ments distincts.<\/p>\n<p>Le plugin WordPress pour la restriction l\u00e9gale de l&rsquo;\u00e2ge est livr\u00e9 avec un tableau d&rsquo;options de mise en page, vous permettant d&rsquo;harmoniser sans effort son apparence avec la conception de votre site, am\u00e9liorant ainsi l&rsquo;exp\u00e9rience utilisateur avec WordPress Age Checker.<\/p>\n<p>Pour le retour des visiteurs, le v\u00e9rificateur d&rsquo;\u00e2ge de WordPress simplifie le processus via sa v\u00e9rification automatique sur la fonction WordPress. Cette fonctionnalit\u00e9 ing\u00e9nieuse garantit que vos visiteurs n&rsquo;ont pas \u00e0 passer par le processus de v\u00e9rification \u00e0 chaque fois qu&rsquo;ils visitent votre site.<\/p>\n<p>Avec<\/p>\n","protected":false},"featured_media":143092,"comment_status":"open","ping_status":"open","template":"","meta":[],"product_brand":[2435],"product_cat":[1189,1181,1186],"product_tag":[1231],"class_list":{"0":"post-113394","1":"product","2":"type-product","3":"status-publish","4":"has-post-thumbnail","6":"product_brand-codecanyon","7":"product_cat-personnalisation","8":"product_cat-plugins","9":"product_cat-wordpress-plugins","10":"product_tag-codecanyon","11":"member-discount","12":"discount-restricted","14":"first","15":"instock","16":"sale","17":"downloadable","18":"virtual","19":"sold-individually","20":"purchasable","21":"product-type-simple"},"_links":{"self":[{"href":"https:\/\/gpl-love.com\/fr\/wp-json\/wp\/v2\/product\/113394","targetHints":{"allow":["GET"]}}],"collection":[{"href":"https:\/\/gpl-love.com\/fr\/wp-json\/wp\/v2\/product"}],"about":[{"href":"https:\/\/gpl-love.com\/fr\/wp-json\/wp\/v2\/types\/product"}],"replies":[{"embeddable":true,"href":"https:\/\/gpl-love.com\/fr\/wp-json\/wp\/v2\/comments?post=113394"}],"wp:featuredmedia":[{"embeddable":true,"href":"https:\/\/gpl-love.com\/fr\/wp-json\/wp\/v2\/media\/143092"}],"wp:attachment":[{"href":"https:\/\/gpl-love.com\/fr\/wp-json\/wp\/v2\/media?parent=113394"}],"wp:term":[{"taxonomy":"product_brand","embeddable":true,"href":"https:\/\/gpl-love.com\/fr\/wp-json\/wp\/v2\/product_brand?post=113394"},{"taxonomy":"product_cat","embeddable":true,"href":"https:\/\/gpl-love.com\/fr\/wp-json\/wp\/v2\/product_cat?post=113394"},{"taxonomy":"product_tag","embeddable":true,"href":"https:\/\/gpl-love.com\/fr\/wp-json\/wp\/v2\/product_tag?post=113394"}],"curies":[{"name":"wp","href":"https:\/\/api.w.org\/{rel}","templated":true}]}}