{"id":113392,"date":"2022-02-23T00:00:00","date_gmt":"2022-02-22T23:00:00","guid":{"rendered":"http:\/\/gpl-love.com\/fr\/produit\/dwt-listing-directory-and-listing-wordpress-theme\/"},"modified":"2026-03-20T23:01:39","modified_gmt":"2026-03-20T22:01:39","slug":"dwt-listing-directory-and-listing-wordpress-theme","status":"publish","type":"product","link":"https:\/\/gpl-love.com\/fr\/produit\/dwt-listing-directory-and-listing-wordpress-theme\/","title":{"rendered":"DWT Listing Directory et Listing WordPress Theme 3.2.2"},"content":{"rendered":"<h3>DWT Listing Directory et Listing WordPress Theme Traits<\/h3>\n<p>Le r\u00e9pertoire de cotation DWT et le th\u00e8me WordPress de liste appara\u00eet comme un outil impeccable pour les personnes cherchant \u00e0 se lancer dans la cr\u00e9ation d&rsquo;un site Web d\u00e9di\u00e9 aux r\u00e9pertoires professionnels. Ce logiciel poss\u00e8de une puissance inh\u00e9rente, fusionnant une plate-forme d&rsquo;annuaire compl\u00e8te et adaptable avec un th\u00e8me WordPress intuitif, facilitant ainsi une exp\u00e9rience de construction de site Web sans couture et hautement personnalisable pour ses utilisateurs. D\u00e9pourvu de toute complexit\u00e9, le r\u00e9pertoire de cotation DWT et le th\u00e8me WordPress inscriptique poss\u00e8dent un vaste \u00e9ventail de fonctionnalit\u00e9s et une interface conviviale, rationalisant efficacement la gestion des listes, l&rsquo;organisation des cat\u00e9gories et la facilitation de la g\u00e9n\u00e9ration de revenus gr\u00e2ce \u00e0 des int\u00e9grations publicitaires et des int\u00e9grations de paiement. Que votre ambition implique le d\u00e9veloppement d&rsquo;un r\u00e9pertoire d&rsquo;entreprise, des listes immobili\u00e8res ou de toute autre variante du site d&rsquo;annuaire, assurez-vous que le r\u00e9pertoire de liste DWT et le th\u00e8me WordPress de liste repr\u00e9sente la solution ultime adapt\u00e9e sp\u00e9cifiquement \u00e0 vos exigences distinctives.<\/p>\n<ul>\n<li>Configuration facile et efficace pour votre r\u00e9pertoire ou votre site Web d&rsquo;inscription<\/li>\n<li>Conception enti\u00e8rement r\u00e9active pour une visualisation optimis\u00e9e sur tous les appareils<\/li>\n<li>Interface conviviale pour les administrateurs et les visiteurs du site<\/li>\n<li>Options de personnalisation sans fin avec le th\u00e8me WordPress inclus<\/li>\n<li>Fonctionnalit\u00e9 de recherche compl\u00e8te pour trouver facilement les listes dans le r\u00e9pertoire<\/li>\n<li>Options de traitement des paiements int\u00e9gr\u00e9s pour les annonces ou les listes payantes avec des fonctionnalit\u00e9s am\u00e9lior\u00e9es<\/li>\n<li>Capacit\u00e9 \u00e0 mettre en valeur les avis et les \u00e9valuations de la liste pour une cr\u00e9dibilit\u00e9 et une confiance accrue<\/li>\n<li>Options de disposition multiples pour la page d&rsquo;accueil, les pages de cat\u00e9gorie et les pages d&rsquo;inscription individuelles<\/li>\n<li>Fonctionnalit\u00e9s conviviales pour am\u00e9liorer la visibilit\u00e9 du site Web dans les r\u00e9sultats des moteurs de recherche<\/li>\n<li>Mises \u00e0 jour r\u00e9guli\u00e8res et support client pour les am\u00e9liorations et l&rsquo;aide continue.<\/li>\n<\/ul>\n","protected":false},"excerpt":{"rendered":"<p>D\u00e9couvrez la solution ultime pour votre entreprise avec le r\u00e9pertoire de liste DWT et le th\u00e8me WordPress de liste. Ce th\u00e8me WordPress est sp\u00e9cialement con\u00e7u pour optimiser votre r\u00e9pertoire de liste en ligne avec des fonctionnalit\u00e9s exceptionnelles. Avec DWT, vous pouvez cr\u00e9er et g\u00e9rer sans effort votre r\u00e9pertoire commercial en ligne, offrant une plate-forme efficace aux utilisateurs pour explorer et se connecter avec les entreprises de leur localit\u00e9.<\/p>\n<p>Notre interface conviviale garantit une navigation facile, permettant aux clients potentiels de filtrer et de trier les listes en fonction de leurs pr\u00e9f\u00e9rences. Avec sa conception r\u00e9active, le r\u00e9pertoire de la liste DWT est optimis\u00e9 pour tous les appareils, offrant une exp\u00e9rience utilisateur exceptionnelle et augmentant la visibilit\u00e9 de votre site.<\/p>\n<p>Le r\u00e9pertoire de la liste DWT et le th\u00e8me WordPress inscrit comprennent \u00e9galement une mise en page personnalisable o\u00f9 vous pouvez incorporer votre marque et personnaliser votre site en fonction de vos besoins commerciaux. De plus, il est livr\u00e9 avec un syst\u00e8me de recherche avanc\u00e9 qui rationalise le processus de recherche de listes sp\u00e9cifiques.<\/p>\n<p>De plus, notre th\u00e8me WordPress propose plusieurs passerelles de paiement, s\u00e9curis\u00e9es et fiables pour les transactions. Il est \u00e9galement optimis\u00e9 pour am\u00e9liorer la recherche de votre site Web, ce qui fait de votre entreprise<\/p>\n","protected":false},"featured_media":143593,"comment_status":"open","ping_status":"open","template":"","meta":[],"product_brand":[2433],"product_cat":[1242,1212,1213],"product_tag":[1366],"class_list":{"0":"post-113392","1":"product","2":"type-product","3":"status-publish","4":"has-post-thumbnail","6":"product_brand-themeforest","7":"product_cat-creatif","8":"product_cat-themes","9":"product_cat-wordpress-themes","10":"product_tag-themeforest","11":"member-discount","12":"discount-restricted","14":"first","15":"instock","16":"sale","17":"downloadable","18":"virtual","19":"sold-individually","20":"purchasable","21":"product-type-simple"},"_links":{"self":[{"href":"https:\/\/gpl-love.com\/fr\/wp-json\/wp\/v2\/product\/113392","targetHints":{"allow":["GET"]}}],"collection":[{"href":"https:\/\/gpl-love.com\/fr\/wp-json\/wp\/v2\/product"}],"about":[{"href":"https:\/\/gpl-love.com\/fr\/wp-json\/wp\/v2\/types\/product"}],"replies":[{"embeddable":true,"href":"https:\/\/gpl-love.com\/fr\/wp-json\/wp\/v2\/comments?post=113392"}],"wp:featuredmedia":[{"embeddable":true,"href":"https:\/\/gpl-love.com\/fr\/wp-json\/wp\/v2\/media\/143593"}],"wp:attachment":[{"href":"https:\/\/gpl-love.com\/fr\/wp-json\/wp\/v2\/media?parent=113392"}],"wp:term":[{"taxonomy":"product_brand","embeddable":true,"href":"https:\/\/gpl-love.com\/fr\/wp-json\/wp\/v2\/product_brand?post=113392"},{"taxonomy":"product_cat","embeddable":true,"href":"https:\/\/gpl-love.com\/fr\/wp-json\/wp\/v2\/product_cat?post=113392"},{"taxonomy":"product_tag","embeddable":true,"href":"https:\/\/gpl-love.com\/fr\/wp-json\/wp\/v2\/product_tag?post=113392"}],"curies":[{"name":"wp","href":"https:\/\/api.w.org\/{rel}","templated":true}]}}