{"id":113388,"date":"2026-04-10T00:00:00","date_gmt":"2026-04-09T22:00:00","guid":{"rendered":"http:\/\/gpl-love.com\/fr\/produit\/mipro-minimal-woocommerce-wordpress-theme\/"},"modified":"2026-04-10T18:31:37","modified_gmt":"2026-04-10T16:31:37","slug":"mipro-minimal-woocommerce-wordpress-theme","status":"publish","type":"product","link":"https:\/\/gpl-love.com\/fr\/produit\/mipro-minimal-woocommerce-wordpress-theme\/","title":{"rendered":"Mipro Minimal WooCommerce WordPress Theme 1.1.9"},"content":{"rendered":"<h3>Mipro Minimal WooCommerce WordPress Theme Traits<\/h3>\n<p>MIPRO, \u00e9tant un th\u00e8me WooCommerce WordPress, d\u00e9gage le style et le minimalisme, ce qui le rend un choix impeccable pour les personnes cherchant \u00e0 cr\u00e9er des magasins en ligne. Il poss\u00e8de un design \u00e9l\u00e9gant et contemporain, m\u00e9ticuleusement optimis\u00e9 pour les appareils mobiles, facilitant ainsi les exp\u00e9riences de navigation et d&rsquo;achat sans effort pour les clients sur votre site Web. Ce th\u00e8me poss\u00e8de une vaste gamme de fonctionnalit\u00e9s, indispensable pour la vente r\u00e9ussie de produits en ligne, tels que les curseurs de produits, les options de vue rapide et les pages de produits personnalisables. De plus, MIPRO prend en charge les diverses passerelles de paiement, simplifiant l&rsquo;acceptation des paiements des clients du monde entier. Sa conception robuste et flexible est une excellente option pour toute entreprise en ligne visant \u00e0 \u00e9tablir une boutique en ligne professionnelle et efficace.<\/p>\n<ul>\n<li>Design propre et minimaliste parfait pour les sites Web de commerce \u00e9lectronique<\/li>\n<li>Compatible avec le plugin WooCommerce pour une configuration de boutique en ligne facile<\/li>\n<li>Disposition enti\u00e8rement r\u00e9active et conviviale pour une visualisation optimis\u00e9e sur tous les appareils<\/li>\n<li>Mod\u00e8les de page personnalisables et plusieurs sch\u00e9mas de couleurs pour une apparence et une sensation uniques<\/li>\n<li>Options de typographie avanc\u00e9e pour un texte beau et lisible<\/li>\n<li>Optimisation de SEO int\u00e9gr\u00e9e pour le classement des moteurs de recherche plus \u00e9lev\u00e9<\/li>\n<li>Fonction d&rsquo;importation de d\u00e9monstration en un clic pour une configuration et une installation faciles<\/li>\n<li>Mises \u00e0 jour r\u00e9guli\u00e8res et support client pour la tranquillit\u00e9 d&rsquo;esprit<\/li>\n<li>Temps de chargement rapide et code optimis\u00e9 pour de meilleures performances de site Web<\/li>\n<li>Int\u00e9gration des m\u00e9dias sociaux pour le partage facile et la commercialisation des produits.<\/li>\n<\/ul>\n","protected":false},"excerpt":{"rendered":"<p>MIPRO MINIMAL, un th\u00e8me WOOCOMMERCE WORDPRESS exquis et contemporain, poss\u00e8de une pertinence impeccable pour tout magasin virtuel. Sa disposition minimaliste, accompagn\u00e9e d&rsquo;attributs conviviaux, rend le processus d&rsquo;\u00e9tablissement d&rsquo;une boutique en ligne une brise absolue. Ce th\u00e8me exceptionnel fournit un \u00e9ventail d&rsquo;alternatives de personnalisation polyvalente, incorporant de nombreuses s\u00e9lections de disposition, des en-t\u00eates et des pieds de page personnalis\u00e9s, ainsi que divers sch\u00e9mas de couleurs. De plus, MIPRO garantit minimal une exp\u00e9rience de navigation optimale sur tous les appareils, gracieuset\u00e9 de sa nature sensible aux mobiles. Quelle que soit votre expertise, avec Mipro Minimal \u00e0 votre disposition, vous pouvez construire sans effort une boutique en ligne poli et efficace dans un laps de temps remarquablement court.<\/p>\n","protected":false},"featured_media":144549,"comment_status":"open","ping_status":"open","template":"","meta":[],"product_brand":[2433],"product_cat":[1238,1851,1212],"product_tag":[1366],"class_list":{"0":"post-113388","1":"product","2":"type-product","3":"status-publish","4":"has-post-thumbnail","6":"product_brand-themeforest","7":"product_cat-commerce-electronique-themes","8":"product_cat-entreprise-commerce-electronique-themes","9":"product_cat-themes","10":"product_tag-themeforest","11":"member-discount","12":"discount-restricted","14":"first","15":"instock","16":"sale","17":"downloadable","18":"virtual","19":"sold-individually","20":"purchasable","21":"product-type-simple"},"_links":{"self":[{"href":"https:\/\/gpl-love.com\/fr\/wp-json\/wp\/v2\/product\/113388","targetHints":{"allow":["GET"]}}],"collection":[{"href":"https:\/\/gpl-love.com\/fr\/wp-json\/wp\/v2\/product"}],"about":[{"href":"https:\/\/gpl-love.com\/fr\/wp-json\/wp\/v2\/types\/product"}],"replies":[{"embeddable":true,"href":"https:\/\/gpl-love.com\/fr\/wp-json\/wp\/v2\/comments?post=113388"}],"wp:featuredmedia":[{"embeddable":true,"href":"https:\/\/gpl-love.com\/fr\/wp-json\/wp\/v2\/media\/144549"}],"wp:attachment":[{"href":"https:\/\/gpl-love.com\/fr\/wp-json\/wp\/v2\/media?parent=113388"}],"wp:term":[{"taxonomy":"product_brand","embeddable":true,"href":"https:\/\/gpl-love.com\/fr\/wp-json\/wp\/v2\/product_brand?post=113388"},{"taxonomy":"product_cat","embeddable":true,"href":"https:\/\/gpl-love.com\/fr\/wp-json\/wp\/v2\/product_cat?post=113388"},{"taxonomy":"product_tag","embeddable":true,"href":"https:\/\/gpl-love.com\/fr\/wp-json\/wp\/v2\/product_tag?post=113388"}],"curies":[{"name":"wp","href":"https:\/\/api.w.org\/{rel}","templated":true}]}}