{"id":113386,"date":"2024-07-26T00:00:00","date_gmt":"2024-07-25T22:00:00","guid":{"rendered":"http:\/\/gpl-love.com\/fr\/produit\/mapplic-custom-interactive-map-wordpress-plugin\/"},"modified":"2026-03-20T23:23:40","modified_gmt":"2026-03-20T22:23:40","slug":"mapplic-custom-interactive-map-wordpress-plugin","status":"publish","type":"product","link":"https:\/\/gpl-love.com\/fr\/produit\/mapplic-custom-interactive-map-wordpress-plugin\/","title":{"rendered":"Mapplic Custom Interactive Map WordPress Plugin 8.4.2"},"content":{"rendered":"<h3>Mapplic Custom Interactive Map WordPress Plugin Traits<\/h3>\n<p>Le plugin WordPress Mapplic Interactive MAP personnalis\u00e9 est un outil extr\u00eamement innovant qui a \u00e9t\u00e9 m\u00e9ticuleusement con\u00e7u pour permettre la cr\u00e9ation rapide et l&rsquo;ajout sans effort de cartes interactives sur votre site Web. Ce plugin exceptionnel vous offre la capacit\u00e9 remarquable de pr\u00e9senter sans effort des emplacements, des directions et des points d&rsquo;int\u00e9r\u00eat en quelques clics. Il pr\u00e9sente notamment une interface remarquablement conviviale qui facilite la navigation transparente et s&rsquo;adapte sans effort \u00e0 la personnalisation de nombreux \u00e9l\u00e9ments de carte, y compris, mais sans s&rsquo;y limiter, les couleurs, les ic\u00f4nes et les marqueurs. En outre, il poss\u00e8de la capacit\u00e9 remarquable pour permettre l&rsquo;int\u00e9gration transparente des images captivantes, des vid\u00e9os et des informations contextuelles inestimables dans chaque marqueur de localisation individuel, favorisant ainsi une exp\u00e9rience utilisateur exceptionnellement immersive et compl\u00e8tement captivante. Surtout, ce plugin impressionnant est enti\u00e8rement compatible avec tous les th\u00e8mes WordPress et a \u00e9t\u00e9 m\u00e9ticuleusement optimis\u00e9 pour garantir une fonctionnalit\u00e9 optimale sur une vaste gamme d&rsquo;appareils mobiles. En exploitant judicieusement les capacit\u00e9s formidables du plugin WordPress de carte interactive personnalis\u00e9e Mapplic, il est possible de captiver et d&rsquo;engager sans effort votre public estim\u00e9 d&rsquo;une mani\u00e8re qui est vraiment in\u00e9gal\u00e9e, engendrera ainsi un d\u00e9sir insatiable pour une interaction r\u00e9p\u00e9t\u00e9e et une loyaut\u00e9 d\u00e9nu\u00e9 Leur retour in\u00e9branlable pour des exp\u00e9riences plus captivantes.<\/p>\n<ul>\n<li>Un plugin de carte personnalisable con\u00e7u pour les sites Web WordPress<\/li>\n<li>Permet aux utilisateurs de cr\u00e9er des cartes interactives qui peuvent \u00eatre int\u00e9gr\u00e9es dans les pages Web<\/li>\n<li>Offre une gamme de fonctionnalit\u00e9s, notamment des marqueurs personnalis\u00e9s, des info-bulleurs, des fen\u00eatres contextuelles et des couches<\/li>\n<li>Prend en charge divers styles de carte, notamment le satellite, le terrain et la vue de la rue<\/li>\n<li>Int\u00e9gr\u00e9 \u00e0 l&rsquo;API Google Maps pour les services de g\u00e9ocodage et de localisation<\/li>\n<li>Options de donn\u00e9es d&rsquo;importation et d&rsquo;exportation disponibles pour la cr\u00e9ation et l&rsquo;\u00e9dition de cartes en vrac<\/li>\n<li>Compatible avec les th\u00e8mes et constructeurs de pages populaires<\/li>\n<li>La conception r\u00e9active garantit que les cartes peuvent \u00eatre visualis\u00e9es sur n&rsquo;importe quel appareil<\/li>\n<li>Interface conviviale avec des outils de tra\u00een\u00e9e et de d\u00e9p\u00f4t intuitifs pour la cr\u00e9ation et l&rsquo;\u00e9dition de cartes faciles<\/li>\n<li>Documentation et support de d\u00e9veloppeur robustes disponibles pour la personnalisation et le d\u00e9pannage.<\/li>\n<\/ul>\n","protected":false},"excerpt":{"rendered":"<p>Le plugin WordPress Map Interactive Map Mapp Interactive, un outil d&rsquo;immense puissance et de capacit\u00e9, a \u00e9t\u00e9 m\u00e9ticuleusement con\u00e7u pour autonomiser les utilisateurs dans la cr\u00e9ation de cartes interactives enti\u00e8rement personnalis\u00e9es pour leurs sites Web WordPress. Avec une interface intuitive et conviviale, ce plugin permet aux utilisateurs d&rsquo;incorporer de mani\u00e8re transparente des marqueurs, des formes, des images, des vid\u00e9os et m\u00eame des \u00e9l\u00e9ments HTML personnalis\u00e9s dans leurs cartes, ce qui en fait une plate-forme id\u00e9ale pour l&rsquo;affichage et la pr\u00e9sentation des emplacements commerciaux, des \u00e9v\u00e9nements, ou tout autre point d&rsquo;int\u00e9r\u00eat. De plus, ce plugin englobe les fonctionnalit\u00e9s avanc\u00e9es, y compris la g\u00e9olocalisation, le filtrage et le clustering, qui servent \u00e0 am\u00e9liorer et \u00e0 optimiser l&rsquo;exp\u00e9rience utilisateur globale en s&rsquo;assurant que les visiteurs sont fournis avec la plus grande satisfaction. En substance, le plugin WordPress MAPPlic Interactive MAP est un outil r\u00e9volutionnaire qui r\u00e9volutionne le processus de cr\u00e9ation de cartes, le rendant sans effort efficace et captivant.<\/p>\n","protected":false},"featured_media":144453,"comment_status":"open","ping_status":"open","template":"","meta":[],"product_brand":[2435],"product_cat":[1189,1181,1186],"product_tag":[1231],"class_list":{"0":"post-113386","1":"product","2":"type-product","3":"status-publish","4":"has-post-thumbnail","6":"product_brand-codecanyon","7":"product_cat-personnalisation","8":"product_cat-plugins","9":"product_cat-wordpress-plugins","10":"product_tag-codecanyon","11":"member-discount","12":"discount-restricted","14":"first","15":"instock","16":"sale","17":"downloadable","18":"virtual","19":"sold-individually","20":"purchasable","21":"product-type-simple"},"_links":{"self":[{"href":"https:\/\/gpl-love.com\/fr\/wp-json\/wp\/v2\/product\/113386","targetHints":{"allow":["GET"]}}],"collection":[{"href":"https:\/\/gpl-love.com\/fr\/wp-json\/wp\/v2\/product"}],"about":[{"href":"https:\/\/gpl-love.com\/fr\/wp-json\/wp\/v2\/types\/product"}],"replies":[{"embeddable":true,"href":"https:\/\/gpl-love.com\/fr\/wp-json\/wp\/v2\/comments?post=113386"}],"wp:featuredmedia":[{"embeddable":true,"href":"https:\/\/gpl-love.com\/fr\/wp-json\/wp\/v2\/media\/144453"}],"wp:attachment":[{"href":"https:\/\/gpl-love.com\/fr\/wp-json\/wp\/v2\/media?parent=113386"}],"wp:term":[{"taxonomy":"product_brand","embeddable":true,"href":"https:\/\/gpl-love.com\/fr\/wp-json\/wp\/v2\/product_brand?post=113386"},{"taxonomy":"product_cat","embeddable":true,"href":"https:\/\/gpl-love.com\/fr\/wp-json\/wp\/v2\/product_cat?post=113386"},{"taxonomy":"product_tag","embeddable":true,"href":"https:\/\/gpl-love.com\/fr\/wp-json\/wp\/v2\/product_tag?post=113386"}],"curies":[{"name":"wp","href":"https:\/\/api.w.org\/{rel}","templated":true}]}}