{"id":113378,"date":"2022-05-16T00:00:00","date_gmt":"2022-05-15T22:00:00","guid":{"rendered":"http:\/\/gpl-love.com\/fr\/produit\/instive-insurance-wordpress-theme\/"},"modified":"2026-03-20T23:20:25","modified_gmt":"2026-03-20T22:20:25","slug":"instive-insurance-wordpress-theme","status":"publish","type":"product","link":"https:\/\/gpl-love.com\/fr\/produit\/instive-insurance-wordpress-theme\/","title":{"rendered":"Instive Insurance WordPress Theme 1.2.0"},"content":{"rendered":"<h3>Instive Insurance WordPress Theme Traits<\/h3>\n<p>Le th\u00e8me WordPress d&rsquo;assurance instive, offrant une conception contemporaine et adaptable, est un choix id\u00e9al pour les compagnies d&rsquo;assurance cherchant \u00e0 \u00e9tablir une empreinte num\u00e9rique autoritaire et centr\u00e9e sur le client. Offrant une pl\u00e9thore d&rsquo;options personnalisables, ce th\u00e8me permet aux utilisateurs de pr\u00e9senter leurs services, leurs membres de l&rsquo;\u00e9quipe et leurs t\u00e9moignages avec une finesse in\u00e9gal\u00e9e. De plus, il int\u00e8gre un formulaire de contact int\u00e9gr\u00e9, des en-t\u00eates et des pieds de page personnalisables, et un g\u00e9n\u00e9rateur de pages glisser-d\u00e9coller convivial, facilitant ainsi la personnalisation transparente. En tirant parti des capacit\u00e9s \u00e9tendues du th\u00e8me WordPress d&rsquo;assurance Instive, les compagnies d&rsquo;assurance peuvent efficacement captiver et captiver efficacement les clients potentiels, tout en incarnant leur expertise dans le secteur de l&rsquo;assurance.<\/p>\n<ul>\n<li>Un th\u00e8me WordPress \u00e9l\u00e9gant et professionnel con\u00e7u sp\u00e9cifiquement pour les agences d&rsquo;assurance<\/li>\n<li>Plusieurs options de disposition de page d&rsquo;accueil \u00e0 choisir<\/li>\n<li>Enti\u00e8rement personnalisable avec le personnalisateur de th\u00e8me en direct et le g\u00e9n\u00e9rateur de pages glisser-d\u00e9poser<\/li>\n<li>S&rsquo;int\u00e8gre \u00e0 des plugins populaires tels que le formulaire de contact 7 et le r\u00e9f\u00e9rencement Yoast<\/li>\n<li>Conception sensible au mobile pour assurer une visualisation optimale sur tous les appareils<\/li>\n<li>Syst\u00e8me de r\u00e9servation de rendez-vous int\u00e9gr\u00e9 pour une planification facile avec les clients<\/li>\n<li>Compatible avec tous les principaux navigateurs Web<\/li>\n<li>\u00c9quipe de support d\u00e9di\u00e9e disponible pour aider \u00e0 toute question ou probl\u00e8me<\/li>\n<li>SEO optimis\u00e9 pour am\u00e9liorer le classement des moteurs de recherche et la visibilit\u00e9<\/li>\n<li>Installation de d\u00e9monstration en un clic pour mettre votre site op\u00e9rationnel rapidement<\/li>\n<\/ul>\n","protected":false},"excerpt":{"rendered":"<p>Le th\u00e8me WordPress d&rsquo;assurance instive se pr\u00e9sente comme un rem\u00e8de impeccable pour les compagnies d&rsquo;assurance cherchant \u00e0 \u00e9tablir une pr\u00e9sence en ligne qui d\u00e9gage le professionnalisme et instille la confiance \u00e0 leur public. B\u00e9n\u00e9ficiant d&rsquo;un design \u00e9l\u00e9gant qui m\u00e9lange harmonieusement l&rsquo;esth\u00e9tique avec les fonctionnalit\u00e9s, ce th\u00e8me offre une myriade d&rsquo;options de personnalisation conviviales, vous permettant ainsi de construire sans effort un site Web visuellement captivant qui pr\u00e9sente efficacement votre \u00e9ventail de services et une profonde expertise. De plus, ce th\u00e8me est fourni avec des fonctionnalit\u00e9s indispensables telles que la planification de rendez-vous, les t\u00e9moignages et une disposition enti\u00e8rement r\u00e9active, garantissant l&rsquo;engagement client transparent sur un \u00e9ventail diversifi\u00e9 d&rsquo;appareils. Avec le th\u00e8me WordPress d&rsquo;assurance instive, l&rsquo;am\u00e9lioration de votre pr\u00e9sence num\u00e9rique est presque assur\u00e9e.<\/p>\n","protected":false},"featured_media":144237,"comment_status":"open","ping_status":"open","template":"","meta":[],"product_brand":[2433],"product_cat":[1516,1212,1213],"product_tag":[1366],"class_list":{"0":"post-113378","1":"product","2":"type-product","3":"status-publish","4":"has-post-thumbnail","6":"product_brand-themeforest","7":"product_cat-entreprise","8":"product_cat-themes","9":"product_cat-wordpress-themes","10":"product_tag-themeforest","11":"member-discount","12":"discount-restricted","14":"first","15":"instock","16":"sale","17":"downloadable","18":"virtual","19":"sold-individually","20":"purchasable","21":"product-type-simple"},"_links":{"self":[{"href":"https:\/\/gpl-love.com\/fr\/wp-json\/wp\/v2\/product\/113378","targetHints":{"allow":["GET"]}}],"collection":[{"href":"https:\/\/gpl-love.com\/fr\/wp-json\/wp\/v2\/product"}],"about":[{"href":"https:\/\/gpl-love.com\/fr\/wp-json\/wp\/v2\/types\/product"}],"replies":[{"embeddable":true,"href":"https:\/\/gpl-love.com\/fr\/wp-json\/wp\/v2\/comments?post=113378"}],"wp:featuredmedia":[{"embeddable":true,"href":"https:\/\/gpl-love.com\/fr\/wp-json\/wp\/v2\/media\/144237"}],"wp:attachment":[{"href":"https:\/\/gpl-love.com\/fr\/wp-json\/wp\/v2\/media?parent=113378"}],"wp:term":[{"taxonomy":"product_brand","embeddable":true,"href":"https:\/\/gpl-love.com\/fr\/wp-json\/wp\/v2\/product_brand?post=113378"},{"taxonomy":"product_cat","embeddable":true,"href":"https:\/\/gpl-love.com\/fr\/wp-json\/wp\/v2\/product_cat?post=113378"},{"taxonomy":"product_tag","embeddable":true,"href":"https:\/\/gpl-love.com\/fr\/wp-json\/wp\/v2\/product_tag?post=113378"}],"curies":[{"name":"wp","href":"https:\/\/api.w.org\/{rel}","templated":true}]}}