{"id":113364,"date":"2021-03-29T00:00:00","date_gmt":"2021-03-28T22:00:00","guid":{"rendered":"http:\/\/gpl-love.com\/fr\/produit\/google-maps-wordpress-map-plugin\/"},"modified":"2026-03-20T23:17:19","modified_gmt":"2026-03-20T22:17:19","slug":"google-maps-wordpress-map-plugin","status":"publish","type":"product","link":"https:\/\/gpl-love.com\/fr\/produit\/google-maps-wordpress-map-plugin\/","title":{"rendered":"Google Maps WordPress Map Plugin 2.4.2"},"content":{"rendered":"<h3>Google Maps WordPress Map Plugin Traits<\/h3>\n<p>Le plugin Google Maps WordPress Map, un outil tr\u00e8s efficace, permet aux propri\u00e9taires de sites Web de l&rsquo;int\u00e9gration transparente de Google Maps dans leurs sites WordPress. Gr\u00e2ce \u00e0 l&rsquo;utilisation de ce plugin, les utilisateurs acqui\u00e8rent la possibilit\u00e9 de cr\u00e9er sans effort des cartes personnalis\u00e9es, d&rsquo;incorporer des marqueurs et des \u00e9tiquettes et pr\u00e9senter des cartes sur n&rsquo;importe quelle page ou message souhait\u00e9. De plus, ce plugin poss\u00e8de une interface conviviale qui \u00e9limine le besoin d&rsquo;expertise de codage ou de programmation. De plus, il facilite la personnalisation des styles de carte et fournit une pl\u00e9thore d&rsquo;options d&rsquo;affichage. Ainsi, l&rsquo;indispensabilit\u00e9 du plugin de carte WordPress Google Maps devient \u00e9vidente pour chaque propri\u00e9taire de site Web qui aspire \u00e0 infuser l&rsquo;interactivit\u00e9 dans son site et \u00e0 fournir des informations pr\u00e9cieuses bas\u00e9es sur la localisation \u00e0 leurs visiteurs estim\u00e9s.<\/p>\n<ul>\n<li>Int\u00e8gre Google Maps dans n&rsquo;importe quel site Web WordPress<\/li>\n<li>Marqueurs personnalisables, niveaux de zoom et styles de carte<\/li>\n<li>Prend en charge plusieurs cartes sur une page<\/li>\n<li>Shortcode facile \u00e0 utiliser pour afficher des cartes n&rsquo;importe o\u00f9 sur votre site<\/li>\n<li>Conception r\u00e9active pour les mobiles et les tablettes<\/li>\n<li>Comprend la cl\u00e9 de l&rsquo;API Google Maps pour l&rsquo;int\u00e9gration transparente<\/li>\n<li>Option pour d\u00e9finir l&#8217;emplacement par d\u00e9faut et le niveau de zoom<\/li>\n<li>Capacit\u00e9 \u00e0 ajouter HTML et CSS personnalis\u00e9s pour une personnalisation avanc\u00e9e<\/li>\n<li>Compatible avec la derni\u00e8re version de WordPress<\/li>\n<li>Mises \u00e0 jour r\u00e9guli\u00e8res du plugin et support client d\u00e9di\u00e9.<\/li>\n<\/ul>\n","protected":false},"excerpt":{"rendered":"<p>Le plugin Google Maps WordPress Map fournit une solution tr\u00e8s conviviale et int\u00e9gr\u00e9e sans effort pour incorporer des cartes dynamiques dans votre site Web WordPress. Ce plugin robuste vous permet de pr\u00e9senter des marqueurs personnalis\u00e9s, d&rsquo;offrir des conseils de navigation et m\u00eame d&rsquo;effectuer des recherches automatis\u00e9es de g\u00e9o-localisation, tous destin\u00e9s \u00e0 aider rapidement et en douceur les visiteurs du site Web \u00e0 obtenir les informations souhait\u00e9es. Ind\u00e9pendamment de savoir si vous exploitez une entreprise modeste, fonctionnez en tant que marketing ou que vous vous engagiez dans des activit\u00e9s de blog, le plugin Google Maps WordPress est un instrument imp\u00e9ratif facilitant la cr\u00e9ation de cartes captivantes et interactives, augmentant ainsi l&rsquo;exp\u00e9rience globale de vos utilisateurs.<\/p>\n","protected":false},"featured_media":144037,"comment_status":"open","ping_status":"open","template":"","meta":[],"product_brand":[2435],"product_cat":[1189,1181,1186],"product_tag":[1231],"class_list":{"0":"post-113364","1":"product","2":"type-product","3":"status-publish","4":"has-post-thumbnail","6":"product_brand-codecanyon","7":"product_cat-personnalisation","8":"product_cat-plugins","9":"product_cat-wordpress-plugins","10":"product_tag-codecanyon","11":"member-discount","12":"discount-restricted","14":"first","15":"instock","16":"sale","17":"downloadable","18":"virtual","19":"sold-individually","20":"purchasable","21":"product-type-simple"},"_links":{"self":[{"href":"https:\/\/gpl-love.com\/fr\/wp-json\/wp\/v2\/product\/113364","targetHints":{"allow":["GET"]}}],"collection":[{"href":"https:\/\/gpl-love.com\/fr\/wp-json\/wp\/v2\/product"}],"about":[{"href":"https:\/\/gpl-love.com\/fr\/wp-json\/wp\/v2\/types\/product"}],"replies":[{"embeddable":true,"href":"https:\/\/gpl-love.com\/fr\/wp-json\/wp\/v2\/comments?post=113364"}],"wp:featuredmedia":[{"embeddable":true,"href":"https:\/\/gpl-love.com\/fr\/wp-json\/wp\/v2\/media\/144037"}],"wp:attachment":[{"href":"https:\/\/gpl-love.com\/fr\/wp-json\/wp\/v2\/media?parent=113364"}],"wp:term":[{"taxonomy":"product_brand","embeddable":true,"href":"https:\/\/gpl-love.com\/fr\/wp-json\/wp\/v2\/product_brand?post=113364"},{"taxonomy":"product_cat","embeddable":true,"href":"https:\/\/gpl-love.com\/fr\/wp-json\/wp\/v2\/product_cat?post=113364"},{"taxonomy":"product_tag","embeddable":true,"href":"https:\/\/gpl-love.com\/fr\/wp-json\/wp\/v2\/product_tag?post=113364"}],"curies":[{"name":"wp","href":"https:\/\/api.w.org\/{rel}","templated":true}]}}