{"id":113362,"date":"2023-10-03T00:00:00","date_gmt":"2023-10-02T22:00:00","guid":{"rendered":"http:\/\/gpl-love.com\/fr\/produit\/woocommerce-abandoned-cart-recovery\/"},"modified":"2026-04-10T18:45:55","modified_gmt":"2026-04-10T16:45:55","slug":"woocommerce-abandoned-cart-recovery","status":"publish","type":"product","link":"https:\/\/gpl-love.com\/fr\/produit\/woocommerce-abandoned-cart-recovery\/","title":{"rendered":"WooCommerce Abandoned Cart Recovery 1.1.0"},"content":{"rendered":"<h3>WooCommerce Abandoned Cart Recovery Traits<\/h3>\n<p>La r\u00e9cup\u00e9ration de chariots abandonn\u00e9e WooCommerce est un outil tr\u00e8s efficace et indispensable qui a \u00e9t\u00e9 sp\u00e9cifiquement d\u00e9velopp\u00e9 pour aider les d\u00e9taillants en ligne dans le processus de r\u00e9cup\u00e9ration des ventes perdues r\u00e9sultant de clients qui ont abandonn\u00e9 leurs paniers. Cet outil incroyable comprend une gamme diversifi\u00e9e de fonctionnalit\u00e9s de pointe qui sont sp\u00e9cifiquement con\u00e7ues pour aider les d\u00e9taillants \u00e0 l&rsquo;identification et au ciblage ult\u00e9rieur des clients qui ont \u00e9l\u00e9gamment abandonn\u00e9 leurs chariots, ce qui entra\u00eene un coup de pouce significatif des revenus globaux. Ces fonctionnalit\u00e9s incluent la mise en \u0153uvre de campagnes de messagerie automatis\u00e9 m\u00e9ticuleusement con\u00e7ues, la disponibilit\u00e9 de mod\u00e8les personnalisables, ainsi que la fourniture d&rsquo;outils de suivi et de rapport avanc\u00e9s. La facilit\u00e9 d&rsquo;utilisation associ\u00e9e \u00e0 cet outil est sans pr\u00e9c\u00e9dent, permettant ainsi aux entreprises en ligne de r\u00e9cup\u00e9rer sans effort des clients perdus et, finalement, d&rsquo;am\u00e9liorer leurs taux de conversion. En exploitant les capacit\u00e9s extraordinaires de la r\u00e9cup\u00e9ration de chariots abandonn\u00e9e WooCommerce, les d\u00e9taillants peuvent tirer parti efficacement la puissance de l&rsquo;automatisation du marketing, r\u00e9cup\u00e9rant ainsi les ventes perdues et transformant par la suite leur boutique en ligne en une entreprise plus lucrative et prosp\u00e8re.<\/p>\n<ul>\n<li>R\u00e9cup\u00e9rer les ventes perdues des chariots abandonn\u00e9s sur votre magasin WooCommerce<\/li>\n<li>Envoie des e-mails de suivi automatis\u00e9s aux clients qui abandonnent leurs chariots<\/li>\n<li>Mod\u00e8les de messagerie personnalisables pour s&rsquo;adapter \u00e0 votre marque et \u00e0 la messagerie<\/li>\n<li>Rapports et analyses d\u00e9taill\u00e9es pour suivre les chariots abandonn\u00e9s et les taux de r\u00e9cup\u00e9ration<\/li>\n<li>Interface conviviale pour une configuration et une gestion faciles<\/li>\n<li>Int\u00e9gre parfaitement avec WooCommerce<\/li>\n<li>Option pour offrir des rabais ou des incitations pour encourager les clients \u00e0 terminer leur achat<\/li>\n<li>Augmente les revenus et la r\u00e9tention de la client\u00e8le pour votre entreprise de commerce \u00e9lectronique<\/li>\n<li>Gave le temps et les efforts en automatisant le processus de r\u00e9cup\u00e9ration.<\/li>\n<\/ul>\n","protected":false},"excerpt":{"rendered":"<p>La r\u00e9cup\u00e9ration de chariot abandonn\u00e9e WooCommerce appara\u00eet comme un outil extr\u00eamement influent, capable de r\u00e9cup\u00e9rer les ventes perdues et d&rsquo;augmenter les revenus dans votre boutique en ligne. Ce plugin remarquable fonctionne en surveillant m\u00e9ticuleusement les chariots abandonn\u00e9s et en d\u00e9p\u00eachant par la suite des e-mails automatis\u00e9s m\u00e9ticuleusement con\u00e7us qui sont sur mesure pour chaque client potentiel. Ces e-mails servent le double but de rappeler aux acheteurs leurs articles oubli\u00e9s depuis longtemps et de les obliger \u00e0 finaliser leur transaction. Par cons\u00e9quent, les ventes qui sont repli\u00e9es par ce m\u00e9canisme ing\u00e9nieux fortifieront sans aucun doute vos chiffres de vente et amplifieront les niveaux de satisfaction des clients. Par cons\u00e9quent, il est \u00e9tabli sans \u00e9quivoque que cet outil indispensable est un actif indispensable pour tout marchand de WooCommerce diligent qui aspire de tout c\u0153ur \u00e0 extraire une valeur optimale de toutes les opportunit\u00e9s de vente imaginables.<\/p>\n","protected":false},"featured_media":145788,"comment_status":"open","ping_status":"open","template":"","meta":[],"product_brand":[2435],"product_cat":[1182,1200,1181],"product_tag":[1231],"class_list":{"0":"post-113362","1":"product","2":"type-product","3":"status-publish","4":"has-post-thumbnail","6":"product_brand-codecanyon","7":"product_cat-commerce-electronique-plugins","8":"product_cat-commercialisation","9":"product_cat-plugins","10":"product_tag-codecanyon","11":"member-discount","12":"discount-restricted","14":"first","15":"instock","16":"sale","17":"downloadable","18":"virtual","19":"sold-individually","20":"purchasable","21":"product-type-simple"},"_links":{"self":[{"href":"https:\/\/gpl-love.com\/fr\/wp-json\/wp\/v2\/product\/113362","targetHints":{"allow":["GET"]}}],"collection":[{"href":"https:\/\/gpl-love.com\/fr\/wp-json\/wp\/v2\/product"}],"about":[{"href":"https:\/\/gpl-love.com\/fr\/wp-json\/wp\/v2\/types\/product"}],"replies":[{"embeddable":true,"href":"https:\/\/gpl-love.com\/fr\/wp-json\/wp\/v2\/comments?post=113362"}],"wp:featuredmedia":[{"embeddable":true,"href":"https:\/\/gpl-love.com\/fr\/wp-json\/wp\/v2\/media\/145788"}],"wp:attachment":[{"href":"https:\/\/gpl-love.com\/fr\/wp-json\/wp\/v2\/media?parent=113362"}],"wp:term":[{"taxonomy":"product_brand","embeddable":true,"href":"https:\/\/gpl-love.com\/fr\/wp-json\/wp\/v2\/product_brand?post=113362"},{"taxonomy":"product_cat","embeddable":true,"href":"https:\/\/gpl-love.com\/fr\/wp-json\/wp\/v2\/product_cat?post=113362"},{"taxonomy":"product_tag","embeddable":true,"href":"https:\/\/gpl-love.com\/fr\/wp-json\/wp\/v2\/product_tag?post=113362"}],"curies":[{"name":"wp","href":"https:\/\/api.w.org\/{rel}","templated":true}]}}