{"id":113360,"date":"2024-12-02T00:00:00","date_gmt":"2024-12-01T23:00:00","guid":{"rendered":"http:\/\/gpl-love.com\/fr\/produit\/ask-me-responsive-questions-and-answers-wordpress\/"},"modified":"2026-03-20T22:55:07","modified_gmt":"2026-03-20T21:55:07","slug":"ask-me-responsive-questions-and-answers-wordpress","status":"publish","type":"product","link":"https:\/\/gpl-love.com\/fr\/produit\/ask-me-responsive-questions-and-answers-wordpress\/","title":{"rendered":"Ask Me Responsive Questions et Answers WordPress 7.0.1"},"content":{"rendered":"<h3>Ask Me Responsive Questions et Answers WordPress Traits<\/h3>\n<p>Le plugin WordPress de questions et r\u00e9ponses Ask Me sert d&rsquo;outil tr\u00e8s efficace et efficace pour les propri\u00e9taires de sites Web, facilitant la cr\u00e9ation d&rsquo;une plate-forme interactive par laquelle les utilisateurs peuvent s&rsquo;engager dans le processus de poser et de r\u00e9pondre aux questions. Avec ses fonctionnalit\u00e9s exceptionnellement avanc\u00e9es, ce plugin WordPress a \u00e9t\u00e9 habilement d\u00e9velopp\u00e9 pour poss\u00e9der les caract\u00e9ristiques d&rsquo;\u00eatre r\u00e9actif, convivial et largement personnalisable. Au moyen de ces attributs, le plugin permet aux utilisateurs de publier sans effort les requ\u00eates et de recevoir par la suite des r\u00e9ponses compl\u00e8tes de la communaut\u00e9 en ligne, toutes de mani\u00e8re exceptionnellement rationalis\u00e9e. Il est important de noter que le plugin WordPress de questions et r\u00e9ponses de demande est m\u00e9ticuleusement compatible avec la version la plus \u00e0 jour de WordPress, garantissant ainsi une exp\u00e9rience synchronis\u00e9e de mani\u00e8re transparente pour les propri\u00e9taires de sites Web et les utilisateurs. Que vous soyez exploit\u00e9 un blog ou un site Web motiv\u00e9 par une communaut\u00e9, ce plugin sert d&rsquo;ajout vraiment exceptionnel, remarquablement capable d&rsquo;am\u00e9liorer l&rsquo;engagement des utilisateurs et de renforcer consid\u00e9rablement le trafic global recueilli par votre site estim\u00e9.<\/p>\n<ul>\n<li>Plugin de haute qualit\u00e9 con\u00e7u pour les sites Web WordPress<\/li>\n<li>Permet aux visiteurs du site Web de poser et de recevoir facilement des questions et des r\u00e9ponses r\u00e9actives<\/li>\n<li>Peut \u00eatre personnalis\u00e9 pour correspondre \u00e0 la marque et \u00e0 la palette de couleurs du site Web<\/li>\n<li>Interface facile \u00e0 utiliser, \u00e0 la fois pour les visiteurs du site Web et les administrateurs de sites Web<\/li>\n<li>Fournit une analyse utile et le suivi des questions et r\u00e9ponses pour optimiser le contenu du site Web<\/li>\n<li>La conception r\u00e9active garantit la compatibilit\u00e9 avec divers appareils et tailles d&rsquo;\u00e9cran<\/li>\n<li>Offre des fonctionnalit\u00e9s avanc\u00e9es, telles que les notifications par e-mail personnalisables et l&rsquo;int\u00e9gration de RecaptCha pour une s\u00e9curit\u00e9 suppl\u00e9mentaire<\/li>\n<li>S&rsquo;int\u00e8gre facilement aux th\u00e8mes et constructeurs de pages populaires<\/li>\n<li>Fournit un excellent support client avec des r\u00e9ponses opportunes et des ressources utiles<\/li>\n<\/ul>\n","protected":false},"excerpt":{"rendered":"<p>Demandez-moi est un th\u00e8me WordPress r\u00e9actif et convivial pour cr\u00e9er un site Web Interactive Question and Answers. Ce th\u00e8me dynamique propose une plate-forme o\u00f9 les utilisateurs peuvent poser des questions, obtenir des r\u00e9ponses et s&rsquo;engager dans des discussions. Avec son interface facile \u00e0 utiliser et sa conception adaptative, il offre une exp\u00e9rience transparente sur n&rsquo;importe quel appareil. Les utilisateurs peuvent voter pour les meilleures r\u00e9ponses, am\u00e9liorant l&rsquo;aspect communautaire. Avec Ask Me, vous pouvez construire une plate-forme de questions-r\u00e9ponses robuste, engageante et informative. Sa conception r\u00e9active garantit que votre site a fi\u00e8re allure sur tous les appareils, ce qui en fait un choix intelligent pour les utilisateurs mobiles actuels. Le th\u00e8me propose \u00e9galement des fonctionnalit\u00e9s personnalisables, vous permettant de cr\u00e9er un site Web qui s&rsquo;aligne sur l&rsquo;esth\u00e9tique de votre marque. Donc, que vous soyez une startup, une entreprise \u00e9tablie ou un individu, demandez-moi le th\u00e8me WordPress parfait pour construire une communaut\u00e9 en ligne florissante.<\/p>\n","protected":false},"featured_media":143162,"comment_status":"open","ping_status":"open","template":"","meta":[],"product_brand":[2433],"product_cat":[1242,1212,1213],"product_tag":[1366],"class_list":{"0":"post-113360","1":"product","2":"type-product","3":"status-publish","4":"has-post-thumbnail","6":"product_brand-themeforest","7":"product_cat-creatif","8":"product_cat-themes","9":"product_cat-wordpress-themes","10":"product_tag-themeforest","11":"member-discount","12":"discount-restricted","14":"first","15":"instock","16":"sale","17":"downloadable","18":"virtual","19":"sold-individually","20":"purchasable","21":"product-type-simple"},"_links":{"self":[{"href":"https:\/\/gpl-love.com\/fr\/wp-json\/wp\/v2\/product\/113360","targetHints":{"allow":["GET"]}}],"collection":[{"href":"https:\/\/gpl-love.com\/fr\/wp-json\/wp\/v2\/product"}],"about":[{"href":"https:\/\/gpl-love.com\/fr\/wp-json\/wp\/v2\/types\/product"}],"replies":[{"embeddable":true,"href":"https:\/\/gpl-love.com\/fr\/wp-json\/wp\/v2\/comments?post=113360"}],"wp:featuredmedia":[{"embeddable":true,"href":"https:\/\/gpl-love.com\/fr\/wp-json\/wp\/v2\/media\/143162"}],"wp:attachment":[{"href":"https:\/\/gpl-love.com\/fr\/wp-json\/wp\/v2\/media?parent=113360"}],"wp:term":[{"taxonomy":"product_brand","embeddable":true,"href":"https:\/\/gpl-love.com\/fr\/wp-json\/wp\/v2\/product_brand?post=113360"},{"taxonomy":"product_cat","embeddable":true,"href":"https:\/\/gpl-love.com\/fr\/wp-json\/wp\/v2\/product_cat?post=113360"},{"taxonomy":"product_tag","embeddable":true,"href":"https:\/\/gpl-love.com\/fr\/wp-json\/wp\/v2\/product_tag?post=113360"}],"curies":[{"name":"wp","href":"https:\/\/api.w.org\/{rel}","templated":true}]}}