{"id":113358,"date":"2024-06-26T00:00:00","date_gmt":"2024-06-25T22:00:00","guid":{"rendered":"http:\/\/gpl-love.com\/fr\/produit\/facebook-reviews-wordpress-facebook-reviews-plugin\/"},"modified":"2026-03-20T23:05:20","modified_gmt":"2026-03-20T22:05:20","slug":"facebook-reviews-wordpress-facebook-reviews-plugin","status":"publish","type":"product","link":"https:\/\/gpl-love.com\/fr\/produit\/facebook-reviews-wordpress-facebook-reviews-plugin\/","title":{"rendered":"Facebook Reviews WordPress Facebook Reviews Plugin 1.2.5"},"content":{"rendered":"<h3>Facebook Reviews WordPress Facebook Reviews Plugin Traits<\/h3>\n<p>Le plugin de critiques Facebook WordPress Facebook, une solution incroyablement innovante et r\u00e9volutionnaire, offre aux propri\u00e9taires de sites Web l&rsquo;occasion exceptionnelle d&rsquo;int\u00e9grer de mani\u00e8re transparente les critiques Facebook sur leur site Web. Ce plugin in\u00e9gal\u00e9 est m\u00e9ticuleusement con\u00e7u pour autonomiser les entreprises en amplifiant leur r\u00e9putation en ligne, en pr\u00e9sentant efficacement et en \u00e9vidence leurs critiques les plus positives directement sur leur site Web. L&rsquo;ensemble de fonctionnalit\u00e9s remarquable de ce plugin permet une personnalisation sans effort de l&rsquo;affichage de la r\u00e9vision, ce qui en fait un atout vraiment indispensable pour tout site Web s&rsquo;effor\u00e7ant de pr\u00e9senter leurs inestimables commentaires des clients de mani\u00e8re tr\u00e8s sophistiqu\u00e9e et percutante. De plus, l&rsquo;interface conviviale de ce plugin garantit que ses processus d&rsquo;installation et de configuration sont ex\u00e9cut\u00e9s sans effort, sans aucune exigence de prouesse de codage ou d&rsquo;expertise technique. Dans son int\u00e9gralit\u00e9, le plugin de critiques WordPress de revues Facebook appara\u00eet comme un outil absolument indispensable et inestimable pour les entreprises qui sont ardemment d\u00e9termin\u00e9es \u00e0 optimiser leur pr\u00e9sence en ligne et \u00e0 \u00e9lever leur exp\u00e9rience client globale.<\/p>\n<ul>\n<li>Int\u00e9grez de mani\u00e8re transparente les critiques Facebook dans votre site Web WordPress<\/li>\n<li>Affichez vos avis sur la page Facebook sur n&rsquo;importe quelle page ou publication<\/li>\n<li>Conception personnalisable pour correspondre au style et \u00e0 la marque de votre site Web<\/li>\n<li>Filtre les avis par mot-cl\u00e9 ou note pour afficher uniquement les meilleures critiques<\/li>\n<li>Option pour afficher les avis \u00e0 partir de plusieurs pages Facebook ou s\u00e9lectionner des pages sp\u00e9cifiques<\/li>\n<li>Mettre \u00e0 jour automatiquement les avis en temps r\u00e9el pour garantir des informations \u00e0 jour<\/li>\n<li>Preuve sociale pour les clients potentiels avec des avis positifs affich\u00e9s en \u00e9vidence sur votre site Web<\/li>\n<\/ul>\n","protected":false},"excerpt":{"rendered":"<p>Nous sommes ravis de vous pr\u00e9senter le plugin WordPress de critiques sur Facebook, une solution globale con\u00e7ue pour pr\u00e9senter de mani\u00e8re transparente des critiques et des notes v\u00e9ritables provenant de votre page Facebook sur votre site Web en temps r\u00e9el. Gr\u00e2ce \u00e0 ses options de personnalisation conviviales, ce plugin vous permet d&rsquo;accentuer vos avis, amplifiant ainsi votre cr\u00e9dibilit\u00e9 parmi les clients potentiels. Le processus d&rsquo;installation et de configuration de ce plugin est ind\u00e9niablement sans effort, ce qui vous permet de montrer rapidement les avis de votre page Facebook sans aucun retard! \u00c9levez votre existence num\u00e9rique aujourd&rsquo;hui en exploitant les capacit\u00e9s exceptionnelles de notre plugin robuste.<\/p>\n","protected":false},"featured_media":143833,"comment_status":"open","ping_status":"open","template":"","meta":[],"product_brand":[2435],"product_cat":[1207,1181,1186],"product_tag":[1231],"class_list":{"0":"post-113358","1":"product","2":"type-product","3":"status-publish","4":"has-post-thumbnail","6":"product_brand-codecanyon","7":"product_cat-commercialisation-wordpress-plugins","8":"product_cat-plugins","9":"product_cat-wordpress-plugins","10":"product_tag-codecanyon","11":"member-discount","12":"discount-restricted","14":"first","15":"instock","16":"sale","17":"downloadable","18":"virtual","19":"sold-individually","20":"purchasable","21":"product-type-simple"},"_links":{"self":[{"href":"https:\/\/gpl-love.com\/fr\/wp-json\/wp\/v2\/product\/113358","targetHints":{"allow":["GET"]}}],"collection":[{"href":"https:\/\/gpl-love.com\/fr\/wp-json\/wp\/v2\/product"}],"about":[{"href":"https:\/\/gpl-love.com\/fr\/wp-json\/wp\/v2\/types\/product"}],"replies":[{"embeddable":true,"href":"https:\/\/gpl-love.com\/fr\/wp-json\/wp\/v2\/comments?post=113358"}],"wp:featuredmedia":[{"embeddable":true,"href":"https:\/\/gpl-love.com\/fr\/wp-json\/wp\/v2\/media\/143833"}],"wp:attachment":[{"href":"https:\/\/gpl-love.com\/fr\/wp-json\/wp\/v2\/media?parent=113358"}],"wp:term":[{"taxonomy":"product_brand","embeddable":true,"href":"https:\/\/gpl-love.com\/fr\/wp-json\/wp\/v2\/product_brand?post=113358"},{"taxonomy":"product_cat","embeddable":true,"href":"https:\/\/gpl-love.com\/fr\/wp-json\/wp\/v2\/product_cat?post=113358"},{"taxonomy":"product_tag","embeddable":true,"href":"https:\/\/gpl-love.com\/fr\/wp-json\/wp\/v2\/product_tag?post=113358"}],"curies":[{"name":"wp","href":"https:\/\/api.w.org\/{rel}","templated":true}]}}