{"id":113356,"date":"2023-01-19T00:00:00","date_gmt":"2023-01-18T23:00:00","guid":{"rendered":"http:\/\/gpl-love.com\/fr\/produit\/media-boxes-portfolio-wordpress-grid-gallery-plugin\/"},"modified":"2026-03-20T23:24:04","modified_gmt":"2026-03-20T22:24:04","slug":"media-boxes-portfolio-wordpress-grid-gallery-plugin","status":"publish","type":"product","link":"https:\/\/gpl-love.com\/fr\/produit\/media-boxes-portfolio-wordpress-grid-gallery-plugin\/","title":{"rendered":"Media Boxes Portfolio WordPress Grid Gallery Plugin 1.5.5"},"content":{"rendered":"<h3>Media Boxes Portfolio WordPress Grid Gallery Plugin Traits<\/h3>\n<p>Le plugin de galerie de grille WordPress de portefeuille de bo\u00eetes multim\u00e9dias est un outil exceptionnellement robuste et efficace qui permet aux utilisateurs de cr\u00e9er sans effort des galeries et des portefeuilles impressionnants visuellement et impressionnants pour leurs sites Web. Ce plugin poss\u00e8de une interface intuitivement con\u00e7ue qui facilite la navigation transparente et offre une vaste gamme d&rsquo;options de personnalisation, r\u00e9pondant aux divers besoins et pr\u00e9f\u00e9rences des utilisateurs. De plus, sa conception enti\u00e8rement r\u00e9active garantit que les galeries cr\u00e9\u00e9es via ce plugin seront visuellement attrayantes et adaptables parfaitement \u00e0 divers appareils, garantissant une exp\u00e9rience utilisateur optimale \u00e0 tous les niveaux. De plus, le plugin pr\u00e9sente aux utilisateurs une s\u00e9lection polyvalente de dispositions de galeries, y compris la ma\u00e7onnerie tr\u00e8s populaire, les lignes d&rsquo;ajustement et les options justifi\u00e9es, leur accordant la libert\u00e9 de g\u00e9rer leur contenu m\u00e9diatique avec une pr\u00e9cision frappante. En tirant parti des capacit\u00e9s exceptionnelles du portefeuille de galerie de galerie WordPress Galle WordPress, les utilisateurs peuvent \u00e9laborer sans effort de superbes galeries qui captivent leur public et \u00e9l\u00e8vent leur site Web au-dessus de la comp\u00e9tition, se distinguant efficacement du vaste paysage num\u00e9rique.<\/p>\n<ul>\n<li>Int\u00e9gration facile avec WordPress<\/li>\n<li>Affichage de la galerie de grille r\u00e9active et personnalisable<\/li>\n<li>Capacit\u00e9 \u00e0 ajouter des bo\u00eetes multim\u00e9dias avec diff\u00e9rents types de contenu (vid\u00e9o, audio, images, etc.)<\/li>\n<li>Options de filtre et de tri pour les bo\u00eetes multim\u00e9dias<\/li>\n<li>Multipliers disponibles pour l&rsquo;affichage de portfolio<\/li>\n<li>Effets de voltige personnalisables pour les bo\u00eetes multim\u00e9dias<\/li>\n<li>Option pour ajouter des l\u00e9gendes et des descriptions aux bo\u00eetes multim\u00e9dias<\/li>\n<li>Affichage convivial pour le r\u00e9f\u00e9rencement pour une visibilit\u00e9 optimale du moteur de recherche<\/li>\n<li>Compatible avec les navigateurs Web et les appareils mobiles populaires<\/li>\n<li>Mises \u00e0 jour r\u00e9guli\u00e8res et soutien des d\u00e9veloppeurs.<\/li>\n<\/ul>\n","protected":false},"excerpt":{"rendered":"<p>Portfolio du portefeuille de galerie WordPress Galle est un outil incroyablement robuste et polyvalent qui vous permet de cr\u00e9er sans effort des portefeuilles et des galeries captivantes visuellement pour votre site Web. Gr\u00e2ce \u00e0 son interface conviviale et \u00e0 sa vaste gamme de fonctionnalit\u00e9s, vous avez la possibilit\u00e9 de pr\u00e9senter \u00e9l\u00e9gamment votre contenu m\u00e9diatique d&rsquo;une mani\u00e8re qui est \u00e0 la fois visuellement frappante et artistiquement impressionnante. Ce plugin exceptionnel propose une myriade de dispositions de grille \u00e0 s\u00e9lectionner, englobant des arrangements de ma\u00e7onnerie, de m\u00e9tro et de justification. De plus, vous poss\u00e9dez la flexibilit\u00e9 pour adapter m\u00e9ticuleusement l&rsquo;apparence de votre galerie pour r\u00e9pondre \u00e0 vos pr\u00e9f\u00e9rences sp\u00e9cifiques, vous permettant d&rsquo;ajuster de mani\u00e8re complexe l&rsquo;espacement, ainsi que de d\u00e9terminer le nombre de colonnes qui compl\u00e8tent le mieux vos supports pr\u00e9sent\u00e9s. De plus, ce plugin remarquable est enti\u00e8rement r\u00e9actif, garantissant que votre travail m\u00e9ticuleusement organis\u00e9 peut \u00eatre consid\u00e9rablement visualis\u00e9 et appr\u00e9ci\u00e9 sur un \u00e9ventail d&rsquo;appareils mobiles. Que vous soyez un photographe qualifi\u00e9, un artiste talentueux ou une agence de m\u00e9dias dynamique, le plugin de galerie de grille WordPress de portefeuille de m\u00e9dias est la solution ultime pour exposer et mettre en \u00e9vidence efficacement les fruits de vos efforts cr\u00e9atifs.<\/p>\n","protected":false},"featured_media":144478,"comment_status":"open","ping_status":"open","template":"","meta":[],"product_brand":[2435],"product_cat":[1189,1181,1186],"product_tag":[1231],"class_list":{"0":"post-113356","1":"product","2":"type-product","3":"status-publish","4":"has-post-thumbnail","6":"product_brand-codecanyon","7":"product_cat-personnalisation","8":"product_cat-plugins","9":"product_cat-wordpress-plugins","10":"product_tag-codecanyon","11":"member-discount","12":"discount-restricted","14":"first","15":"instock","16":"sale","17":"downloadable","18":"virtual","19":"sold-individually","20":"purchasable","21":"product-type-simple"},"_links":{"self":[{"href":"https:\/\/gpl-love.com\/fr\/wp-json\/wp\/v2\/product\/113356","targetHints":{"allow":["GET"]}}],"collection":[{"href":"https:\/\/gpl-love.com\/fr\/wp-json\/wp\/v2\/product"}],"about":[{"href":"https:\/\/gpl-love.com\/fr\/wp-json\/wp\/v2\/types\/product"}],"replies":[{"embeddable":true,"href":"https:\/\/gpl-love.com\/fr\/wp-json\/wp\/v2\/comments?post=113356"}],"wp:featuredmedia":[{"embeddable":true,"href":"https:\/\/gpl-love.com\/fr\/wp-json\/wp\/v2\/media\/144478"}],"wp:attachment":[{"href":"https:\/\/gpl-love.com\/fr\/wp-json\/wp\/v2\/media?parent=113356"}],"wp:term":[{"taxonomy":"product_brand","embeddable":true,"href":"https:\/\/gpl-love.com\/fr\/wp-json\/wp\/v2\/product_brand?post=113356"},{"taxonomy":"product_cat","embeddable":true,"href":"https:\/\/gpl-love.com\/fr\/wp-json\/wp\/v2\/product_cat?post=113356"},{"taxonomy":"product_tag","embeddable":true,"href":"https:\/\/gpl-love.com\/fr\/wp-json\/wp\/v2\/product_tag?post=113356"}],"curies":[{"name":"wp","href":"https:\/\/api.w.org\/{rel}","templated":true}]}}