{"id":113354,"date":"2025-12-04T00:00:00","date_gmt":"2025-12-03T23:00:00","guid":{"rendered":"http:\/\/gpl-love.com\/fr\/produit\/product-video-for-woocommerce\/"},"modified":"2026-04-10T18:37:05","modified_gmt":"2026-04-10T16:37:05","slug":"product-video-for-woocommerce","status":"publish","type":"product","link":"https:\/\/gpl-love.com\/fr\/produit\/product-video-for-woocommerce\/","title":{"rendered":"Product Video pour WooCommerce 1.7.1"},"content":{"rendered":"<h3>Product Video pour WooCommerce Traits<\/h3>\n<p>La vid\u00e9o du produit du plugin WooCommerce est un outil incroyablement puissant qui permet aux commer\u00e7ants en ligne d&rsquo;incorporer de mani\u00e8re transparente du contenu vid\u00e9o captivant dans leurs pages de produits. Ce plugin remarquable vous permet de t\u00e9l\u00e9charger, int\u00e9grer et exposer sans effort vos vid\u00e9os de produits, accordant ainsi \u00e0 vos clients une exp\u00e9rience d&rsquo;achat vraiment visuelle et immersive. Notamment, ce plugin poss\u00e8de une interface utilisateur intuitive, garantissant une facilit\u00e9 d&rsquo;utilisation, tout en offrant une myriade de param\u00e8tres personnalisables. Ces param\u00e8tres vous offrent la possibilit\u00e9 de s\u00e9lectionner la taille, la position et le comportement de vos vid\u00e9os de produit, vous permettant ainsi d&rsquo;adapter la pr\u00e9sentation en fonction de vos pr\u00e9f\u00e9rences pr\u00e9cises. Par cons\u00e9quent, non seulement vous pouvez \u00e9lever l&rsquo;attrait global de vos listes de produits, mais vous pouvez \u00e9galement vous attendre \u00e0 une augmentation notable des taux de conversion et \u00e0 une augmentation substantielle des chiffres de vente. En tirant parti des capacit\u00e9s remarquables de la vid\u00e9o du produit pour WooCommerce, vous pouvez propulser votre boutique en ligne \u00e0 des hauteurs sans pr\u00e9c\u00e9dent, captiver et engager vos pr\u00e9cieux clients, et vous diff\u00e9rencier sans effort de vos concurrents omnipr\u00e9sents.<\/p>\n<ul>\n<li>Plugin abordable et facile \u00e0 utiliser pour afficher des vid\u00e9os de produits sur votre boutique WooCommerce<\/li>\n<li>S&rsquo;int\u00e8gre de mani\u00e8re transparente \u00e0 vos pages de produits et \u00e0 la conception de th\u00e8me existants<\/li>\n<li>Vous permet de t\u00e9l\u00e9charger et d&rsquo;afficher plusieurs vid\u00e9os par produit, y compris des vid\u00e9os h\u00e9berg\u00e9es YouTube et Vimeo<\/li>\n<li>Commandes de lecteur vid\u00e9o personnalisables et options de marque pour correspondre \u00e0 l&rsquo;apparence et \u00e0 la sensation de votre magasin<\/li>\n<li>Optimis\u00e9 pour les vitesses de chargement rapide et la conception r\u00e9active pour les utilisateurs mobiles et de bureau<\/li>\n<li>Prend en charge plusieurs langues et plugins de traduction pour \u00e9tendre la port\u00e9e mondiale de votre magasin<\/li>\n<li>Construit avec un code propre et une optimisation SEO \u00e0 l&rsquo;esprit, aidant vos produits plus \u00e9lev\u00e9s dans les r\u00e9sultats des moteurs de recherche<\/li>\n<li>Support client 24\/7 et mises \u00e0 jour r\u00e9guli\u00e8res pour assurer la compatibilit\u00e9 avec les derni\u00e8res versions WooCommerce et WordPress.<\/li>\n<\/ul>\n","protected":false},"excerpt":{"rendered":"<p>Am\u00e9liorez vos ventes et vos conversions en utilisant la puissance incroyable de la vid\u00e9o de produit pour WooCommerce, un plugin exceptionnel qui vous accorde la capacit\u00e9 remarquable d&rsquo;augmenter sans effort vos pages de produits WooCommerce avec un contenu vid\u00e9o captivant et instructif. This groundbreaking plugin empowers you to seamlessly upload and embed videos from a plethora of platforms, thereby enabling you to showcase your exceptional products in a manner that profoundly resonates with your esteemed customers, thereby providing them with an unparalleled comprehension of the unparalleled features and extraordinary benefits que vos produits poss\u00e8dent. En adoptant le potentiel in\u00e9gal\u00e9 de la contribution: vid\u00e9o de produit pour WooCommerce, vous \u00eates assur\u00e9 d&rsquo;\u00e9lever l&rsquo;exp\u00e9rience d&rsquo;achat globale et de faciliter le processus de prise de d\u00e9cisions d&rsquo;achat \u00e9clair\u00e9es pour vos clients estim\u00e9s.<\/p>\n","protected":false},"featured_media":145026,"comment_status":"open","ping_status":"open","template":"","meta":[],"product_brand":[2440],"product_cat":[1182,1223,1181],"product_tag":[1398],"class_list":{"0":"post-113354","1":"product","2":"type-product","3":"status-publish","4":"has-post-thumbnail","6":"product_brand-woocommerce","7":"product_cat-commerce-electronique-plugins","8":"product_cat-personnalisation-commerce-electronique-plugins","9":"product_cat-plugins","10":"product_tag-woocommerce","11":"member-discount","12":"discount-restricted","14":"first","15":"instock","16":"sale","17":"downloadable","18":"virtual","19":"sold-individually","20":"purchasable","21":"product-type-simple"},"_links":{"self":[{"href":"https:\/\/gpl-love.com\/fr\/wp-json\/wp\/v2\/product\/113354","targetHints":{"allow":["GET"]}}],"collection":[{"href":"https:\/\/gpl-love.com\/fr\/wp-json\/wp\/v2\/product"}],"about":[{"href":"https:\/\/gpl-love.com\/fr\/wp-json\/wp\/v2\/types\/product"}],"replies":[{"embeddable":true,"href":"https:\/\/gpl-love.com\/fr\/wp-json\/wp\/v2\/comments?post=113354"}],"wp:featuredmedia":[{"embeddable":true,"href":"https:\/\/gpl-love.com\/fr\/wp-json\/wp\/v2\/media\/145026"}],"wp:attachment":[{"href":"https:\/\/gpl-love.com\/fr\/wp-json\/wp\/v2\/media?parent=113354"}],"wp:term":[{"taxonomy":"product_brand","embeddable":true,"href":"https:\/\/gpl-love.com\/fr\/wp-json\/wp\/v2\/product_brand?post=113354"},{"taxonomy":"product_cat","embeddable":true,"href":"https:\/\/gpl-love.com\/fr\/wp-json\/wp\/v2\/product_cat?post=113354"},{"taxonomy":"product_tag","embeddable":true,"href":"https:\/\/gpl-love.com\/fr\/wp-json\/wp\/v2\/product_tag?post=113354"}],"curies":[{"name":"wp","href":"https:\/\/api.w.org\/{rel}","templated":true}]}}