{"id":113352,"date":"2026-03-13T00:00:00","date_gmt":"2026-03-12T23:00:00","guid":{"rendered":"http:\/\/gpl-love.com\/fr\/produit\/buddyblog-pro-buddypress-plugins\/"},"modified":"2026-03-20T22:57:35","modified_gmt":"2026-03-20T21:57:35","slug":"buddyblog-pro-buddypress-plugins","status":"publish","type":"product","link":"https:\/\/gpl-love.com\/fr\/produit\/buddyblog-pro-buddypress-plugins\/","title":{"rendered":"BuddyBlog Pro BuddyPress Plugins 1.5.4"},"content":{"rendered":"<h3>BuddyBlog Pro BuddyPress Plugins Traits<\/h3>\n<p>Les plugins BuddyBlog Pro Buddypress englobent un assortiment robuste d&rsquo;outils m\u00e9ticuleusement con\u00e7us pour amplifier la fonctionnalit\u00e9 de votre site Web ax\u00e9 sur BuddyPress. Ces plugins permettent une cr\u00e9ation transparente de blogs d&rsquo;utilisateurs personnalis\u00e9s, l&rsquo;incorporation de param\u00e8tres de confidentialit\u00e9 sophistiqu\u00e9s, la construction de menus sur mesure et une pl\u00e9thore d&rsquo;autres fonctionnalit\u00e9s exceptionnelles. L&rsquo;interface conviviale se pr\u00eate \u00e0 la gestion du site sans effort, tandis que les capacit\u00e9s avanc\u00e9es vous permettent de personnaliser votre contenu en fonction des exigences sp\u00e9cifiques de vos utilisateurs estim\u00e9s. Que vous vous identifiiez en tant que blogueur d\u00e9di\u00e9, un gestionnaire de communaut\u00e9 comp\u00e9tent ou un d\u00e9veloppeur comp\u00e9tent, les plugins BuddyBlog Pro BuddyPress fournissent une solution compl\u00e8te qui propulsera votre site Web \u00e0 des hauteurs sans pr\u00e9c\u00e9dent. Par cons\u00e9quent, si vous recherchez une compilation influente, polyvalente et conviviale des plugins Buddypress, votre qu\u00eate se termine par le Buddyblog Pro in\u00e9gal\u00e9.<\/p>\n<ul>\n<li>Fonctionnalit\u00e9 am\u00e9lior\u00e9e de bouddypress pour les sites Web WordPress<\/li>\n<li>Permet aux utilisateurs de cr\u00e9er et de g\u00e9rer leurs propres blogs au sein de la communaut\u00e9<\/li>\n<li>Fournit des mod\u00e8les et des dispositions personnalisables pour les blogs d&rsquo;utilisateurs<\/li>\n<li>Comprend des fonctionnalit\u00e9s de recherche avanc\u00e9es pour les articles de blog et les balises<\/li>\n<li>Permet une int\u00e9gration transparente avec d&rsquo;autres modules et th\u00e8mes de BuddyPress<\/li>\n<li>Offre une prise en charge de plusieurs langues et plugins de traduction<\/li>\n<li>Fournit une documentation approfondie et un support client pour assurer une configuration et une personnalisation faciles<\/li>\n<li>Offre d&rsquo;analyses avanc\u00e9es et d&rsquo;options de rapports pour les administrateurs de sites<\/li>\n<li>Fournit des outils pour g\u00e9rer les autorisations des utilisateurs et les param\u00e8tres de confidentialit\u00e9 sur le blognetwork<\/li>\n<li>Compatible avec les derni\u00e8res versions de WordPress et BuddyPress.<\/li>\n<\/ul>\n","protected":false},"excerpt":{"rendered":"<p>Transformez votre communaut\u00e9 en ligne en une plate-forme sociale engageante avec les plugins BuddyBlog Pro BuddyPress. Cet outil puissant donne \u00e0 vos membres la possibilit\u00e9 d&rsquo;\u00e9crire, d&rsquo;\u00e9diter et de publier des blogs personnels sur votre site Buddypress. Avec un \u00e9ventail de fonctionnalit\u00e9s personnalisables, BuddyBlog Pro offre une exp\u00e9rience de blogs transparente \u00e0 vos utilisateurs. Il am\u00e9liore la fonctionnalit\u00e9 de votre communaut\u00e9 de copains, favorisant l&rsquo;engagement, l&rsquo;interaction et un sentiment d&rsquo;appartenance. Les caract\u00e9ristiques cl\u00e9s incluent la mod\u00e9ration du post, les param\u00e8tres de confidentialit\u00e9, les filtres avanc\u00e9s et le support m\u00e9diatique, tous con\u00e7us pour fournir un environnement de blogs optimal. Le plugin BuddyBlog Pro Buddypress assure une exp\u00e9rience utilisateur enrichie, stimulant finalement le trafic du site et la r\u00e9tention des utilisateurs. Avec BuddyBlog Pro, laissez les membres de votre communaut\u00e9 s&rsquo;exprimer librement, s&rsquo;engager davantage et contribuer au contenu de votre site Web.<\/p>\n","protected":false},"featured_media":143327,"comment_status":"open","ping_status":"open","template":"","meta":[],"product_brand":[2483],"product_cat":[1189,1181,1186],"product_tag":[1867],"class_list":{"0":"post-113352","1":"product","2":"type-product","3":"status-publish","4":"has-post-thumbnail","6":"product_brand-buddydev","7":"product_cat-personnalisation","8":"product_cat-plugins","9":"product_cat-wordpress-plugins","10":"product_tag-buddydev","11":"member-discount","12":"discount-restricted","14":"first","15":"instock","16":"sale","17":"downloadable","18":"virtual","19":"sold-individually","20":"purchasable","21":"product-type-simple"},"_links":{"self":[{"href":"https:\/\/gpl-love.com\/fr\/wp-json\/wp\/v2\/product\/113352","targetHints":{"allow":["GET"]}}],"collection":[{"href":"https:\/\/gpl-love.com\/fr\/wp-json\/wp\/v2\/product"}],"about":[{"href":"https:\/\/gpl-love.com\/fr\/wp-json\/wp\/v2\/types\/product"}],"replies":[{"embeddable":true,"href":"https:\/\/gpl-love.com\/fr\/wp-json\/wp\/v2\/comments?post=113352"}],"wp:featuredmedia":[{"embeddable":true,"href":"https:\/\/gpl-love.com\/fr\/wp-json\/wp\/v2\/media\/143327"}],"wp:attachment":[{"href":"https:\/\/gpl-love.com\/fr\/wp-json\/wp\/v2\/media?parent=113352"}],"wp:term":[{"taxonomy":"product_brand","embeddable":true,"href":"https:\/\/gpl-love.com\/fr\/wp-json\/wp\/v2\/product_brand?post=113352"},{"taxonomy":"product_cat","embeddable":true,"href":"https:\/\/gpl-love.com\/fr\/wp-json\/wp\/v2\/product_cat?post=113352"},{"taxonomy":"product_tag","embeddable":true,"href":"https:\/\/gpl-love.com\/fr\/wp-json\/wp\/v2\/product_tag?post=113352"}],"curies":[{"name":"wp","href":"https:\/\/api.w.org\/{rel}","templated":true}]}}