{"id":113350,"date":"2021-08-21T00:00:00","date_gmt":"2021-08-20T22:00:00","guid":{"rendered":"http:\/\/gpl-love.com\/fr\/produit\/letspush-web-push-notifications-plugin\/"},"modified":"2026-03-20T23:22:23","modified_gmt":"2026-03-20T22:22:23","slug":"letspush-web-push-notifications-plugin","status":"publish","type":"product","link":"https:\/\/gpl-love.com\/fr\/produit\/letspush-web-push-notifications-plugin\/","title":{"rendered":"Letspush Web Push Notifications Plugin 3.1.2"},"content":{"rendered":"<h3>Letspush Web Push Notifications Plugin Traits<\/h3>\n<p>Le plugin de notifications Push LetSpush est un outil extr\u00eamement robuste et efficace qui accorde aux propri\u00e9taires de sites Web la possibilit\u00e9 de d\u00e9p\u00eacher sans effort des notifications push \u00e0 leurs visiteurs estim\u00e9s. Ce plugin in\u00e9gal\u00e9 permet la cr\u00e9ation et la personnalisation transparentes des notifications pour une pl\u00e9thore d&rsquo;occasions, y compris l&rsquo;introduction d&rsquo;un contenu frais, des promotions de vente attrayantes et un assortiment d&rsquo;autres \u00e9v\u00e9nements engageants. Pour accro\u00eetre davantage la commodit\u00e9, ces notifications sont directement transmises aux appareils respectifs de vos visiteurs, permettant un engagement sans effort et une efficacit\u00e9 optimale. De plus, gr\u00e2ce \u00e0 l&rsquo;utilisation d&rsquo;analyses compl\u00e8tes, vous \u00eates accord\u00e9 d&rsquo;une compr\u00e9hension approfondie des mesures de performance de vos notifications, englobant le nombre de clics, de conversions et divers autres informations inestimables. En vertu du plugin de notifications Push LetSpush Web, vous pouvez cultiver efficacement un rapport plus fort avec votre public, augmentant ainsi le trafic et les niveaux d&rsquo;engagement de votre site Web estim\u00e9.<\/p>\n<ul>\n<li>Permet aux propri\u00e9taires de sites Web d&rsquo;envoyer des notifications push \u00e0 leurs visiteurs<\/li>\n<li>S&rsquo;int\u00e8gre \u00e0 des plateformes populaires telles que WordPress et Shopify<\/li>\n<li>Facile \u00e0 installer et \u00e0 configurer avec des guides \u00e9tape par \u00e9tape<\/li>\n<li>Offre diverses options de ciblage pour atteindre un public sp\u00e9cifique<\/li>\n<li>Conception de notification personnalisable pour correspondre \u00e0 la marque du site Web<\/li>\n<li>Analyse en temps r\u00e9el pour suivre les performances et l&rsquo;engagement de la notification<\/li>\n<li>Peut planifier des notifications pour des dates et des heures sp\u00e9cifiques<\/li>\n<li>Offre des capacit\u00e9s de test A \/ B pour optimiser et am\u00e9liorer les notifications<\/li>\n<li>Offre une version gratuite avec des fonctionnalit\u00e9s limit\u00e9es et une version premium pour les fonctionnalit\u00e9s avanc\u00e9es.<\/li>\n<\/ul>\n","protected":false},"excerpt":{"rendered":"<p>Permettez-nous de vous pr\u00e9senter le plugin remarquable LetSpush Web Push Notifications, un plugin convivial avec des utilisateurs cr\u00e9\u00e9 pour faciliter la communication transparente et efficace entre les propri\u00e9taires de sites Web et leur public appr\u00e9ci\u00e9! Ce plugin remarquable vous permet \u00e0 la d\u00e9p\u00eache sans effort des notifications push directement aux appareils de vos abonn\u00e9s ch\u00e9ris, garantissant ainsi qu&rsquo;ils sont toujours \u00e9clair\u00e9s par tous les nouveaux contenus, les promotions s\u00e9duisantes et les mises \u00e0 jour cruciales. L&rsquo;interface remarquablement intuitive rationalise le processus de fabrication et de planification des notifications, vous permettant de le faire en quelques minutes, vous accordant ainsi une solution puissante mais remarquablement simple pour s&rsquo;engager efficacement avec votre groupe d\u00e9mographique cible. \u00c9levez les performances globales et l&rsquo;impact de votre site Web en int\u00e9grant le plugin de notifications LETSHSUSH PUSH in\u00e9gal\u00e9, car c&rsquo;est en effet la cl\u00e9 qui d\u00e9verrouille un tout nouveau domaine de possibilit\u00e9s!<\/p>\n","protected":false},"featured_media":144371,"comment_status":"open","ping_status":"open","template":"","meta":[],"product_brand":[2435],"product_cat":[1207,1181,1186],"product_tag":[1231],"class_list":{"0":"post-113350","1":"product","2":"type-product","3":"status-publish","4":"has-post-thumbnail","6":"product_brand-codecanyon","7":"product_cat-commercialisation-wordpress-plugins","8":"product_cat-plugins","9":"product_cat-wordpress-plugins","10":"product_tag-codecanyon","11":"member-discount","12":"discount-restricted","14":"first","15":"instock","16":"sale","17":"downloadable","18":"virtual","19":"sold-individually","20":"purchasable","21":"product-type-simple"},"_links":{"self":[{"href":"https:\/\/gpl-love.com\/fr\/wp-json\/wp\/v2\/product\/113350","targetHints":{"allow":["GET"]}}],"collection":[{"href":"https:\/\/gpl-love.com\/fr\/wp-json\/wp\/v2\/product"}],"about":[{"href":"https:\/\/gpl-love.com\/fr\/wp-json\/wp\/v2\/types\/product"}],"replies":[{"embeddable":true,"href":"https:\/\/gpl-love.com\/fr\/wp-json\/wp\/v2\/comments?post=113350"}],"wp:featuredmedia":[{"embeddable":true,"href":"https:\/\/gpl-love.com\/fr\/wp-json\/wp\/v2\/media\/144371"}],"wp:attachment":[{"href":"https:\/\/gpl-love.com\/fr\/wp-json\/wp\/v2\/media?parent=113350"}],"wp:term":[{"taxonomy":"product_brand","embeddable":true,"href":"https:\/\/gpl-love.com\/fr\/wp-json\/wp\/v2\/product_brand?post=113350"},{"taxonomy":"product_cat","embeddable":true,"href":"https:\/\/gpl-love.com\/fr\/wp-json\/wp\/v2\/product_cat?post=113350"},{"taxonomy":"product_tag","embeddable":true,"href":"https:\/\/gpl-love.com\/fr\/wp-json\/wp\/v2\/product_tag?post=113350"}],"curies":[{"name":"wp","href":"https:\/\/api.w.org\/{rel}","templated":true}]}}