{"id":113348,"date":"2026-03-03T00:00:00","date_gmt":"2026-03-02T23:00:00","guid":{"rendered":"http:\/\/gpl-love.com\/fr\/produit\/clever-woocommerce-product-filter\/"},"modified":"2026-03-20T22:58:38","modified_gmt":"2026-03-20T21:58:38","slug":"clever-woocommerce-product-filter","status":"publish","type":"product","link":"https:\/\/gpl-love.com\/fr\/produit\/clever-woocommerce-product-filter\/","title":{"rendered":"Clever WooCommerce Product Filter 2.0.8"},"content":{"rendered":"<h3>Clever WooCommerce Product Filter Traits<\/h3>\n<p>Le filtre de produit WooCommerce intelligent est un outil exceptionnellement robuste qui facilite une exp\u00e9rience d&rsquo;achat remarquablement transparente pour les clients. En raison de ses capacit\u00e9s de filtrage remarquablement avanc\u00e9es, les clients peuvent localiser sans effort les produits dont ils ont besoin, en fonction d&rsquo;un vaste gamme d&rsquo;attributs, y compris, mais sans s&rsquo;y limiter, la gamme de prix, la couleur, la taille et bien d&rsquo;autres. Ce plugin incroyablement polyvalent permet non seulement aux entreprises d&rsquo;am\u00e9liorer consid\u00e9rablement la convivialit\u00e9 globale de leurs sites Web, mais leur permet \u00e9galement d&rsquo;aggraver les chiffres de vente en fournissant une avenue acc\u00e9l\u00e9r\u00e9e et plus efficace pour les clients pour explorer et rechercher des produits souhait\u00e9s. En outre, le filtre de produit WooCommerce intelligent poss\u00e8de un degr\u00e9 exceptionnel de tailleur et de convivialit\u00e9, ce qui en fait une s\u00e9lection exceptionnelle pour les entreprises de toute ampleur.<\/p>\n<ul>\n<li>Am\u00e9liorez l&rsquo;exp\u00e9rience d&rsquo;achat client avec des filtres faciles \u00e0 utiliser pour les produits WooCommerce.<\/li>\n<li>Permet aux clients de trouver rapidement les produits qu&rsquo;ils recherchent, entra\u00eenant une augmentation des ventes et une r\u00e9duction des taux de rebond.<\/li>\n<li>Offre une vari\u00e9t\u00e9 de filtres personnalisables, y compris le prix, la cat\u00e9gorie, les attributs, etc.<\/li>\n<li>Peut \u00eatre facilement int\u00e9gr\u00e9 \u00e0 la plupart des th\u00e8mes et extensions WooCommerce.<\/li>\n<li>\u00c9conomise le temps et la frustration des clients en rationalisant le processus de recherche et de s\u00e9lection des produits.<\/li>\n<li>Fonctionne rapidement et efficacement, sans ralentir votre site Web.<\/li>\n<li>Fournit des analyses et des rapports d\u00e9taill\u00e9s, vous permettant de suivre le comportement des utilisateurs et de prendre des d\u00e9cisions bas\u00e9es sur les donn\u00e9es.<\/li>\n<li>Prend en charge une vari\u00e9t\u00e9 de langues et est pr\u00eat pour la traduction.<\/li>\n<li>Fournit un support client exceptionnel et des mises \u00e0 jour r\u00e9guli\u00e8res pour garantir des performances optimales.<\/li>\n<\/ul>\n","protected":false},"excerpt":{"rendered":"<p>D\u00e9couvrez la puissance du filtre de produit WooCommerce intelligent, une solution intelligente et rationalis\u00e9e pour vos besoins de commerce \u00e9lectronique. Ce plugin innovant vous permet de filtrer facilement et efficacement vos listes de produits, offrant \u00e0 vos clients une exp\u00e9rience d&rsquo;achat en ligne transparente. Que vous g\u00e9riez une petite entreprise ou une grande boutique en ligne, le filtre de produit WooCommerce intelligent est con\u00e7u pour simplifier la navigation, gagner du temps et am\u00e9liorer la satisfaction des utilisateurs. Avec son interface facile \u00e0 utiliser et ses param\u00e8tres personnalisables, vous pouvez rapidement trier et cat\u00e9goriser les produits, ce qui permet \u00e0 vos clients de trouver plus facilement exactement ce qu&rsquo;ils recherchent. De plus, avec sa conception r\u00e9active, il assure une exp\u00e9rience utilisateur fluide et engageante sur tous les appareils. Mettez \u00e0 niveau votre plate-forme de commerce \u00e9lectronique avec le filtre de produit WooCommerce intelligent pour un voyage de magasinage plus efficace et plus agr\u00e9able.<\/p>\n","protected":false},"featured_media":143395,"comment_status":"open","ping_status":"open","template":"","meta":[],"product_brand":[2494],"product_cat":[1182,1223,1181],"product_tag":[1866],"class_list":{"0":"post-113348","1":"product","2":"type-product","3":"status-publish","4":"has-post-thumbnail","6":"product_brand-clever-addon","7":"product_cat-commerce-electronique-plugins","8":"product_cat-personnalisation-commerce-electronique-plugins","9":"product_cat-plugins","10":"product_tag-clever-addon","11":"member-discount","12":"discount-restricted","14":"first","15":"instock","16":"sale","17":"downloadable","18":"virtual","19":"sold-individually","20":"purchasable","21":"product-type-simple"},"_links":{"self":[{"href":"https:\/\/gpl-love.com\/fr\/wp-json\/wp\/v2\/product\/113348","targetHints":{"allow":["GET"]}}],"collection":[{"href":"https:\/\/gpl-love.com\/fr\/wp-json\/wp\/v2\/product"}],"about":[{"href":"https:\/\/gpl-love.com\/fr\/wp-json\/wp\/v2\/types\/product"}],"replies":[{"embeddable":true,"href":"https:\/\/gpl-love.com\/fr\/wp-json\/wp\/v2\/comments?post=113348"}],"wp:featuredmedia":[{"embeddable":true,"href":"https:\/\/gpl-love.com\/fr\/wp-json\/wp\/v2\/media\/143395"}],"wp:attachment":[{"href":"https:\/\/gpl-love.com\/fr\/wp-json\/wp\/v2\/media?parent=113348"}],"wp:term":[{"taxonomy":"product_brand","embeddable":true,"href":"https:\/\/gpl-love.com\/fr\/wp-json\/wp\/v2\/product_brand?post=113348"},{"taxonomy":"product_cat","embeddable":true,"href":"https:\/\/gpl-love.com\/fr\/wp-json\/wp\/v2\/product_cat?post=113348"},{"taxonomy":"product_tag","embeddable":true,"href":"https:\/\/gpl-love.com\/fr\/wp-json\/wp\/v2\/product_tag?post=113348"}],"curies":[{"name":"wp","href":"https:\/\/api.w.org\/{rel}","templated":true}]}}