{"id":113345,"date":"2022-02-06T00:00:00","date_gmt":"2022-02-05T23:00:00","guid":{"rendered":"http:\/\/gpl-love.com\/fr\/produit\/opt-in-downloads-wordpress-plugin\/"},"modified":"2026-04-10T18:35:19","modified_gmt":"2026-04-10T16:35:19","slug":"opt-in-downloads-wordpress-plugin","status":"publish","type":"product","link":"https:\/\/gpl-love.com\/fr\/produit\/opt-in-downloads-wordpress-plugin\/","title":{"rendered":"Opt-In Downloads WordPress Plugin 4.06"},"content":{"rendered":"<h3>Opt-In Downloads WordPress Plugin Traits<\/h3>\n<p>Le plugin WordPress de t\u00e9l\u00e9chargements Opt-In sert d&rsquo;instrument robuste, permettant aux propri\u00e9taires de sites de convertir efficacement leur trafic entrant en prospects pr\u00e9cieux et abonn\u00e9s d\u00e9vou\u00e9s. Gr\u00e2ce \u00e0 la fourniture d&rsquo;un contenu t\u00e9l\u00e9chargeable gratuit en \u00e9change des adresses e-mail des visiteurs, ce plugin exceptionnel facilite la construction d&rsquo;une liste de diffusion florissante, facilitant ainsi l&rsquo;\u00e9tablissement et l&rsquo;\u00e9ducation des relations durables avec son public cible. Notamment, le plugin poss\u00e8de un processus d&rsquo;installation convivial, associ\u00e9 \u00e0 un vaste \u00e9ventail de mod\u00e8les esth\u00e9tiquement agr\u00e9ables, permettant aux propri\u00e9taires de sites de adapter de mani\u00e8re transparente leurs t\u00e9l\u00e9chargements de retrait pour r\u00e9pondre \u00e0 leurs exigences de marque uniques. De plus, le plugin s&rsquo;int\u00e8gre de mani\u00e8re transparente aux plates-formes de marketing par e-mail largement utilis\u00e9es, dominant les propri\u00e9taires de sites Web avec la commodit\u00e9 de suivre sans effort avec les prospects nouvellement acquis et de suivre efficacement les conversions. Ainsi, avec la mise en \u0153uvre du plugin WordPress de t\u00e9l\u00e9chargements Opt-In, les entreprises peuvent r\u00e9ussir leur visibilit\u00e9 en ligne, favoriser la confiance in\u00e9branlable parmi leur public et, finalement, augmenter leur prosp\u00e9rit\u00e9 financi\u00e8re.<\/p>\n<ul>\n<li>Plugin WordPress pratique et facile \u00e0 utiliser pour les t\u00e9l\u00e9chargements d&rsquo;opt-in<\/li>\n<li>Permet aux propri\u00e9taires de sites Web d&rsquo;offrir un contenu t\u00e9l\u00e9chargeable en \u00e9change d&rsquo;adresses e-mail ou d&rsquo;autres informations de contact<\/li>\n<li>Fournit des formulaires d&rsquo;opt-in personnalisables avec diff\u00e9rents champs et options de style<\/li>\n<li>S&rsquo;int\u00e8gre aux services de marketing par e-mail populaires comme MailChimp et Aweber<\/li>\n<li>Prend en charge plusieurs types de fichiers t\u00e9l\u00e9chargeables, y compris les PDF, les livres \u00e9lectroniques et les fichiers audio<\/li>\n<li>Comprend des analyses int\u00e9gr\u00e9es pour suivre les taux de conversion et les t\u00e9l\u00e9chargements d&rsquo;opt-in<\/li>\n<li>Offre des options d&rsquo;affichage flexibles, telles que les fen\u00eatres contextuelles, les formulaires en ligne et les widgets de barres lat\u00e9rales<\/li>\n<li>Compatible avec une large gamme de th\u00e8mes et plugins WordPress<\/li>\n<li>Fournit une documentation d\u00e9taill\u00e9e et un support client r\u00e9actif pour une configuration et une maintenance faciles<\/li>\n<li>Aide \u00e0 d\u00e9velopper des listes de diffusion et \u00e0 \u00e9tablir des relations avec les visiteurs du site Web gr\u00e2ce \u00e0 de pr\u00e9cieuses incitations au contenu.<\/li>\n<\/ul>\n","protected":false},"excerpt":{"rendered":"<p>Opt-in Downlows est un plugin WordPress exceptionnellement robuste qui vous accorde la possibilit\u00e9 de d\u00e9velopper et d&rsquo;amasser une vaste liste de diffusion en pr\u00e9sentant des fichiers t\u00e9l\u00e9chargeables comme une incitation convaincante pour les individus \u00e0 s&rsquo;inscrire et \u00e0 faire partie de votre liste. Ce plugin ing\u00e9nieux vous permet de concocter sans effort des formulaires d&rsquo;opt-in exquis enrichi de champs personnalis\u00e9s, et permet en outre la cr\u00e9ation de s\u00e9quences de messagerie automatiques qui garantissent la livraison rapide des liens de t\u00e9l\u00e9chargement vers vos abonn\u00e9s estim\u00e9s. De plus, les capacit\u00e9s profondes de ce plugin englobent \u00e9galement la possibilit\u00e9 de suivre et de examiner m\u00e9ticuleusement vos taux de conversion, ainsi que de fortifier et d&rsquo;affiner vos campagnes gr\u00e2ce \u00e0 l&rsquo;aide des fonctionnalit\u00e9s de test d&rsquo;analyse et de test A \/ B inh\u00e9rentes. Que vous soyez un blogueur ardent, un marketing astucieux ou un propri\u00e9taire d&rsquo;entreprise en ligne entreprenant, les t\u00e9l\u00e9chargements opt-in sont sans \u00e9quivoque la solution par excellence qui attirera une abondance de prospects prometteurs et augmente consid\u00e9rablement vos revenus.<\/p>\n","protected":false},"featured_media":144870,"comment_status":"open","ping_status":"open","template":"","meta":[],"product_brand":[2435],"product_cat":[1189,1181,1186],"product_tag":[1231],"class_list":{"0":"post-113345","1":"product","2":"type-product","3":"status-publish","4":"has-post-thumbnail","6":"product_brand-codecanyon","7":"product_cat-personnalisation","8":"product_cat-plugins","9":"product_cat-wordpress-plugins","10":"product_tag-codecanyon","11":"member-discount","12":"discount-restricted","14":"first","15":"instock","16":"sale","17":"downloadable","18":"virtual","19":"sold-individually","20":"purchasable","21":"product-type-simple"},"_links":{"self":[{"href":"https:\/\/gpl-love.com\/fr\/wp-json\/wp\/v2\/product\/113345","targetHints":{"allow":["GET"]}}],"collection":[{"href":"https:\/\/gpl-love.com\/fr\/wp-json\/wp\/v2\/product"}],"about":[{"href":"https:\/\/gpl-love.com\/fr\/wp-json\/wp\/v2\/types\/product"}],"replies":[{"embeddable":true,"href":"https:\/\/gpl-love.com\/fr\/wp-json\/wp\/v2\/comments?post=113345"}],"wp:featuredmedia":[{"embeddable":true,"href":"https:\/\/gpl-love.com\/fr\/wp-json\/wp\/v2\/media\/144870"}],"wp:attachment":[{"href":"https:\/\/gpl-love.com\/fr\/wp-json\/wp\/v2\/media?parent=113345"}],"wp:term":[{"taxonomy":"product_brand","embeddable":true,"href":"https:\/\/gpl-love.com\/fr\/wp-json\/wp\/v2\/product_brand?post=113345"},{"taxonomy":"product_cat","embeddable":true,"href":"https:\/\/gpl-love.com\/fr\/wp-json\/wp\/v2\/product_cat?post=113345"},{"taxonomy":"product_tag","embeddable":true,"href":"https:\/\/gpl-love.com\/fr\/wp-json\/wp\/v2\/product_tag?post=113345"}],"curies":[{"name":"wp","href":"https:\/\/api.w.org\/{rel}","templated":true}]}}