{"id":113339,"date":"2023-11-20T00:00:00","date_gmt":"2023-11-19T23:00:00","guid":{"rendered":"http:\/\/gpl-love.com\/fr\/produit\/startflow-startup-and-creative-multipurpose-wordpress-theme\/"},"modified":"2026-03-20T23:36:57","modified_gmt":"2026-03-20T22:36:57","slug":"startflow-startup-and-creative-multipurpose-wordpress-theme","status":"publish","type":"product","link":"https:\/\/gpl-love.com\/fr\/produit\/startflow-startup-and-creative-multipurpose-wordpress-theme\/","title":{"rendered":"StartFlow Startup et Creative Multipurpose WordPress Theme 1.25"},"content":{"rendered":"<h3>StartFlow Startup et Creative Multipurpose WordPress Theme Traits<\/h3>\n<p>Le d\u00e9marrage de StartFlow et le th\u00e8me WordPress multipurpose cr\u00e9atif est un th\u00e8me tr\u00e8s polyvalent et convivial qui a \u00e9t\u00e9 m\u00e9ticuleusement con\u00e7u pour r\u00e9pondre aux besoins et aux exigences uniques des startups et des entreprises cr\u00e9atives. Avec sa large gamme de fonctionnalit\u00e9s personnalisables, y compris une gamme de variations de page d&rsquo;accueil captivantes et une vaste s\u00e9lection de pages pr\u00e9d\u00e9finies, ce th\u00e8me offre un niveau de flexibilit\u00e9 sans pr\u00e9c\u00e9dent, vous permettant de fa\u00e7onner sans effort un site Web sophistiqu\u00e9 et professionnel qui s&rsquo;aligne parfaitement avec votre votre identit\u00e9 de marque. De plus, l&rsquo;inclusion d&rsquo;un puissant constructeur de pages de glisser-d\u00e9poser vous permet d&rsquo;adapter sans effort les pages de votre site Web au d\u00e9sir de votre c\u0153ur, le tout sans n\u00e9cessiter aucune connaissance des techniques de codage complexes. De plus, le th\u00e8me StartFlow poss\u00e8de une conception remarquablement r\u00e9active, en veillant \u00e0 ce que votre site Web soit parfaitement accessible et frappant visuellement sur une vaste gamme d&rsquo;appareils, englobant des ordinateurs de bureau, des tablettes et des appareils mobiles. Dans le but d&rsquo;optimiser les performances et la visibilit\u00e9 de votre site Web, ce th\u00e8me a \u00e9t\u00e9 m\u00e9ticuleusement con\u00e7u pour \u00eatre adapt\u00e9 au r\u00e9f\u00e9rencement, renfor\u00e7ant ainsi consid\u00e9rablement le classement des moteurs de recherche de votre site Web et les performances globales en ligne. En conclusion, le d\u00e9marrage de StartFlow et le th\u00e8me WordPress multipurpose cr\u00e9atif sont un choix exemplaire pour les aspirants entrepreneurs et entreprises qui aspirent \u00e0 fa\u00e7onner un site Web de pointe, moderne et hautement fonctionnel qui se distingue sans effort de la concurrence.<\/p>\n<ul>\n<li>Th\u00e8me WordPress enti\u00e8rement personnalisable et facile \u00e0 utiliser parfait pour les startups et les entreprises cr\u00e9atives<\/li>\n<li>Plusieurs mod\u00e8les pr\u00e9d\u00e9finis pour une vari\u00e9t\u00e9 d&rsquo;industries, y compris la technologie, la mode et la nourriture<\/li>\n<li>Conception adapt\u00e9e aux mobiles et r\u00e9active pour une exp\u00e9rience utilisateur sans couture sur le bureau, la tablette et le t\u00e9l\u00e9phone<\/li>\n<li>Construit avec un code propre et une optimisation SEO pour am\u00e9liorer les classements de recherche et les performances du site Web<\/li>\n<li>Comprend un constructeur de pages glisser-d\u00e9poser et un panneau d&rsquo;options de th\u00e8me intuitif pour les mises en page et les conceptions personnalis\u00e9es<\/li>\n<li>Compatible avec les plugins WordPress populaires, y compris WooCommerce pour les fonctionnalit\u00e9s de commerce \u00e9lectronique<\/li>\n<li>Livr\u00e9 avec un support complet et une documentation pour aider \u00e0 mettre votre site Web en cours d&rsquo;ex\u00e9cution rapidement<\/li>\n<li>R\u00e9guli\u00e8rement mis \u00e0 jour avec de nouvelles fonctionnalit\u00e9s et am\u00e9liorations pour rester en avance sur les tendances technologiques<\/li>\n<li>Puissant mais facile \u00e0 utiliser, ce qui le rend accessible pour les d\u00e9butants et les utilisateurs avanc\u00e9s<\/li>\n<li>Soutenu par une \u00e9quipe de d\u00e9veloppeurs exp\u00e9riment\u00e9s qui se consacrent \u00e0 la cr\u00e9ation de th\u00e8mes WordPress de haute qualit\u00e9 et conviviaux.<\/li>\n<\/ul>\n","protected":false},"excerpt":{"rendered":"<p>Salutations et bienvenue au grand d\u00e9voilement du magnifique d\u00e9marrage de startflow et du th\u00e8me WordPress multipurpose cr\u00e9atif! Cette cr\u00e9ation extraordinaire est pr\u00e9cis\u00e9ment adapt\u00e9e pour r\u00e9pondre aux besoins des entreprises et des cr\u00e9atifs qui aspirent \u00e0 \u00e9tablir une pr\u00e9sence en ligne indomptable qui captivera et fassine sans aucun doute tous ceux qui lui posent des yeux. Avec son design \u00e9l\u00e9gant et moderne, d\u00e9bordant d&rsquo;\u00e9l\u00e9gance et de sophistication, accompagn\u00e9 de sa fonctionnalit\u00e9 robuste et compl\u00e8te, StartFlow offre un niveau de flexibilit\u00e9 et de polyvalence in\u00e9gal\u00e9, vous permettant de pr\u00e9senter parfaitement votre marque estim\u00e9e et de vous connecter efficacement avec le public cible souhait\u00e9. Peu importe que vous soyez une startup en herbe, une agence florissante, un pigiste talentueux, ou m\u00eame une entreprise \u00e9tablie de longue date, car StartFlow poss\u00e8de tous les \u00e9l\u00e9ments essentiels n\u00e9cessaires pour propulser votre site Web \u00e0 des hauteurs de succ\u00e8s sans pr\u00e9c\u00e9dent. Alors, prenez cette opportunit\u00e9 en or et entreprenez votre voyage vers la grandeur aujourd&rsquo;hui en vous plongeant dans le pouvoir impressionnant et le potentiel sans limites que le v\u00e9n\u00e9r\u00e9 Startflow a \u00e0 offrir!<\/p>\n","protected":false},"featured_media":145322,"comment_status":"open","ping_status":"open","template":"","meta":[],"product_brand":[2433],"product_cat":[1214,1212,1213],"product_tag":[1366],"class_list":{"0":"post-113339","1":"product","2":"type-product","3":"status-publish","4":"has-post-thumbnail","6":"product_brand-themeforest","7":"product_cat-polyvalent","8":"product_cat-themes","9":"product_cat-wordpress-themes","10":"product_tag-themeforest","11":"member-discount","12":"discount-restricted","14":"first","15":"instock","16":"sale","17":"downloadable","18":"virtual","19":"sold-individually","20":"purchasable","21":"product-type-simple"},"_links":{"self":[{"href":"https:\/\/gpl-love.com\/fr\/wp-json\/wp\/v2\/product\/113339","targetHints":{"allow":["GET"]}}],"collection":[{"href":"https:\/\/gpl-love.com\/fr\/wp-json\/wp\/v2\/product"}],"about":[{"href":"https:\/\/gpl-love.com\/fr\/wp-json\/wp\/v2\/types\/product"}],"replies":[{"embeddable":true,"href":"https:\/\/gpl-love.com\/fr\/wp-json\/wp\/v2\/comments?post=113339"}],"wp:featuredmedia":[{"embeddable":true,"href":"https:\/\/gpl-love.com\/fr\/wp-json\/wp\/v2\/media\/145322"}],"wp:attachment":[{"href":"https:\/\/gpl-love.com\/fr\/wp-json\/wp\/v2\/media?parent=113339"}],"wp:term":[{"taxonomy":"product_brand","embeddable":true,"href":"https:\/\/gpl-love.com\/fr\/wp-json\/wp\/v2\/product_brand?post=113339"},{"taxonomy":"product_cat","embeddable":true,"href":"https:\/\/gpl-love.com\/fr\/wp-json\/wp\/v2\/product_cat?post=113339"},{"taxonomy":"product_tag","embeddable":true,"href":"https:\/\/gpl-love.com\/fr\/wp-json\/wp\/v2\/product_tag?post=113339"}],"curies":[{"name":"wp","href":"https:\/\/api.w.org\/{rel}","templated":true}]}}