{"id":113337,"date":"2021-03-29T00:00:00","date_gmt":"2021-03-28T22:00:00","guid":{"rendered":"http:\/\/gpl-love.com\/fr\/produit\/delicate-multipurpose-wordpress-theme\/"},"modified":"2026-03-20T23:00:31","modified_gmt":"2026-03-20T22:00:31","slug":"delicate-multipurpose-wordpress-theme","status":"publish","type":"product","link":"https:\/\/gpl-love.com\/fr\/produit\/delicate-multipurpose-wordpress-theme\/","title":{"rendered":"Delicate Multipurpose WordPress Theme 3.2"},"content":{"rendered":"<h3>Delicate Multipurpose WordPress Theme Traits<\/h3>\n<p>Le d\u00e9licat th\u00e8me WordPress polyvalent, offrant un design \u00e9l\u00e9gant et moderne, pr\u00e9sente aux utilisateurs une interface multiforme et conviviale qui s&rsquo;adresse \u00e0 la construction de pratiquement tout type de site Web. Sa r\u00e9activit\u00e9 \u00e0 diff\u00e9rents appareils, associ\u00e9e \u00e0 ses fonctionnalit\u00e9s personnalisables et \u00e0 l&rsquo;abondance de mod\u00e8les pr\u00e9d\u00e9finis, rend ce th\u00e8me un ajustement idyllique pour les entreprises, les blogueurs et les artistes, tous cherchant \u00e0 pr\u00e9senter leur contenu remarquable d&rsquo;une mani\u00e8re qui d\u00e9gage \u00e0 la fois le style et le professionnalisme . La gamme compl\u00e8te d&rsquo;options de personnalisation du th\u00e8me permet aux utilisateurs d&rsquo;adapter l&rsquo;esth\u00e9tique et les fonctionnalit\u00e9s de leur site Web \u00e0 leurs exigences pr\u00e9cises, tandis que la documentation approfondie et le support fiable \u00e0 condition que le processus de d\u00e9marrage et le maintien du site Web une brise absolue. Dans l&rsquo;ensemble, le th\u00e8me WordPress polyvalent d\u00e9licat appara\u00eet ind\u00e9niablement comme un choix exceptionnel pour les individus aspirant \u00e0 une solution flexible et conviviale pour construire leur propre site Web.<\/p>\n<ul>\n<li>Th\u00e8me WordPress polyvalent hautement personnalisable et polyvalent<\/li>\n<li>Comprend une conception magnifique et \u00e9l\u00e9gante avec plusieurs polices et options de couleur<\/li>\n<li>Comprend des mod\u00e8les pr\u00e9-con\u00e7us pour une vari\u00e9t\u00e9 d&rsquo;industries et d&rsquo;objectifs<\/li>\n<li>Construit avec les derni\u00e8res technologies Web et enti\u00e8rement r\u00e9active pour tous les appareils<\/li>\n<li>Page de page de glisser-d\u00e9poser intuitive pour une personnalisation facile et une cr\u00e9ation de dispositions uniques<\/li>\n<li>Optimis\u00e9 pour les moteurs de recherche avec du code propre et des temps de chargement rapides<\/li>\n<li>Compatible avec les plugins WordPress populaires pour des fonctionnalit\u00e9s ajout\u00e9es<\/li>\n<li>Comprend une documentation compl\u00e8te et un support pour une utilisation sans tracas<\/li>\n<li>R\u00e9guli\u00e8rement mis \u00e0 jour avec de nouvelles fonctionnalit\u00e9s et am\u00e9liorations pour la valeur continue<\/li>\n<\/ul>\n","protected":false},"excerpt":{"rendered":"<p>D\u00e9couvrez notre d\u00e9licat th\u00e8me WordPress polyvalent, une solution polyvalente et flexible pour tous les besoins de votre site Web. Ce th\u00e8me \u00e9l\u00e9gant est parfait pour les propri\u00e9taires d&rsquo;entreprise, les blogueurs et les personnes cr\u00e9atives qui appr\u00e9cient la sophistication et les fonctionnalit\u00e9s. Il est enti\u00e8rement r\u00e9actif et compatible avec divers appareils, garantissant que votre contenu est magnifique sur n&rsquo;importe quelle taille d&rsquo;\u00e9cran. Avec son interface conviviale, ses fonctionnalit\u00e9s personnalisables et son optimisation SEO, notre th\u00e8me offre une exp\u00e9rience transparente pour vous et vos visiteurs. Il est construit avec du code propre pour am\u00e9liorer la vitesse et les performances du site, offrant une exp\u00e9rience de navigation en douceur. De plus, sa compatibilit\u00e9 WooCommerce le rend parfait pour les magasins en ligne. Mettez \u00e0 niveau votre pr\u00e9sence en ligne avec notre d\u00e9licat th\u00e8me WordPress polyvalent.<\/p>\n","protected":false},"featured_media":143518,"comment_status":"open","ping_status":"open","template":"","meta":[],"product_brand":[2433],"product_cat":[1214,1212,1213],"product_tag":[1366],"class_list":{"0":"post-113337","1":"product","2":"type-product","3":"status-publish","4":"has-post-thumbnail","6":"product_brand-themeforest","7":"product_cat-polyvalent","8":"product_cat-themes","9":"product_cat-wordpress-themes","10":"product_tag-themeforest","11":"member-discount","12":"discount-restricted","14":"first","15":"instock","16":"sale","17":"downloadable","18":"virtual","19":"sold-individually","20":"purchasable","21":"product-type-simple"},"_links":{"self":[{"href":"https:\/\/gpl-love.com\/fr\/wp-json\/wp\/v2\/product\/113337","targetHints":{"allow":["GET"]}}],"collection":[{"href":"https:\/\/gpl-love.com\/fr\/wp-json\/wp\/v2\/product"}],"about":[{"href":"https:\/\/gpl-love.com\/fr\/wp-json\/wp\/v2\/types\/product"}],"replies":[{"embeddable":true,"href":"https:\/\/gpl-love.com\/fr\/wp-json\/wp\/v2\/comments?post=113337"}],"wp:featuredmedia":[{"embeddable":true,"href":"https:\/\/gpl-love.com\/fr\/wp-json\/wp\/v2\/media\/143518"}],"wp:attachment":[{"href":"https:\/\/gpl-love.com\/fr\/wp-json\/wp\/v2\/media?parent=113337"}],"wp:term":[{"taxonomy":"product_brand","embeddable":true,"href":"https:\/\/gpl-love.com\/fr\/wp-json\/wp\/v2\/product_brand?post=113337"},{"taxonomy":"product_cat","embeddable":true,"href":"https:\/\/gpl-love.com\/fr\/wp-json\/wp\/v2\/product_cat?post=113337"},{"taxonomy":"product_tag","embeddable":true,"href":"https:\/\/gpl-love.com\/fr\/wp-json\/wp\/v2\/product_tag?post=113337"}],"curies":[{"name":"wp","href":"https:\/\/api.w.org\/{rel}","templated":true}]}}