{"id":113335,"date":"2022-07-16T00:00:00","date_gmt":"2022-07-15T22:00:00","guid":{"rendered":"http:\/\/gpl-love.com\/fr\/produit\/cryptoniq-cryptocurrency-payment-plugin-for-wordpress\/"},"modified":"2026-03-20T22:59:28","modified_gmt":"2026-03-20T21:59:28","slug":"cryptoniq-cryptocurrency-payment-plugin-for-wordpress","status":"publish","type":"product","link":"https:\/\/gpl-love.com\/fr\/produit\/cryptoniq-cryptocurrency-payment-plugin-for-wordpress\/","title":{"rendered":"Cryptoniq Cryptocurrency Payment Plugin pour WordPress 1.9.6"},"content":{"rendered":"<h3>Cryptoniq Cryptocurrency Payment Plugin pour WordPress Traits<\/h3>\n<p>Le plugin de paiement de crypto-monnaie Cryptoniq pour WordPress est une solution exceptionnelle qui facilite de mani\u00e8re transparente l&rsquo;acceptation des paiements de crypto-monnaie sur votre site Web. Il offre un soutien \u00e9tendu \u00e0 de nombreuses crypto-monnaies populaires telles que Bitcoin, Ethereum et Litecoin, vous permettant ainsi d&rsquo;\u00e9tendre consid\u00e9rablement votre client\u00e8le et d&rsquo;atteindre efficacement un public plus large. De plus, son interface conviviale et sa configuration simple en font un excellent choix pour les propri\u00e9taires de sites Web assaisonn\u00e9s et inexp\u00e9riment\u00e9s. En outre, le plugin poss\u00e8de des fonctionnalit\u00e9s de s\u00e9curit\u00e9 avanc\u00e9es qui garantissent la s\u00e9curit\u00e9 de vos transactions, associ\u00e9e \u00e0 un support client fiable qui r\u00e9pond rapidement \u00e0 toutes les questions ou pr\u00e9occupations que vous pourriez avoir. En substance, le plugin de paiement de crypto-monnaie Cryptoniq pr\u00e9sente un outil tr\u00e8s pratique et remarquablement efficace pour les personnes cherchant \u00e0 incorporer des paiements de crypto-monnaie dans leur site Web WordPress.<\/p>\n<ul>\n<li>Acceptez facilement les paiements de crypto-monnaie sur votre site Web WordPress<\/li>\n<li>Prend en charge plusieurs crypto-monnaies populaires, notamment Bitcoin, Ethereum, Litecoin, etc.<\/li>\n<li>Aucun frais de transaction ou frais cach\u00e9s, contrairement aux passerelles de paiement traditionnelles<\/li>\n<li>Transactions hautement s\u00e9curis\u00e9es et crypt\u00e9es, assurant la s\u00e9curit\u00e9 de vous et de vos clients<\/li>\n<li>Processus d&rsquo;installation et de configuration simple, sans comp\u00e9tences de codage ou techniques requises<\/li>\n<li>Boutons et formulaires de paiement personnalisables pour correspondre \u00e0 l&rsquo;apparence de votre site Web<\/li>\n<li>La conversion en temps r\u00e9el vous permet de recevoir des paiements dans votre devise locale<\/li>\n<li>Compatible avec les plugins de commerce \u00e9lectronique populaires comme WooCommerce et les t\u00e9l\u00e9chargements num\u00e9riques faciles<\/li>\n<li>Documentation compl\u00e8te et support client disponible pour vous aider \u00e0 chaque \u00e9tape du chemin<\/li>\n<li>Une solution de paiement fiable et fiable pour les entreprises de toutes tailles, des petites startups aux grandes entreprises<\/li>\n<\/ul>\n","protected":false},"excerpt":{"rendered":"<p>D\u00e9couvrez l&rsquo;avenir des transactions en ligne avec le plugin de paiement de crypto-monnaie Cryptoniq pour WordPress. Ce plugin innovant vous permet d&rsquo;int\u00e9grer les paiements de crypto-monnaie de mani\u00e8re transparente dans votre site Web WordPress, offrant une solution de paiement rapide, s\u00e9curis\u00e9e et d\u00e9centralis\u00e9e. Avec Cryptoniq, vous pouvez accepter une vari\u00e9t\u00e9 de crypto-monnaies populaires, notamment Bitcoin, Ethereum, Litecoin et Dogecoin, donnant \u00e0 vos clients plus de flexibilit\u00e9 et de contr\u00f4le sur leurs transactions. Facile \u00e0 installer et \u00e0 configurer, le plugin est parfait pour les amateurs de crypto et les d\u00e9butants. Il utilise une technologie de paiement direct unique, en contournant les services tiers et en transf\u00e9rant des pi\u00e8ces directement des clients vers votre portefeuille, en assurant des transactions imm\u00e9diates et s\u00fbres. Stimulez votre entreprise en ligne avec le plugin de paiement de crypto-monnaie Cryptoniq pour WordPress.<\/p>\n","protected":false},"featured_media":143448,"comment_status":"open","ping_status":"open","template":"","meta":[],"product_brand":[2435],"product_cat":[1189,1181,1186],"product_tag":[1231],"class_list":{"0":"post-113335","1":"product","2":"type-product","3":"status-publish","4":"has-post-thumbnail","6":"product_brand-codecanyon","7":"product_cat-personnalisation","8":"product_cat-plugins","9":"product_cat-wordpress-plugins","10":"product_tag-codecanyon","11":"member-discount","12":"discount-restricted","14":"first","15":"instock","16":"sale","17":"downloadable","18":"virtual","19":"sold-individually","20":"purchasable","21":"product-type-simple"},"_links":{"self":[{"href":"https:\/\/gpl-love.com\/fr\/wp-json\/wp\/v2\/product\/113335","targetHints":{"allow":["GET"]}}],"collection":[{"href":"https:\/\/gpl-love.com\/fr\/wp-json\/wp\/v2\/product"}],"about":[{"href":"https:\/\/gpl-love.com\/fr\/wp-json\/wp\/v2\/types\/product"}],"replies":[{"embeddable":true,"href":"https:\/\/gpl-love.com\/fr\/wp-json\/wp\/v2\/comments?post=113335"}],"wp:featuredmedia":[{"embeddable":true,"href":"https:\/\/gpl-love.com\/fr\/wp-json\/wp\/v2\/media\/143448"}],"wp:attachment":[{"href":"https:\/\/gpl-love.com\/fr\/wp-json\/wp\/v2\/media?parent=113335"}],"wp:term":[{"taxonomy":"product_brand","embeddable":true,"href":"https:\/\/gpl-love.com\/fr\/wp-json\/wp\/v2\/product_brand?post=113335"},{"taxonomy":"product_cat","embeddable":true,"href":"https:\/\/gpl-love.com\/fr\/wp-json\/wp\/v2\/product_cat?post=113335"},{"taxonomy":"product_tag","embeddable":true,"href":"https:\/\/gpl-love.com\/fr\/wp-json\/wp\/v2\/product_tag?post=113335"}],"curies":[{"name":"wp","href":"https:\/\/api.w.org\/{rel}","templated":true}]}}