{"id":113333,"date":"2023-11-21T00:00:00","date_gmt":"2023-11-20T23:00:00","guid":{"rendered":"http:\/\/gpl-love.com\/fr\/produit\/fildisi-responsive-multi-purpose-wordpress-theme\/"},"modified":"2026-03-20T23:05:46","modified_gmt":"2026-03-20T22:05:46","slug":"fildisi-responsive-multi-purpose-wordpress-theme","status":"publish","type":"product","link":"https:\/\/gpl-love.com\/fr\/produit\/fildisi-responsive-multi-purpose-wordpress-theme\/","title":{"rendered":"Fildisi Responsive Multi-Purpose WordPress Theme 2.5.0"},"content":{"rendered":"<h3>Fildisi Responsive Multi-Purpose WordPress Theme Traits<\/h3>\n<p>Le th\u00e8me WordPress polyvalent r\u00e9actif \u00e0 Fildisi est un outil incroyablement polyvalent et exceptionnellement puissant qui a \u00e9t\u00e9 con\u00e7u de mani\u00e8re experte pour r\u00e9pondre aux exigences diverses et uniques des professionnels cr\u00e9atifs, des entreprises et des personnes qui cherchent \u00e0 \u00e9tablir une pr\u00e9sence en ligne vraiment professionnelle et visuellement \u00e9tonnante. Avec son interface tr\u00e8s conviviale et un \u00e9ventail d&rsquo;options de personnalisation int\u00e9gr\u00e9es de mani\u00e8re transparente, Fildisi permet aux utilisateurs de fa\u00e7onner sans effort un site Web unique en son genre qui est tenu de captiver et de saisir leur public cible. De plus, le th\u00e8me poss\u00e8de une r\u00e9activit\u00e9 compl\u00e8te, garantissant que votre site Web d\u00e9gagera d&rsquo;importance et de performances optimales, quelle que soit la taille de l&rsquo;appareil ou de l&rsquo;\u00e9cran \u00e0 partir de laquelle il est accessible. Pour simplifier davantage le processus de cr\u00e9ation du site Web, Fildisi s&rsquo;accompagne d&rsquo;une vaste collection de mod\u00e8les et de widgets m\u00e9ticuleusement con\u00e7us, dominant les utilisateurs avec la capacit\u00e9 d&rsquo;incorporer de mani\u00e8re transparente des fonctionnalit\u00e9s indispensables telles que les formulaires de contact, les liens des m\u00e9dias sociaux et les galeries d&rsquo;images. Que vous soyez un blogueur passionn\u00e9, un entrepreneur visionnaire ou un propri\u00e9taire de magasin en ligne astucieux, la flexibilit\u00e9 illimit\u00e9e et les fonctionnalit\u00e9s in\u00e9gal\u00e9es offertes par Fildisi r\u00e9actives \u00e0 plusieurs usines vous pr\u00e9sentent l&rsquo;opportunit\u00e9 unique de distinguer sans effort votre site Web du site Web du site Web du site Web du site Web du site Web du site Web du site Web du site Web sans effort du site Web du site Web du site Web du Web Vate mer de concurrents, cimentant ainsi votre pr\u00e9sence en ligne comme vraiment extraordinaire.<\/p>\n<ul>\n<li>Th\u00e8me WordPress hautement personnalisable et polyvalent adapt\u00e9 \u00e0 diverses industries et sites Web<\/li>\n<li>Design \u00e9tonnant et moderne en mettant l&rsquo;accent sur l&rsquo;exp\u00e9rience utilisateur et la convivialit\u00e9<\/li>\n<li>Enti\u00e8rement r\u00e9actif et adapt\u00e9 aux mobiles, assurant une vision parfaite sur tous les appareils<\/li>\n<li>Compatible avec les plugins et widgets WordPress populaires, expansion des options de fonctionnalit\u00e9<\/li>\n<li>Panneau d&rsquo;options de th\u00e8me avanc\u00e9 pour une personnalisation et une marque faciles<\/li>\n<li>Multipliers options de t\u00eate et de pied de page personnalisables pour garantir l&rsquo;unicit\u00e9 du site Web<\/li>\n<li>Sites et mod\u00e8les de d\u00e9monstration pr\u00e9d\u00e9finis pour une configuration de site Web rapide et facile<\/li>\n<li>Code de haute qualit\u00e9 et propre pour les performances rapides et les classements optimis\u00e9s des moteurs de recherche<\/li>\n<li>Excellent support client et mises \u00e0 jour r\u00e9guli\u00e8res pour l&rsquo;am\u00e9lioration du th\u00e8me continu<\/li>\n<li>Pr\u00e9par\u00e9 pour la traduction avec la prise en charge du langage RTL pour Global Reach.<\/li>\n<\/ul>\n","protected":false},"excerpt":{"rendered":"<p>Fildisi, un th\u00e8me WordPress polyvalent incroyablement polyvalent et tr\u00e8s r\u00e9actif, s&rsquo;av\u00e8re \u00eatre un choix impeccable pour tout type de site Web. Que votre intention soit d&rsquo;\u00e9tablir un blog intrigant, un portefeuille accrocheur ou un site Web d&rsquo;entreprise prosp\u00e8re, Fildisi propose une vaste gamme de fonctionnalit\u00e9s et d&rsquo;outils pour vous aider \u00e0 cr\u00e9er une pr\u00e9sence en ligne exceptionnelle. Son design \u00e9l\u00e9gant et contemporain, associ\u00e9 \u00e0 son constructeur de pages convivial et \u00e0 ses options personnalisables, simplifie non seulement le processus de cr\u00e9ation d&rsquo;un site Web, mais garantit \u00e9galement qu&rsquo;il brillera au milieu des concurrents. De plus, la r\u00e9activit\u00e9 compl\u00e8te de Fildisi garantit que votre site Web semblera \u00e9tonnamment attrayant sur n&rsquo;importe quel appareil, que ce soit un ordinateur de bureau ou un t\u00e9l\u00e9phone mobile. Quel que soit votre niveau d&rsquo;expertise, qu&rsquo;il s&rsquo;agisse d&rsquo;un novice ou d&rsquo;un expert, Fildisi est ind\u00e9niablement comme un choix exemplaire qui vous aidera \u00e0 r\u00e9aliser vos aspirations en ligne.<\/p>\n","protected":false},"featured_media":143861,"comment_status":"open","ping_status":"open","template":"","meta":[],"product_brand":[2433],"product_cat":[1214,1212,1213],"product_tag":[1366],"class_list":{"0":"post-113333","1":"product","2":"type-product","3":"status-publish","4":"has-post-thumbnail","6":"product_brand-themeforest","7":"product_cat-polyvalent","8":"product_cat-themes","9":"product_cat-wordpress-themes","10":"product_tag-themeforest","11":"member-discount","12":"discount-restricted","14":"first","15":"instock","16":"sale","17":"downloadable","18":"virtual","19":"sold-individually","20":"purchasable","21":"product-type-simple"},"_links":{"self":[{"href":"https:\/\/gpl-love.com\/fr\/wp-json\/wp\/v2\/product\/113333","targetHints":{"allow":["GET"]}}],"collection":[{"href":"https:\/\/gpl-love.com\/fr\/wp-json\/wp\/v2\/product"}],"about":[{"href":"https:\/\/gpl-love.com\/fr\/wp-json\/wp\/v2\/types\/product"}],"replies":[{"embeddable":true,"href":"https:\/\/gpl-love.com\/fr\/wp-json\/wp\/v2\/comments?post=113333"}],"wp:featuredmedia":[{"embeddable":true,"href":"https:\/\/gpl-love.com\/fr\/wp-json\/wp\/v2\/media\/143861"}],"wp:attachment":[{"href":"https:\/\/gpl-love.com\/fr\/wp-json\/wp\/v2\/media?parent=113333"}],"wp:term":[{"taxonomy":"product_brand","embeddable":true,"href":"https:\/\/gpl-love.com\/fr\/wp-json\/wp\/v2\/product_brand?post=113333"},{"taxonomy":"product_cat","embeddable":true,"href":"https:\/\/gpl-love.com\/fr\/wp-json\/wp\/v2\/product_cat?post=113333"},{"taxonomy":"product_tag","embeddable":true,"href":"https:\/\/gpl-love.com\/fr\/wp-json\/wp\/v2\/product_tag?post=113333"}],"curies":[{"name":"wp","href":"https:\/\/api.w.org\/{rel}","templated":true}]}}