{"id":113331,"date":"2025-08-25T00:00:00","date_gmt":"2025-08-24T22:00:00","guid":{"rendered":"http:\/\/gpl-love.com\/fr\/produit\/iva-beauty-store-cosmetics-shop\/"},"modified":"2026-03-20T23:20:37","modified_gmt":"2026-03-20T22:20:37","slug":"iva-beauty-store-cosmetics-shop","status":"publish","type":"product","link":"https:\/\/gpl-love.com\/fr\/produit\/iva-beauty-store-cosmetics-shop\/","title":{"rendered":"Iva Beauty Store Cosmetics Shop 3.6"},"content":{"rendered":"<h3>Iva Beauty Store Cosmetics Shop Traits<\/h3>\n<p>Iva Beauty Store Cosmetics Shop, un \u00e9tablissement exceptionnel, sert de destination ultime pour toutes vos exigences de beaut\u00e9. Notre magasin poss\u00e8de un vaste assortiment de cosm\u00e9tiques de haut niveau qui s&rsquo;adressent \u00e0 un \u00e9ventail de types de peau, de tons et de textures. Notre s\u00e9lection compl\u00e8te englobe tout, des \u00e9l\u00e9ments essentiels des soins de la peau aux produits de maquillage exquis, en veillant \u00e0 ce que tous vos besoins de beaut\u00e9 soient couverts. M\u00e9ticuleusement organis\u00e9s des meilleures marques du march\u00e9, nos produits garantissent un niveau de qualit\u00e9 et d&rsquo;efficacit\u00e9 in\u00e9gal\u00e9. Vous vous d\u00e9veloppiez de comprendre notre large gamme d&rsquo;options, y compris une vaste vari\u00e9t\u00e9 de fondations, de correcteurs, de rouges \u00e0 l\u00e8vres, de fards \u00e0 paupi\u00e8res et bien plus encore. De plus, notre personnel tr\u00e8s comp\u00e9tent est facilement disponible pour fournir une assistance inestimable pour trouver les produits parfaits qui accentueront non seulement votre beaut\u00e9 naturelle mais inculqueront \u00e9galement un sentiment de confiance en vous. Que vous recherchiez une nouvelle routine de soins de la peau et revitalisant, une teinte audacieuse audacieuse et dynamique, ou simplement des conseils d&rsquo;experts, nous vous invitons \u00e0 rendre visite \u00e0 la boutique de cosm\u00e9tiques du magasin de beaut\u00e9 IVA, o\u00f9 nous sommes impatients de vous aider \u00e0 \u00e9lever votre beaut\u00e9 \u00e0 de nouveaux sommets .<\/p>\n<ul>\n<li>Une large gamme de produits de cosm\u00e9tiques de haute qualit\u00e9<\/li>\n<li>Articles \u00e0 la mode et \u00e0 la mode<\/li>\n<li>Prix \u200b\u200bcomp\u00e9titifs par rapport aux autres magasins de beaut\u00e9<\/li>\n<li>Personnel utile et comp\u00e9tent qui fournit des recommandations personnalis\u00e9es<\/li>\n<li>Un design de magasin propre et \u00e9l\u00e9gant qui am\u00e9liore l&rsquo;exp\u00e9rience d&rsquo;achat<\/li>\n<li>Options \u00e9cologiques et v\u00e9g\u00e9taliennes disponibles pour les consommateurs conscients<\/li>\n<li>Des marques fiables et bien connues comme NARS, Mac, Clinique, et plus encore<\/li>\n<li>Emplacement et heures pratiques pour un acc\u00e8s facile<\/li>\n<li>Exp\u00e9rience d&rsquo;achat en ligne facile et sans tracas<\/li>\n<li>Promotions r\u00e9guli\u00e8res, remises et offres sp\u00e9ciales pour les clients fid\u00e8les.<\/li>\n<\/ul>\n","protected":false},"excerpt":{"rendered":"<p>Embarquez dans un voyage enchanteur dans le royaume de la beaut\u00e9 \u00e0 travers le royaume captivant de la boutique de cosm\u00e9tiques du magasin de beaut\u00e9 Iva, o\u00f9 une myriade de produits de maquillage opulents et de rem\u00e8des de soin s\u00e9duisant vous attendent. Avec une vaste s\u00e9lection d&rsquo;essentiels de beaut\u00e9 premium m\u00e9ticuleusement organis\u00e9s pour \u00e9lever votre rayonnement inn\u00e9, notre emporium en ligne poss\u00e8de une interface conviviale pour une navigation sans effort. Impeccablement formul\u00e9s avec le plus grand soin, nos produits poss\u00e8dent un \u00e9ventail d&rsquo;ingr\u00e9dients exquis qui convergent harmonieusement pour vous accorder un visage impeccable. Pr\u00e9parez-vous \u00e0 d\u00e9gager de l&rsquo;assurance et \u00e0 vous d\u00e9lecter de votre allure inh\u00e9rente alors que vous vous gr\u00e2cez avec la splendeur de la boutique de cosm\u00e9tiques du magasin de beaut\u00e9 Iva.<\/p>\n","protected":false},"featured_media":144252,"comment_status":"open","ping_status":"open","template":"","meta":[],"product_brand":[2433],"product_cat":[1242,1212,1213],"product_tag":[1366],"class_list":{"0":"post-113331","1":"product","2":"type-product","3":"status-publish","4":"has-post-thumbnail","6":"product_brand-themeforest","7":"product_cat-creatif","8":"product_cat-themes","9":"product_cat-wordpress-themes","10":"product_tag-themeforest","11":"member-discount","12":"discount-restricted","14":"first","15":"instock","16":"sale","17":"downloadable","18":"virtual","19":"sold-individually","20":"purchasable","21":"product-type-simple"},"_links":{"self":[{"href":"https:\/\/gpl-love.com\/fr\/wp-json\/wp\/v2\/product\/113331","targetHints":{"allow":["GET"]}}],"collection":[{"href":"https:\/\/gpl-love.com\/fr\/wp-json\/wp\/v2\/product"}],"about":[{"href":"https:\/\/gpl-love.com\/fr\/wp-json\/wp\/v2\/types\/product"}],"replies":[{"embeddable":true,"href":"https:\/\/gpl-love.com\/fr\/wp-json\/wp\/v2\/comments?post=113331"}],"wp:featuredmedia":[{"embeddable":true,"href":"https:\/\/gpl-love.com\/fr\/wp-json\/wp\/v2\/media\/144252"}],"wp:attachment":[{"href":"https:\/\/gpl-love.com\/fr\/wp-json\/wp\/v2\/media?parent=113331"}],"wp:term":[{"taxonomy":"product_brand","embeddable":true,"href":"https:\/\/gpl-love.com\/fr\/wp-json\/wp\/v2\/product_brand?post=113331"},{"taxonomy":"product_cat","embeddable":true,"href":"https:\/\/gpl-love.com\/fr\/wp-json\/wp\/v2\/product_cat?post=113331"},{"taxonomy":"product_tag","embeddable":true,"href":"https:\/\/gpl-love.com\/fr\/wp-json\/wp\/v2\/product_tag?post=113331"}],"curies":[{"name":"wp","href":"https:\/\/api.w.org\/{rel}","templated":true}]}}