{"id":113329,"date":"2025-11-30T00:00:00","date_gmt":"2025-11-29T23:00:00","guid":{"rendered":"http:\/\/gpl-love.com\/fr\/produit\/woocommerce-boost-sales-upsells-and-cross-sells-popups-and-discount\/"},"modified":"2026-03-20T23:44:38","modified_gmt":"2026-03-20T22:44:38","slug":"woocommerce-boost-sales-upsells-and-cross-sells-popups-and-discount","status":"publish","type":"product","link":"https:\/\/gpl-love.com\/fr\/produit\/woocommerce-boost-sales-upsells-and-cross-sells-popups-and-discount\/","title":{"rendered":"WooCommerce Boost Sales Upsells et Cross Sells Popups et Discount 1.6.3"},"content":{"rendered":"<h3>WooCommerce Boost Sales Upsells et Cross Sells Popups et Discount Traits<\/h3>\n<p>Le WooCommerce Boost Sales Upsells and Cross vend des fen\u00eatres contextuelles et une remise est un outil incroyablement robuste et tr\u00e8s efficace qui joue un r\u00f4le central dans l&rsquo;aide aux propri\u00e9taires de magasins en ligne \u00e0 augmenter leurs revenus de vente. Sa fonction principale consiste \u00e0 fournir aux clients des recommandations pr\u00e9cieuses de vense et de ventes crois\u00e9es, revigorant ainsi leur comportement d&rsquo;achat. En g\u00e9n\u00e9rant des popups visuellement attrayants, ce plugin pr\u00e9sente sans effort une pl\u00e9thore de produits pertinents et compl\u00e9mentaires qui s&rsquo;alignent sur les int\u00e9r\u00eats des clients, les incitant \u00e0 explorer davantage. En outre, la fourniture de remises s\u00e9duisantes pour chaque transaction est une incitation convaincante pour les clients \u00e0 s&rsquo;engager dans des efforts d&rsquo;achat plus \u00e9tendus. En outre, le plugin offre l&rsquo;avantage inestimable de permettre aux propri\u00e9taires de magasins en ligne de personnaliser de mani\u00e8re transparente l&rsquo;apparence des popups, d&rsquo;assurer une int\u00e9gration transparente avec le th\u00e8me g\u00e9n\u00e9ral et la conception de leurs sites Web. En fin de compte, ce plugin offre une approche simpliste mais tr\u00e8s percutante pour amplifier les chiffres de vente, tout en fournissant simultan\u00e9ment un service client exceptionnel.<\/p>\n<ul>\n<li>Boostez vos ventes WooCommerce avec des fen\u00eatres efficaces et des fen\u00eatres crois\u00e9es<\/li>\n<li>Augmentez vos revenus de vente en sugg\u00e9rant des produits compl\u00e9mentaires \u00e0 vos clients<\/li>\n<li>Cr\u00e9er des fen\u00eatres contextuelles personnalisables qui mettent en \u00e9vidence des remises et des offres sp\u00e9ciales<\/li>\n<li>Motiver vos clients \u00e0 acheter plus en pr\u00e9sentant des recommandations cibl\u00e9es<\/li>\n<li>Configurez facilement les fen\u00eatres contextuelles \u00e0 afficher sur des pages sp\u00e9cifiques ou pour des cat\u00e9gories de produits sp\u00e9cifiques<\/li>\n<li>Stimulez l&rsquo;engagement et la r\u00e9tention de votre client en adaptant vos popups \u00e0 votre public<\/li>\n<li>Profitez d&rsquo;une interface conviviale et d&rsquo;une conception intuitive, sans codage requis<\/li>\n<li>G\u00e9n\u00e9rez des rapports d\u00e9taill\u00e9s sur les performances popup pour optimiser votre strat\u00e9gie de vente<\/li>\n<li>B\u00e9n\u00e9ficier d&rsquo;une int\u00e9gration transparente avec WooCommerce, vous faisant gagner du temps et des tracas<\/li>\n<li>Rejoignez les rangs de clients satisfaits qui ont r\u00e9ussi \u00e0 augmenter leurs ventes avec ce plugin.<\/li>\n<\/ul>\n","protected":false},"excerpt":{"rendered":"<p>WooCommerce Boost Sales, un outil de marketing exceptionnellement robuste, sert de moyen efficace pour propulser les ventes et amplifier les revenus. En utilisant des ventes \u00e9lev\u00e9es et des fen\u00eatres crois\u00e9es, cet outil vous permet de proposer des clients avec des produits qui compl\u00e8tent ou \u00e9l\u00e8vent leurs achats principaux \u00e0 un moment opportun. De plus, la fourniture d&rsquo;alternatives de r\u00e9duction sert d&rsquo;incitation puissante pour les clients, les encourageant effectivement \u00e0 poursuivre une transaction. L&rsquo;installation de ce plugin est un jeu d&rsquo;enfant, et son int\u00e9gration avec votre magasin WooCommerce est parfaitement transparente. Offrez des adieux aux perspectives de vente gaspill\u00e9es et en accueillant cordialement une rentabilit\u00e9 accrue gracieuset\u00e9 des ventes de WooCommerce Boost!<\/p>\n","protected":false},"featured_media":145817,"comment_status":"open","ping_status":"open","template":"","meta":[],"product_brand":[2435],"product_cat":[1200,1182,1181],"product_tag":[1231],"class_list":{"0":"post-113329","1":"product","2":"type-product","3":"status-publish","4":"has-post-thumbnail","6":"product_brand-codecanyon","7":"product_cat-commercialisation","8":"product_cat-commerce-electronique-plugins","9":"product_cat-plugins","10":"product_tag-codecanyon","11":"member-discount","12":"discount-restricted","14":"first","15":"instock","16":"sale","17":"downloadable","18":"virtual","19":"sold-individually","20":"purchasable","21":"product-type-simple"},"_links":{"self":[{"href":"https:\/\/gpl-love.com\/fr\/wp-json\/wp\/v2\/product\/113329","targetHints":{"allow":["GET"]}}],"collection":[{"href":"https:\/\/gpl-love.com\/fr\/wp-json\/wp\/v2\/product"}],"about":[{"href":"https:\/\/gpl-love.com\/fr\/wp-json\/wp\/v2\/types\/product"}],"replies":[{"embeddable":true,"href":"https:\/\/gpl-love.com\/fr\/wp-json\/wp\/v2\/comments?post=113329"}],"wp:featuredmedia":[{"embeddable":true,"href":"https:\/\/gpl-love.com\/fr\/wp-json\/wp\/v2\/media\/145817"}],"wp:attachment":[{"href":"https:\/\/gpl-love.com\/fr\/wp-json\/wp\/v2\/media?parent=113329"}],"wp:term":[{"taxonomy":"product_brand","embeddable":true,"href":"https:\/\/gpl-love.com\/fr\/wp-json\/wp\/v2\/product_brand?post=113329"},{"taxonomy":"product_cat","embeddable":true,"href":"https:\/\/gpl-love.com\/fr\/wp-json\/wp\/v2\/product_cat?post=113329"},{"taxonomy":"product_tag","embeddable":true,"href":"https:\/\/gpl-love.com\/fr\/wp-json\/wp\/v2\/product_tag?post=113329"}],"curies":[{"name":"wp","href":"https:\/\/api.w.org\/{rel}","templated":true}]}}