{"id":113325,"date":"2025-10-21T00:00:00","date_gmt":"2025-10-20T22:00:00","guid":{"rendered":"http:\/\/gpl-love.com\/fr\/produit\/xforwoocommerce\/"},"modified":"2026-03-20T23:52:24","modified_gmt":"2026-03-20T22:52:24","slug":"xforwoocommerce","status":"publish","type":"product","link":"https:\/\/gpl-love.com\/fr\/produit\/xforwoocommerce\/","title":{"rendered":"X pour WooCommerce 2.2.3"},"content":{"rendered":"<h3>X pour WooCommerce Traits<\/h3>\n<p>X est un plugin incroyablement robuste et efficace m\u00e9ticuleusement con\u00e7u pour \u00e9lever et amplifier les performances et les capacit\u00e9s de votre estimation de la boutique WooCommerce. B\u00e9n\u00e9ficiant d&rsquo;un vaste r\u00e9pertoire de myriades de fonctionnalit\u00e9s de pointe et d&rsquo;un \u00e9ventail d&rsquo;options m\u00e9ticuleusement adapt\u00e9es, X vous permet de rationaliser et d&rsquo;am\u00e9liorer sans effort chaque facette des op\u00e9rations complexes de votre magasin, tout en optimisant et en maximisant simultan\u00e9ment votre potentiel de vente inestimable. De l&rsquo;acc\u00e9l\u00e9ration et de l&rsquo;am\u00e9lioration du processus de paiement \u00e0 la gestion et \u00e0 la manipulation habilement des variations et des stocks de produits avec une dext\u00e9rit\u00e9 et une finesse in\u00e9gal\u00e9es, X englobe et r\u00e9sume sans \u00e9quivoque tous les aspects et la croissance inquiets pour catapulter efficacement votre magasin dans les domaines stratosph\u00e9riques du succ\u00e8s et de la croissance sans pr\u00e9cision. Que vous soyez un propri\u00e9taire entreprenant de petites entreprises ou un g\u00e9ant du commerce \u00e9lectronique Titanic, X est une solution immacul\u00e9e et in\u00e9gal\u00e9e sur le point de r\u00e9pondre et de r\u00e9aliser toutes vos exigences et exigences de WooCommerce avec une efficacit\u00e9 \u00e0 couper le souffle et une finesse sans pr\u00e9c\u00e9dent. Par cons\u00e9quent, il est sans \u00e9quivoque conseill\u00e9 de saisir cette opportunit\u00e9 en or sans autre ADO et de vous familiariser rapidement avec les prouesses impressionnantes et la puissance transformatrice d&rsquo;une boutique en ligne vraiment optimis\u00e9e en embrassant et en mettant sans aucun doute les capacit\u00e9s ph\u00e9nom\u00e9nales et indomptables de X sans d\u00e9lai.<\/p>\n<ul>\n<li>Int\u00e9gration avec la plate-forme WooCommerce<\/li>\n<li>Processus de gestion des commandes rationalis\u00e9e<\/li>\n<li>Synchronisation automatis\u00e9e des donn\u00e9es pour les transactions transparentes<\/li>\n<li>Champs d&rsquo;entr\u00e9e de produit personnalisables<\/li>\n<li>Interface conviviale pour une saisie de donn\u00e9es faciles<\/li>\n<li>Augmente l&rsquo;efficacit\u00e9 et r\u00e9duit les erreurs<\/li>\n<li>Prend en charge diverses passerelles de paiement<\/li>\n<li>Compatible avec les plateformes de commerce \u00e9lectronique populaires<\/li>\n<li>Simplifie la gestion des stocks<\/li>\n<li>G\u00e9n\u00e8re des rapports et des analyses d\u00e9taill\u00e9es<\/li>\n<li>Am\u00e9liore l&rsquo;exp\u00e9rience client globale.<\/li>\n<\/ul>\n","protected":false},"excerpt":{"rendered":"<p>Entr\u00e9e: X pour WooCommerce est un plugin tr\u00e8s sophistiqu\u00e9 et de pointe qui int\u00e8gre de mani\u00e8re transparente un g\u00e9n\u00e9rateur de formulaires extr\u00eamement robuste et efficace dans le cadre de votre magasin WooCommerce. En tirant parti de la puissance de l&rsquo;entr\u00e9e: X, vous gagnez la capacit\u00e9 de fabriquer sans effort des formes sur mesure sp\u00e9cialement con\u00e7ues pour r\u00e9pondre \u00e0 une multitude d&rsquo;objectifs, y compris, mais sans s&rsquo;y limiter, la facilitation des commandes de produits rationalis\u00e9es et la gestion efficace des demandes des clients. Ce plugin remarquable englobe une vaste gamme de fonctionnalit\u00e9s remarquables et in\u00e9gal\u00e9es, telles que l&rsquo;impl\u00e9mentation de la logique conditionnelle, la fourniture de formulaires de plusieurs pages, et m\u00eame l&rsquo;inclusion de champs de t\u00e9l\u00e9chargement de fichiers, vous offrant ainsi un niveau de flexibilit\u00e9 in\u00e9gal\u00e9 lorsqu&rsquo;il s&rsquo;agit de fichiers pour cr\u00e9er des formes complexes, mais remarquablement conviviales. Avec les capacit\u00e9s remarquables offertes par la contribution: X pour WooCommerce, vous \u00eates pr\u00eat \u00e0 am\u00e9liorer consid\u00e9rablement la fonctionnalit\u00e9 globale de votre site Web, ce qui a finalement entra\u00een\u00e9 une exp\u00e9rience client consid\u00e9rablement am\u00e9lior\u00e9e pour vos visiteurs estim\u00e9s.<\/p>\n","protected":false},"featured_media":146324,"comment_status":"open","ping_status":"open","template":"","meta":[],"product_brand":[2435],"product_cat":[1182,1223,1181],"product_tag":[1231],"class_list":{"0":"post-113325","1":"product","2":"type-product","3":"status-publish","4":"has-post-thumbnail","6":"product_brand-codecanyon","7":"product_cat-commerce-electronique-plugins","8":"product_cat-personnalisation-commerce-electronique-plugins","9":"product_cat-plugins","10":"product_tag-codecanyon","11":"member-discount","12":"discount-restricted","14":"first","15":"instock","16":"sale","17":"downloadable","18":"virtual","19":"sold-individually","20":"purchasable","21":"product-type-simple"},"_links":{"self":[{"href":"https:\/\/gpl-love.com\/fr\/wp-json\/wp\/v2\/product\/113325","targetHints":{"allow":["GET"]}}],"collection":[{"href":"https:\/\/gpl-love.com\/fr\/wp-json\/wp\/v2\/product"}],"about":[{"href":"https:\/\/gpl-love.com\/fr\/wp-json\/wp\/v2\/types\/product"}],"replies":[{"embeddable":true,"href":"https:\/\/gpl-love.com\/fr\/wp-json\/wp\/v2\/comments?post=113325"}],"wp:featuredmedia":[{"embeddable":true,"href":"https:\/\/gpl-love.com\/fr\/wp-json\/wp\/v2\/media\/146324"}],"wp:attachment":[{"href":"https:\/\/gpl-love.com\/fr\/wp-json\/wp\/v2\/media?parent=113325"}],"wp:term":[{"taxonomy":"product_brand","embeddable":true,"href":"https:\/\/gpl-love.com\/fr\/wp-json\/wp\/v2\/product_brand?post=113325"},{"taxonomy":"product_cat","embeddable":true,"href":"https:\/\/gpl-love.com\/fr\/wp-json\/wp\/v2\/product_cat?post=113325"},{"taxonomy":"product_tag","embeddable":true,"href":"https:\/\/gpl-love.com\/fr\/wp-json\/wp\/v2\/product_tag?post=113325"}],"curies":[{"name":"wp","href":"https:\/\/api.w.org\/{rel}","templated":true}]}}