{"id":113312,"date":"2025-12-04T00:00:00","date_gmt":"2025-12-03T23:00:00","guid":{"rendered":"http:\/\/gpl-love.com\/fr\/produit\/custom-user-registration-fields-for-woocommerce\/"},"modified":"2026-03-20T23:00:21","modified_gmt":"2026-03-20T22:00:21","slug":"custom-user-registration-fields-for-woocommerce","status":"publish","type":"product","link":"https:\/\/gpl-love.com\/fr\/produit\/custom-user-registration-fields-for-woocommerce\/","title":{"rendered":"Custom User Registration Fields pour WooCommerce 2.2.0"},"content":{"rendered":"<h3>Custom User Registration Fields pour WooCommerce Traits<\/h3>\n<p>Les champs d&rsquo;enregistrement des utilisateurs personnalis\u00e9s pour le plugin WooCommerce sert de ressource pr\u00e9cieuse pour les propri\u00e9taires de magasins en ligne cherchant \u00e0 augmenter leur formulaire d&rsquo;enregistrement. Avec ce plugin, les propri\u00e9taires de magasins peuvent incorporer sans effort des champs suppl\u00e9mentaires dans leur processus d&rsquo;enregistrement, permettant la collecte d&rsquo;informations cruciales telles que les dates de naissance, les poign\u00e9es des m\u00e9dias sociaux et les noms d&rsquo;entreprise. En mettant en \u0153uvre ces domaines suppl\u00e9mentaires, les propri\u00e9taires de magasins acqui\u00e8rent une compr\u00e9hension plus approfondie de leurs clients, leur permettant d&rsquo;adapter leurs efforts de marketing plus efficacement. L&rsquo;installation et la personnalisation de ce plugin sont simples, ce qui en fait un choix id\u00e9al pour les entreprises visant \u00e0 am\u00e9liorer leur processus d&rsquo;enregistrement. En outre, ce plugin s&rsquo;int\u00e8gre de mani\u00e8re transparente \u00e0 tous les th\u00e8mes WooCommerce et fonctionne harmonieusement avec d&rsquo;autres plugins, garantissant la compatibilit\u00e9 sur plusieurs plates-formes. En r\u00e9sum\u00e9, les champs d&rsquo;enregistrement des utilisateurs personnalis\u00e9s pour le plugin WooCommerce sont un outil essentiel pour les entreprises en ligne engag\u00e9s \u00e0 am\u00e9liorer l&rsquo;exp\u00e9rience client et \u00e0 \u00e9tendre leur client\u00e8le.<\/p>\n<ul>\n<li>Permet d&rsquo;ajouter des champs d&rsquo;enregistrement des utilisateurs personnalis\u00e9s \u00e0 votre magasin WooCommerce<\/li>\n<li>Collecter facilement des informations suppl\u00e9mentaires aupr\u00e8s de vos clients lors de l&rsquo;inscription<\/li>\n<li>Prend en charge les champs de texte standard et les menus d\u00e9roulants pr\u00e9d\u00e9finis<\/li>\n<li>Interface conviviale pour l&rsquo;ajout et l&rsquo;\u00e9dition de champs personnalis\u00e9s<\/li>\n<li>Les champs personnalis\u00e9s peuvent \u00eatre fabriqu\u00e9s requis ou facultatifs<\/li>\n<li>Compatible avec tous les th\u00e8mes et extensions WooCommerce<\/li>\n<li>Int\u00e9gration avec des constructeurs de page WordPress populaires comme Elementor et Beaver Builder<\/li>\n<li>Fournit un moyen efficace de recueillir des donn\u00e9es directement aupr\u00e8s de vos clients<\/li>\n<li>Vous aide \u00e0 cr\u00e9er une exp\u00e9rience d&rsquo;achat plus personnalis\u00e9e pour vos clients<\/li>\n<li>Am\u00e9liore votre capacit\u00e9 \u00e0 g\u00e9rer les donn\u00e9es des clients dans votre tableau de bord WooCommerce<\/li>\n<li>Facile \u00e0 installer, \u00e0 activer et \u00e0 maintenir.<\/li>\n<\/ul>\n","protected":false},"excerpt":{"rendered":"<p>Am\u00e9liorez votre plate-forme de commerce \u00e9lectronique avec nos champs d&rsquo;enregistrement des utilisateurs personnalis\u00e9s pour WooCommerce. Cet outil unique vous permet de personnaliser votre processus d&rsquo;enregistrement WooCommerce, vous donnant la possibilit\u00e9 d&rsquo;ajouter des champs personnalis\u00e9s \u00e0 votre formulaire d&rsquo;enregistrement d&rsquo;utilisateur. Cette fonctionnalit\u00e9 vous permet non seulement de collecter des informations suppl\u00e9mentaires sur vos clients, mais assure \u00e9galement une exp\u00e9rience plus conviviale pour eux. Avec ce plugin, vous pouvez rendre votre processus d&rsquo;enregistrement plus efficace et efficace, en collectant les donn\u00e9es dont vous avez besoin pour mieux comprendre et servir vos clients. Adaptez votre plate-forme WooCommerce \u00e0 vos besoins et assurez une exp\u00e9rience utilisateur fluide et rationalis\u00e9e avec nos champs d&rsquo;enregistrement des utilisateurs personnalis\u00e9s pour WooCommerce.<\/p>\n","protected":false},"featured_media":143505,"comment_status":"open","ping_status":"open","template":"","meta":[],"product_brand":[2440],"product_cat":[1182,1223,1181],"product_tag":[1398],"class_list":{"0":"post-113312","1":"product","2":"type-product","3":"status-publish","4":"has-post-thumbnail","6":"product_brand-woocommerce","7":"product_cat-commerce-electronique-plugins","8":"product_cat-personnalisation-commerce-electronique-plugins","9":"product_cat-plugins","10":"product_tag-woocommerce","11":"member-discount","12":"discount-restricted","14":"first","15":"instock","16":"sale","17":"downloadable","18":"virtual","19":"sold-individually","20":"purchasable","21":"product-type-simple"},"_links":{"self":[{"href":"https:\/\/gpl-love.com\/fr\/wp-json\/wp\/v2\/product\/113312","targetHints":{"allow":["GET"]}}],"collection":[{"href":"https:\/\/gpl-love.com\/fr\/wp-json\/wp\/v2\/product"}],"about":[{"href":"https:\/\/gpl-love.com\/fr\/wp-json\/wp\/v2\/types\/product"}],"replies":[{"embeddable":true,"href":"https:\/\/gpl-love.com\/fr\/wp-json\/wp\/v2\/comments?post=113312"}],"wp:featuredmedia":[{"embeddable":true,"href":"https:\/\/gpl-love.com\/fr\/wp-json\/wp\/v2\/media\/143505"}],"wp:attachment":[{"href":"https:\/\/gpl-love.com\/fr\/wp-json\/wp\/v2\/media?parent=113312"}],"wp:term":[{"taxonomy":"product_brand","embeddable":true,"href":"https:\/\/gpl-love.com\/fr\/wp-json\/wp\/v2\/product_brand?post=113312"},{"taxonomy":"product_cat","embeddable":true,"href":"https:\/\/gpl-love.com\/fr\/wp-json\/wp\/v2\/product_cat?post=113312"},{"taxonomy":"product_tag","embeddable":true,"href":"https:\/\/gpl-love.com\/fr\/wp-json\/wp\/v2\/product_tag?post=113312"}],"curies":[{"name":"wp","href":"https:\/\/api.w.org\/{rel}","templated":true}]}}