{"id":113310,"date":"2026-03-16T00:00:00","date_gmt":"2026-03-15T23:00:00","guid":{"rendered":"http:\/\/gpl-love.com\/fr\/produit\/divi-essential-all-in-one-creative-design-tools\/"},"modified":"2026-04-06T00:30:14","modified_gmt":"2026-04-05T22:30:14","slug":"divi-essential-all-in-one-creative-design-tools","status":"publish","type":"product","link":"https:\/\/gpl-love.com\/fr\/produit\/divi-essential-all-in-one-creative-design-tools\/","title":{"rendered":"Divi Essential All In One Creative Design Tools 5.5.0"},"content":{"rendered":"<h3>Divi Essential All In One Creative Design Tools Traits<\/h3>\n<p>Divi Essential All in One Creative Design Tools est une vaste collection d&rsquo;outils de conception qui offre aux utilisateurs une vaste gamme de possibilit\u00e9s pour cr\u00e9er des conceptions Web exquises. Ce produit remarquable est \u00e9quip\u00e9 d&rsquo;une gamme diversifi\u00e9e de fonctionnalit\u00e9s, notamment des dispositions pr\u00e9-faites personnalisables, des modules de divi et des outils sp\u00e9cialis\u00e9s qui permettent aux utilisateurs d&rsquo;\u00e9laborer rapidement et sans effort sans effort. La nature conviviale de ces outils les rend particuli\u00e8rement adapt\u00e9s aux concepteurs, aux d\u00e9veloppeurs ou aux personnes cherchant \u00e0 modeler des sites Web de qualit\u00e9 professionnelle sans n\u00e9cessiter une compr\u00e9hension approfondie du codage. En utilisant Divi Essential All dans One Creative Design Tools, les utilisateurs peuvent fa\u00e7onner des conceptions r\u00e9actives qui d\u00e9gagent l&rsquo;\u00e9clat visuel sur tous les appareils. C&rsquo;est un choix optimal pour les personnes souhaitant am\u00e9liorer leur exp\u00e9rience de conception de site Web tout en \u00e9conomisant un temps pr\u00e9cieux.<\/p>\n<ul>\n<li>Acc\u00e9dez \u00e0 une large gamme d&rsquo;outils de conception cr\u00e9atifs en un seul endroit<\/li>\n<li>Cr\u00e9ez des conceptions Web \u00e9poustouflantes avec facilit\u00e9 et vitesse<\/li>\n<li>Personnalisez votre site Web et faites-le d\u00e9marrer avec des conceptions uniques et accrocheuses<\/li>\n<li>Cr\u00e9ez sans effort des sites Web r\u00e9actifs qui ont fi\u00e8re allure sur n&rsquo;importe quel appareil<\/li>\n<li>Gagnez du temps avec des mod\u00e8les et des dispositions pr\u00e9d\u00e9finies pour relancer votre processus de conception<\/li>\n<li>Profitez d&rsquo;une exp\u00e9rience utilisateur sans couture avec une interface intuitive et conviviale<\/li>\n<li>Augmentez votre productivit\u00e9 et votre efficacit\u00e9 avec les fonctionnalit\u00e9s de conception avanc\u00e9es de Divi Essential<\/li>\n<li>Obtenez des r\u00e9sultats d&rsquo;apparence professionnelle sans avoir besoin de comp\u00e9tences ou de connaissances de conception \u00e9tendues<\/li>\n<li>Recevez un excellent support client et des mises \u00e0 jour en cours pour garder vos conceptions fra\u00eeches et \u00e0 jour<\/li>\n<li>Rejoignez une communaut\u00e9 florissante de designers et d&rsquo;entrepreneurs qui utilisent Divi Essential pour \u00e9lever leurs conceptions Web.<\/li>\n<\/ul>\n","protected":false},"excerpt":{"rendered":"<p>Lib\u00e9rez votre cr\u00e9ativit\u00e9 avec Divi Essential, l&rsquo;outil de conception tout-en-un con\u00e7u pour catapulter vos capacit\u00e9s de conception Web \u00e0 de nouveaux sommets. Cette puissante bo\u00eete \u00e0 outils englobe une multitude de fonctionnalit\u00e9s premium qui simplifient le processus de conception, ce qui en fait un essentiel absolu pour les d\u00e9butants et les professionnels chevronn\u00e9s.<\/p>\n<p>Avec Divi Essential, vous pouvez cr\u00e9er des sites Web \u00e9tonnants et r\u00e9actifs avec facilit\u00e9, gr\u00e2ce \u00e0 son interface conviviale et \u00e0 ses fonctionnalit\u00e9s robustes. Il propose une suite compl\u00e8te d&rsquo;outils cr\u00e9atifs, y compris des dispositions pr\u00e9-faites, des mod\u00e8les personnalisables, des param\u00e8tres de conception avanc\u00e9s et une pl\u00e9thore de graphiques de haute qualit\u00e9. Ces attributs vous permettent de concevoir des sites Web uniques qui capturent vraiment l&rsquo;essence de votre marque et d&rsquo;engager votre public.<\/p>\n<p>De plus, Divi Essential pr\u00e9sente une int\u00e9gration transparente avec des plates-formes populaires, ce qui en fait un outil polyvalent qui peut s&rsquo;adapter \u00e0 vos besoins sp\u00e9cifiques. Ses performances exceptionnelles garantissent que vos sites Web se chargent rapidement, am\u00e9liorant l&rsquo;exp\u00e9rience utilisateur et augmentant le classement SEO de votre site.<\/p>\n<p>Que vous visiez \u00e0 cr\u00e9er un blog minimaliste ou un site de commerce \u00e9lectronique complexe, Divi Essential est \u00e9quip\u00e9 de tous les<\/p>\n","protected":false},"featured_media":143544,"comment_status":"open","ping_status":"open","template":"","meta":[],"product_brand":[2511],"product_cat":[1189,1181,1186],"product_tag":[1261],"class_list":{"0":"post-113310","1":"product","2":"type-product","3":"status-publish","4":"has-post-thumbnail","6":"product_brand-elegant-themes","7":"product_cat-personnalisation","8":"product_cat-plugins","9":"product_cat-wordpress-plugins","10":"product_tag-elegant-themes","11":"member-discount","12":"discount-restricted","14":"first","15":"instock","16":"sale","17":"downloadable","18":"virtual","19":"sold-individually","20":"purchasable","21":"product-type-simple"},"_links":{"self":[{"href":"https:\/\/gpl-love.com\/fr\/wp-json\/wp\/v2\/product\/113310","targetHints":{"allow":["GET"]}}],"collection":[{"href":"https:\/\/gpl-love.com\/fr\/wp-json\/wp\/v2\/product"}],"about":[{"href":"https:\/\/gpl-love.com\/fr\/wp-json\/wp\/v2\/types\/product"}],"replies":[{"embeddable":true,"href":"https:\/\/gpl-love.com\/fr\/wp-json\/wp\/v2\/comments?post=113310"}],"wp:featuredmedia":[{"embeddable":true,"href":"https:\/\/gpl-love.com\/fr\/wp-json\/wp\/v2\/media\/143544"}],"wp:attachment":[{"href":"https:\/\/gpl-love.com\/fr\/wp-json\/wp\/v2\/media?parent=113310"}],"wp:term":[{"taxonomy":"product_brand","embeddable":true,"href":"https:\/\/gpl-love.com\/fr\/wp-json\/wp\/v2\/product_brand?post=113310"},{"taxonomy":"product_cat","embeddable":true,"href":"https:\/\/gpl-love.com\/fr\/wp-json\/wp\/v2\/product_cat?post=113310"},{"taxonomy":"product_tag","embeddable":true,"href":"https:\/\/gpl-love.com\/fr\/wp-json\/wp\/v2\/product_tag?post=113310"}],"curies":[{"name":"wp","href":"https:\/\/api.w.org\/{rel}","templated":true}]}}