{"id":113308,"date":"2025-10-02T00:00:00","date_gmt":"2025-10-01T22:00:00","guid":{"rendered":"http:\/\/gpl-love.com\/fr\/produit\/prelude-creative-multipurpose-wordpress-theme\/"},"modified":"2026-04-10T18:36:52","modified_gmt":"2026-04-10T16:36:52","slug":"prelude-creative-multipurpose-wordpress-theme","status":"publish","type":"product","link":"https:\/\/gpl-love.com\/fr\/produit\/prelude-creative-multipurpose-wordpress-theme\/","title":{"rendered":"Prelude Creative Multipurpose WordPress Theme 1.29"},"content":{"rendered":"<h3>Prelude Creative Multipurpose WordPress Theme Traits<\/h3>\n<p>Le th\u00e8me WordPress polyvalent pr\u00e9lude cr\u00e9atif se distingue comme un instrument exceptionnellement adaptable et fluide pour construire sans effort des sites Web visuellement fascinants. Ce th\u00e8me arrive avec un \u00e9ventail diversifi\u00e9 de composants de conception personnalisables, comprenant plus de 30 options distinctes pour les dispositions de page d&rsquo;accueil et un assortiment de mod\u00e8les de pages pr\u00e9-con\u00e7us. De plus, ce th\u00e8me garantit que votre site Web reste enti\u00e8rement r\u00e9actif, garantissant ainsi son apparence exquise sur n&rsquo;importe quel appareil. Avec l&rsquo;inclusion de fonctionnalit\u00e9s puissantes telles que le constructeur de pages de glisser-d\u00e9poser, les zones de widget personnalis\u00e9es et les options de th\u00e8me \u00e9tendues, le processus de fabrication d&rsquo;un site Web de calibre professionnel n&rsquo;a jamais \u00e9t\u00e9 aussi sans effort. Que vous vous efforciez de fabriquer un portefeuille en ligne, un site Web d&rsquo;entreprise ou un blog intime, le th\u00e8me WordPress multipurpose pr\u00e9lude cr\u00e9atif appara\u00eet comme une s\u00e9lection id\u00e9ale pour atteindre vos objectifs avec succ\u00e8s.<\/p>\n<ul>\n<li>Conception enti\u00e8rement personnalisable avec panneau d&rsquo;options faciles \u00e0 utiliser<\/li>\n<li>Plus de 10 dispositions de page d&rsquo;accueil uniques au choix<\/li>\n<li>Prise en charge multicangue avec compatibilit\u00e9 WPML<\/li>\n<li>WooCommerce pr\u00eat pour l&rsquo;int\u00e9gration des magasins en ligne<\/li>\n<li>100+ pages et mod\u00e8les pr\u00e9-con\u00e7us<\/li>\n<li>Design r\u00e9actif et adapt\u00e9 \u00e0 mobile<\/li>\n<li>SEO optimis\u00e9 pour les classements de moteur de recherche plus \u00e9lev\u00e9s<\/li>\n<li>Int\u00e9gration Google Fonts pour les options de typographie personnalis\u00e9e<\/li>\n<li>Importation de d\u00e9monstration en un clic pour une configuration et une personnalisation faciles<\/li>\n<li>Boutons et widgets de partage des m\u00e9dias sociaux int\u00e9gr\u00e9s<\/li>\n<li>Support client 24\/7 et mises \u00e0 jour r\u00e9guli\u00e8res.<\/li>\n<\/ul>\n","protected":false},"excerpt":{"rendered":"<p>Prelude Creative est un th\u00e8me WordPress incroyablement multiforme et extr\u00eamement puissant qui poss\u00e8de la capacit\u00e9 remarquable \u00e0 servir une multitude d&rsquo;objectifs. Que votre objectif soit de construire un site Web de portefeuille esth\u00e9tiquement agr\u00e9able, un blog engageant et informatif ou un site Web d&rsquo;entreprise captivant, Prelude Creative poss\u00e8de une vaste gamme de fonctionnalit\u00e9s qui r\u00e9pondent \u00e0 ces divers besoins. Avec son design impeccablement \u00e9l\u00e9gant et contemporain, des dispositions hautement personnalisables et une abondance d&rsquo;options flexibles, ce th\u00e8me vous permet de fa\u00e7onner sans effort un site Web qui incarne parfaitement votre identit\u00e9 de marque et vos aspirations visionnaires. De plus, le th\u00e8me a \u00e9t\u00e9 m\u00e9ticuleusement con\u00e7u pour assurer une r\u00e9activit\u00e9 compl\u00e8te, garantissant ainsi que votre site Web d\u00e9gagera de magnificence et de fonctionnalit\u00e9s sur tous les appareils. De plus, l&rsquo;interface du th\u00e8me a \u00e9t\u00e9 soigneusement con\u00e7ue pour \u00eatre exceptionnellement conviviale, et sa documentation compl\u00e8te fournit une assistance inestimable, facilitant l&rsquo;\u00e9tablissement rapide et transparent de votre pr\u00e9sence en ligne.<\/p>\n","protected":false},"featured_media":145009,"comment_status":"open","ping_status":"open","template":"","meta":[],"product_brand":[2433],"product_cat":[1214,1212,1213],"product_tag":[1366],"class_list":{"0":"post-113308","1":"product","2":"type-product","3":"status-publish","4":"has-post-thumbnail","6":"product_brand-themeforest","7":"product_cat-polyvalent","8":"product_cat-themes","9":"product_cat-wordpress-themes","10":"product_tag-themeforest","11":"member-discount","12":"discount-restricted","14":"first","15":"instock","16":"sale","17":"downloadable","18":"virtual","19":"sold-individually","20":"purchasable","21":"product-type-simple"},"_links":{"self":[{"href":"https:\/\/gpl-love.com\/fr\/wp-json\/wp\/v2\/product\/113308","targetHints":{"allow":["GET"]}}],"collection":[{"href":"https:\/\/gpl-love.com\/fr\/wp-json\/wp\/v2\/product"}],"about":[{"href":"https:\/\/gpl-love.com\/fr\/wp-json\/wp\/v2\/types\/product"}],"replies":[{"embeddable":true,"href":"https:\/\/gpl-love.com\/fr\/wp-json\/wp\/v2\/comments?post=113308"}],"wp:featuredmedia":[{"embeddable":true,"href":"https:\/\/gpl-love.com\/fr\/wp-json\/wp\/v2\/media\/145009"}],"wp:attachment":[{"href":"https:\/\/gpl-love.com\/fr\/wp-json\/wp\/v2\/media?parent=113308"}],"wp:term":[{"taxonomy":"product_brand","embeddable":true,"href":"https:\/\/gpl-love.com\/fr\/wp-json\/wp\/v2\/product_brand?post=113308"},{"taxonomy":"product_cat","embeddable":true,"href":"https:\/\/gpl-love.com\/fr\/wp-json\/wp\/v2\/product_cat?post=113308"},{"taxonomy":"product_tag","embeddable":true,"href":"https:\/\/gpl-love.com\/fr\/wp-json\/wp\/v2\/product_tag?post=113308"}],"curies":[{"name":"wp","href":"https:\/\/api.w.org\/{rel}","templated":true}]}}